{"id":13922,"date":"2022-01-27T13:30:54","date_gmt":"2022-01-27T12:30:54","guid":{"rendered":"https:\/\/hotelcabernet.hu\/standard-ketagyas-szoba\/"},"modified":"2026-02-09T17:03:00","modified_gmt":"2026-02-09T16:03:00","slug":"standard-doppelzimmer","status":"publish","type":"page","link":"https:\/\/hotelcabernet.hu\/de\/zimmer-und-preise\/standard-doppelzimmer\/","title":{"rendered":"Standard Doppelzimmer"},"content":{"rendered":"<div class=\"wpb-content-wrapper\"><p>[vc_row css=&#8220;.vc_custom_1603382623615{padding-bottom: 0px !important;}&#8220;][vc_column][vc_column_text css=&#8220;&#8220;]Sie k\u00f6nnen zwischen Zimmer mit Dusche oder Zimmer mit Badewanne w\u00e4hlen. (Bitte solche Bedarfe vorher melden!) Es gibt in dem Zimmer Fernsehapparat, Klimaanlage und K\u00fchlschrank.<\/p>\n<p>Einige Zimmer verf\u00fcgen \u00fcber eine Terrasse oder einen Balkon (gegen Aufpreis). Unsere Zimmer mit Terrasse \u00f6ffnen sich auf eine Innenterrasse, auf der unsere G\u00e4ste gem\u00fctlich ihren Morgenkaffee trinken und dabei die Sonne genie\u00dfen k\u00f6nnen. Unsere beiden Zimmer mit Balkon oder Terrasse blicken auf den Schwarzen Berg. Unsere Zimmer mit Terrasse verf\u00fcgen \u00fcber eine Dusche, die Zimmer mit Balkon gr\u00f6\u00dftenteils \u00fcber eine Badewanne. Diese Zimmer sind gegen Aufpreis verf\u00fcgbar (2.000 HUF \/ Zimmer \/ Nacht). Bitte teilen Sie uns dies im Voraus mit!<\/p>\n<h5><strong>Ab HUF 30.500<\/strong><\/h5>\n<h4><strong>INHALT DES ZIMMERPREISES<\/strong><\/h4>\n<ul>\n<li>Unterkunft mit Fr\u00fchst\u00fccks B\u00fcfett*;<\/li>\n<li>Unbegrenzte Internetbenutzung (Wifi);<\/li>\n<li>Klimaanlage in dem Zimmer;<\/li>\n<li>Kostenlose Benutzung des Billardtisches.<\/li>\n<\/ul>\n<p><a id=\"ketagyas_szobak\"><\/a><br \/>\n*Tipp: Kosten Sie beim Fr\u00fchst\u00fcck die von unseren eigenen Fr\u00fcchten hergestellten Marmeladen und unsere hausgemachte Stifolder! Die Stifolderfertigung hat auf der Weingegend gro\u00dfe Traditionen![\/vc_column_text][\/vc_column][\/vc_row][vc_row][vc_column][vc_row_inner css=&#8220;.vc_custom_1643286780362{padding-bottom: 20px !important;}&#8220;][vc_column_inner width=&#8220;1\/2&#8243;][vc_btn title=&#8220;Ich m\u00f6chte reservieren!&#8220; align=&#8220;right&#8220; link=&#8220;url:https%3A%2F%2Fhotelcabernet.hu%2Fde%2Fhotel%2Freservierung%2F%3Ftipus%3Dfoglalas&#8220;][\/vc_column_inner][vc_column_inner width=&#8220;1\/2&#8243;][vc_btn title=&#8220;Ich bitte um ein Angebot!&#8220; link=&#8220;url:https%3A%2F%2Fhotelcabernet.hu%2Fde%2Fhotel%2Freservierung%2F%3Ftipus%3Dajanlatkeres&#8220;][\/vc_column_inner][\/vc_row_inner][vc_column_text css=&#8220;&#8220;]<\/p>\n<h4><strong>preis des doppelzimmers\u00a0<\/strong><\/h4>\n<table>\n<tbody>\n<tr>\n<td colspan=\"5\" width=\"608\"><\/td>\n<\/tr>\n<tr>\n<td width=\"\"><\/td>\n<td width=\"128\"><strong><span style=\"color: #ad4256;\">Vorauszahlungspreis<\/span><\/strong><\/td>\n<td width=\"113\"><span style=\"color: #ad4256;\"><strong>Fl<\/strong><strong>exibler Preis *<\/strong><\/span><\/td>\n<td width=\"110\"><span style=\"color: #ad4256;\"><strong>Baby Bett<\/strong><\/span><\/td>\n<td width=\"102\"><span style=\"color: #ad4256;\"><strong>Ersatzbett<\/strong><\/span><\/td>\n<\/tr>\n<tr>\n<td width=\"\"><\/td>\n<td width=\"128\"><span style=\"color: #ad4256;\">HUF\/Zimmer\/Nacht<\/span><\/td>\n<td width=\"113\"><span style=\"color: #ad4256;\">HUF\/Zimmer\/Nacht<\/span><\/td>\n<td colspan=\"2\" width=\"212\"><span style=\"color: #ad4256;\">HUF\/Person\/Nacht<\/span><\/td>\n<\/tr>\n<tr>\n<td width=\"\"><strong>Wochenendepreis\u00a0 (F-Sa)<\/strong><\/td>\n<td width=\"128\">HUF 37.900<\/td>\n<td width=\"113\">HUF 41.900<\/td>\n<td width=\"110\">0 Ft<\/td>\n<td width=\"102\">HUF 10.500<\/td>\n<\/tr>\n<tr>\n<td width=\"\"><b>Wochentagspreis (So-Do)<\/b><\/td>\n<td width=\"128\">HUF 30.500<\/td>\n<td width=\"113\">HUF 33.900<\/td>\n<td width=\"110\">0 Ft<\/td>\n<td width=\"102\">HUF 8.500<\/td>\n<\/tr>\n<tr>\n<td width=\"\"><\/td>\n<td width=\"128\"><\/td>\n<td width=\"113\"><\/td>\n<td width=\"110\"><\/td>\n<td width=\"102\"><\/td>\n<\/tr>\n<\/tbody>\n<\/table>\n<h4><strong>preis des einzelzimmers\u00a0<\/strong><\/h4>\n<table>\n<tbody>\n<tr>\n<td colspan=\"5\" width=\"608\"><\/td>\n<\/tr>\n<tr>\n<td width=\"\"><\/td>\n<td width=\"128\"><strong><span style=\"color: #ad4256;\">Vorauszahlungspreis<\/span><\/strong><\/td>\n<td width=\"113\"><span style=\"color: #ad4256;\"><strong>Fl<\/strong><strong>exibler Preis *<\/strong><\/span><\/td>\n<td width=\"110\"><\/td>\n<td width=\"102\"><\/td>\n<\/tr>\n<tr>\n<td width=\"\"><\/td>\n<td width=\"128\"><span style=\"color: #ad4256;\">HUF\/Zimmer\/Nacht<\/span><\/td>\n<td width=\"113\"><span style=\"color: #ad4256;\">HUF\/Zimmer\/Nacht<\/span><\/td>\n<td colspan=\"2\" width=\"212\"><\/td>\n<\/tr>\n<tr>\n<td width=\"\"><strong>Wochenendepreis\u00a0 (F-Sa)<\/strong><\/td>\n<td width=\"128\">HUF 29.600<\/td>\n<td width=\"113\">HUF 32.900<\/td>\n<td width=\"110\"><\/td>\n<td width=\"102\"><\/td>\n<\/tr>\n<tr>\n<td width=\"\"><b>Wochentagspreis (So-Do)<\/b><\/td>\n<td width=\"128\">HUF 23.900<\/td>\n<td width=\"113\">HUF 26.500<\/td>\n<td width=\"110\"><\/td>\n<td width=\"102\"><\/td>\n<\/tr>\n<tr>\n<td width=\"\"><\/td>\n<td width=\"128\"><\/td>\n<td width=\"113\"><\/td>\n<td width=\"110\"><\/td>\n<td width=\"102\"><\/td>\n<\/tr>\n<\/tbody>\n<\/table>\n<p>Zu Sonderzeiten sind unsere Zimmer mit 18 % Aufpreis buchbar. Einzelzimmer sind im Sonderzeitraum nicht buchbar, bzw. Doppelbelegung ist zahlbar f\u00fcr 1 Person. Informationen zu Rabatten, Sonderzeitr\u00e4umen und sonstigen Zuschl\u00e4gen sowie Zahlungsbedingungen finden Sie im Men\u00fc <a href=\"https:\/\/hotelcabernet.hu\/de\/villany-hotel-cabernet\/zahlungsbedingungen\/\">*<strong>PREISE UND ZAHLUNGSBEDINGUNGEN<\/strong><\/a>. Die oben genannten Preise beinhalten die Mehrwertsteuer, jedoch nicht die Kurtaxe, die 450 HUF \/ Person \/ Nacht (\u00fcber 18 Jahre) betr\u00e4gt.[\/vc_column_text][vc_images_carousel images=&#8220;13805,13814,13815,13906,13907,13816&#8243;][\/vc_column][\/vc_row]<\/p>\n<\/div>","protected":false},"excerpt":{"rendered":"<p>[vc_row css=&#8220;.vc_custom_1603382623615{padding-bottom: 0px !important;}&#8220;][vc_column][vc_column_text css=&#8220;&#8220;]Sie k\u00f6nnen zwischen Zimmer mit Dusche oder Zimmer mit Badewanne w\u00e4hlen. (Bitte solche Bedarfe vorher melden!) Es gibt in dem Zimmer Fernsehapparat, Klimaanlage und K\u00fchlschrank. Einige [&hellip;]<\/p>\n","protected":false},"author":5,"featured_media":0,"parent":13944,"menu_order":0,"comment_status":"closed","ping_status":"closed","template":"","meta":{"_acf_changed":false,"footnotes":""},"class_list":["post-13922","page","type-page","status-publish","hentry"],"acf":[],"yoast_head":"<!-- This site is optimized with the Yoast SEO plugin v27.4 - https:\/\/yoast.com\/product\/yoast-seo-wordpress\/ -->\n<title>Standard Doppelzimmer - Hotel Cabernet<\/title>\n<meta name=\"robots\" content=\"index, follow, max-snippet:-1, max-image-preview:large, max-video-preview:-1\" \/>\n<link rel=\"canonical\" href=\"https:\/\/hotelcabernet.hu\/de\/zimmer-und-preise\/standard-doppelzimmer\/\" \/>\n<meta property=\"og:locale\" content=\"de_DE\" \/>\n<meta property=\"og:type\" content=\"article\" \/>\n<meta property=\"og:title\" content=\"Standard Doppelzimmer - Hotel Cabernet\" \/>\n<meta property=\"og:description\" content=\"[vc_row css=&#8220;.vc_custom_1603382623615{padding-bottom: 0px !important;}&#8220;][vc_column][vc_column_text css=&#8220;&#8220;]Sie k\u00f6nnen zwischen Zimmer mit Dusche oder Zimmer mit Badewanne w\u00e4hlen. (Bitte solche Bedarfe vorher melden!) Es gibt in dem Zimmer Fernsehapparat, Klimaanlage und K\u00fchlschrank. Einige [&hellip;]\" \/>\n<meta property=\"og:url\" content=\"https:\/\/hotelcabernet.hu\/de\/zimmer-und-preise\/standard-doppelzimmer\/\" \/>\n<meta property=\"og:site_name\" content=\"Hotel Cabernet\" \/>\n<meta property=\"article:publisher\" content=\"https:\/\/www.facebook.com\/HotelCabernet\/\" \/>\n<meta property=\"article:modified_time\" content=\"2026-02-09T16:03:00+00:00\" \/>\n<meta name=\"twitter:card\" content=\"summary_large_image\" \/>\n<meta name=\"twitter:label1\" content=\"Gesch\u00e4tzte Lesezeit\" \/>\n\t<meta name=\"twitter:data1\" content=\"3\u00a0Minuten\" \/>\n<script type=\"application\/ld+json\" class=\"yoast-schema-graph\">{\"@context\":\"https:\\\/\\\/schema.org\",\"@graph\":[{\"@type\":\"WebPage\",\"@id\":\"https:\\\/\\\/hotelcabernet.hu\\\/de\\\/zimmer-und-preise\\\/standard-doppelzimmer\\\/\",\"url\":\"https:\\\/\\\/hotelcabernet.hu\\\/de\\\/zimmer-und-preise\\\/standard-doppelzimmer\\\/\",\"name\":\"Standard Doppelzimmer - Hotel Cabernet\",\"isPartOf\":{\"@id\":\"https:\\\/\\\/hotelcabernet.hu\\\/#website\"},\"datePublished\":\"2022-01-27T12:30:54+00:00\",\"dateModified\":\"2026-02-09T16:03:00+00:00\",\"breadcrumb\":{\"@id\":\"https:\\\/\\\/hotelcabernet.hu\\\/de\\\/zimmer-und-preise\\\/standard-doppelzimmer\\\/#breadcrumb\"},\"inLanguage\":\"de\",\"potentialAction\":[{\"@type\":\"ReadAction\",\"target\":[\"https:\\\/\\\/hotelcabernet.hu\\\/de\\\/zimmer-und-preise\\\/standard-doppelzimmer\\\/\"]}]},{\"@type\":\"BreadcrumbList\",\"@id\":\"https:\\\/\\\/hotelcabernet.hu\\\/de\\\/zimmer-und-preise\\\/standard-doppelzimmer\\\/#breadcrumb\",\"itemListElement\":[{\"@type\":\"ListItem\",\"position\":1,\"name\":\"Home\",\"item\":\"https:\\\/\\\/hotelcabernet.hu\\\/de\\\/\"},{\"@type\":\"ListItem\",\"position\":2,\"name\":\"Zimmer und Preise\",\"item\":\"https:\\\/\\\/hotelcabernet.hu\\\/de\\\/zimmer-und-preise\\\/\"},{\"@type\":\"ListItem\",\"position\":3,\"name\":\"Standard Doppelzimmer\"}]},{\"@type\":\"WebSite\",\"@id\":\"https:\\\/\\\/hotelcabernet.hu\\\/#website\",\"url\":\"https:\\\/\\\/hotelcabernet.hu\\\/\",\"name\":\"Hotel Cabernet\",\"description\":\"a Mokos Pinc\u00e9szet Borhotele\",\"potentialAction\":[{\"@type\":\"SearchAction\",\"target\":{\"@type\":\"EntryPoint\",\"urlTemplate\":\"https:\\\/\\\/hotelcabernet.hu\\\/?s={search_term_string}\"},\"query-input\":{\"@type\":\"PropertyValueSpecification\",\"valueRequired\":true,\"valueName\":\"search_term_string\"}}],\"inLanguage\":\"de\"}]}<\/script>\n<!-- \/ Yoast SEO plugin. -->","yoast_head_json":{"title":"Standard Doppelzimmer - Hotel Cabernet","robots":{"index":"index","follow":"follow","max-snippet":"max-snippet:-1","max-image-preview":"max-image-preview:large","max-video-preview":"max-video-preview:-1"},"canonical":"https:\/\/hotelcabernet.hu\/de\/zimmer-und-preise\/standard-doppelzimmer\/","og_locale":"de_DE","og_type":"article","og_title":"Standard Doppelzimmer - Hotel Cabernet","og_description":"[vc_row css=&#8220;.vc_custom_1603382623615{padding-bottom: 0px !important;}&#8220;][vc_column][vc_column_text css=&#8220;&#8220;]Sie k\u00f6nnen zwischen Zimmer mit Dusche oder Zimmer mit Badewanne w\u00e4hlen. (Bitte solche Bedarfe vorher melden!) Es gibt in dem Zimmer Fernsehapparat, Klimaanlage und K\u00fchlschrank. Einige [&hellip;]","og_url":"https:\/\/hotelcabernet.hu\/de\/zimmer-und-preise\/standard-doppelzimmer\/","og_site_name":"Hotel Cabernet","article_publisher":"https:\/\/www.facebook.com\/HotelCabernet\/","article_modified_time":"2026-02-09T16:03:00+00:00","twitter_card":"summary_large_image","twitter_misc":{"Gesch\u00e4tzte Lesezeit":"3\u00a0Minuten"},"schema":{"@context":"https:\/\/schema.org","@graph":[{"@type":"WebPage","@id":"https:\/\/hotelcabernet.hu\/de\/zimmer-und-preise\/standard-doppelzimmer\/","url":"https:\/\/hotelcabernet.hu\/de\/zimmer-und-preise\/standard-doppelzimmer\/","name":"Standard Doppelzimmer - Hotel Cabernet","isPartOf":{"@id":"https:\/\/hotelcabernet.hu\/#website"},"datePublished":"2022-01-27T12:30:54+00:00","dateModified":"2026-02-09T16:03:00+00:00","breadcrumb":{"@id":"https:\/\/hotelcabernet.hu\/de\/zimmer-und-preise\/standard-doppelzimmer\/#breadcrumb"},"inLanguage":"de","potentialAction":[{"@type":"ReadAction","target":["https:\/\/hotelcabernet.hu\/de\/zimmer-und-preise\/standard-doppelzimmer\/"]}]},{"@type":"BreadcrumbList","@id":"https:\/\/hotelcabernet.hu\/de\/zimmer-und-preise\/standard-doppelzimmer\/#breadcrumb","itemListElement":[{"@type":"ListItem","position":1,"name":"Home","item":"https:\/\/hotelcabernet.hu\/de\/"},{"@type":"ListItem","position":2,"name":"Zimmer und Preise","item":"https:\/\/hotelcabernet.hu\/de\/zimmer-und-preise\/"},{"@type":"ListItem","position":3,"name":"Standard Doppelzimmer"}]},{"@type":"WebSite","@id":"https:\/\/hotelcabernet.hu\/#website","url":"https:\/\/hotelcabernet.hu\/","name":"Hotel Cabernet","description":"a Mokos Pinc\u00e9szet Borhotele","potentialAction":[{"@type":"SearchAction","target":{"@type":"EntryPoint","urlTemplate":"https:\/\/hotelcabernet.hu\/?s={search_term_string}"},"query-input":{"@type":"PropertyValueSpecification","valueRequired":true,"valueName":"search_term_string"}}],"inLanguage":"de"}]}},"_links":{"self":[{"href":"https:\/\/hotelcabernet.hu\/de\/wp-json\/wp\/v2\/pages\/13922","targetHints":{"allow":["GET"]}}],"collection":[{"href":"https:\/\/hotelcabernet.hu\/de\/wp-json\/wp\/v2\/pages"}],"about":[{"href":"https:\/\/hotelcabernet.hu\/de\/wp-json\/wp\/v2\/types\/page"}],"author":[{"embeddable":true,"href":"https:\/\/hotelcabernet.hu\/de\/wp-json\/wp\/v2\/users\/5"}],"replies":[{"embeddable":true,"href":"https:\/\/hotelcabernet.hu\/de\/wp-json\/wp\/v2\/comments?post=13922"}],"version-history":[{"count":24,"href":"https:\/\/hotelcabernet.hu\/de\/wp-json\/wp\/v2\/pages\/13922\/revisions"}],"predecessor-version":[{"id":27130,"href":"https:\/\/hotelcabernet.hu\/de\/wp-json\/wp\/v2\/pages\/13922\/revisions\/27130"}],"up":[{"embeddable":true,"href":"https:\/\/hotelcabernet.hu\/de\/wp-json\/wp\/v2\/pages\/13944"}],"wp:attachment":[{"href":"https:\/\/hotelcabernet.hu\/de\/wp-json\/wp\/v2\/media?parent=13922"}],"curies":[{"name":"wp","href":"https:\/\/api.w.org\/{rel}","templated":true}]}}