{"id":13932,"date":"2022-01-27T13:46:28","date_gmt":"2022-01-27T12:46:28","guid":{"rendered":"https:\/\/hotelcabernet.hu\/csaladi-emeletes-agyas-szoba\/"},"modified":"2025-05-09T17:26:01","modified_gmt":"2025-05-09T16:26:01","slug":"familienzimmer-etagenbett","status":"publish","type":"page","link":"https:\/\/hotelcabernet.hu\/de\/familienzimmer-etagenbett\/","title":{"rendered":"Familienzimmer mit Etagenbett"},"content":{"rendered":"<div class=\"wpb-content-wrapper\"><p>[vc_row css=&#8220;.vc_custom_1603382623615{padding-bottom: 0px !important;}&#8220;][vc_column][vc_column_text css=&#8220;&#8220;]Dieses Zimmer ist ideal f\u00fcr 2 Erwachsene und 2 Kinder. Es hat auch ein Etagenbett und 2 Standardbetten. Dieses Zimmer verf\u00fcgt \u00fcber ein Badezimmer mit Dusche. Dieses Zimmer verf\u00fcgt \u00fcber ein Badezimmer mit Dusche. Ein Fernseher, eine Klimaanlage und ein K\u00fchlschrank geh\u00f6ren zur Zimmerausstattung.<\/p>\n<h5><strong>AB HUF 41.500<\/strong><\/h5>\n<h4><strong>INHALT DES ZIMMERPREISES<\/strong><\/h4>\n<ul>\n<li>Unterkunft mit Fr\u00fchst\u00fccks B\u00fcfett*;<\/li>\n<li>Unbegrenzte Internetbenutzung (Wifi);<\/li>\n<li>Klimaanlage in dem Zimmer;<\/li>\n<li>Kostenlose Benutzung des Billardtisches.<\/li>\n<\/ul>\n<p><a id=\"ketagyas_szobak\"><\/a><br \/>\n*Tipp: Kosten Sie beim Fr\u00fchst\u00fcck die von unseren eigenen Fr\u00fcchten hergestellten Marmeladen und unsere hausgemachte Stifolder! Die Stifolderfertigung hat auf der Weingegend gro\u00dfe Traditionen![\/vc_column_text][\/vc_column][\/vc_row][vc_row][vc_column][vc_row_inner css=&#8220;.vc_custom_1643286780362{padding-bottom: 20px !important;}&#8220;][vc_column_inner width=&#8220;1\/2&#8243;][vc_btn title=&#8220;Ich m\u00f6chte reservieren!&#8220; align=&#8220;right&#8220; link=&#8220;url:https%3A%2F%2Fhotelcabernet.hu%2Fde%2Fhotel%2Freservierung%2F%3Ftipus%3Dfoglalas&#8220;][\/vc_column_inner][vc_column_inner width=&#8220;1\/2&#8243;][vc_btn title=&#8220;Ich m\u00f6chte um ein Angebot!&#8220; link=&#8220;url:https%3A%2F%2Fhotelcabernet.hu%2Fde%2Fhotel%2Freservierung%2F%3Ftipus%3Dajanlatkeres&#8220;][\/vc_column_inner][\/vc_row_inner][vc_column_text css=&#8220;&#8220;]<\/p>\n<h4><strong>PREIS DES ZIMMERS <\/strong><\/h4>\n<table>\n<tbody>\n<tr>\n<td colspan=\"5\" width=\"608\"><\/td>\n<\/tr>\n<tr>\n<td width=\"\"><\/td>\n<td width=\"128\"><strong>Vorauszahlungspreis<\/strong><\/td>\n<td width=\"110\"><strong>*Flexibler Preis<\/strong><\/td>\n<td width=\"102\"><strong>Ersatzbett<\/strong><\/td>\n<\/tr>\n<tr>\n<td width=\"\"><\/td>\n<td width=\"128\">HUF\/Zimmer\/Nacht<\/td>\n<td width=\"113\">HUF\/Person\/Nacht<\/td>\n<td colspan=\"2\" width=\"212\">HUF\/Person\/Nacht<\/td>\n<\/tr>\n<tr>\n<td width=\"\"><strong>Wochenendepreis\u00a0 (F-Sa)<\/strong><\/td>\n<td width=\"128\">HUF 51.900<\/td>\n<td width=\"113\">HUF 59.900<\/td>\n<td width=\"110\">HUF 9.500<\/td>\n<td width=\"102\"><\/td>\n<\/tr>\n<tr>\n<td width=\"\"><b>Wochentagspreis (So-Do)<\/b><\/td>\n<td width=\"128\">HUF 41.500<\/td>\n<td width=\"113\">HUF 47.900<\/td>\n<td width=\"110\">HUF 8.000<\/td>\n<td width=\"102\"><\/td>\n<\/tr>\n<tr>\n<td width=\"\"><\/td>\n<td width=\"128\"><\/td>\n<td width=\"113\"><\/td>\n<td width=\"110\"><\/td>\n<td width=\"102\"><\/td>\n<\/tr>\n<\/tbody>\n<\/table>\n<p>Zu Sonderzeiten sind unsere Zimmer mit 18 % Aufpreis buchbar. Informationen zu Rabatten, Sonderzeitr\u00e4umen und sonstigen Zuschl\u00e4gen sowie Zahlungsbedingungen finden Sie im Men\u00fc *<a href=\"https:\/\/hotelcabernet.hu\/de\/villany-hotel-cabernet\/zahlungsbedingungen\/\"><strong>PREISE UND ZAHLUNGSBEDINGUNGEN<\/strong><\/a>. Die oben genannten Preise beinhalten die Mehrwertsteuer, jedoch nicht die Kurtaxe, die 450 HUF \/ Person \/ Nacht (\u00fcber 18 Jahre) betr\u00e4gt.[\/vc_column_text][vc_images_carousel images=&#8220;13840,13841,13905,13842,13844,13845,13846,13847,13906,13848&#8243;][\/vc_column][\/vc_row][vc_row][vc_column][\/vc_column][\/vc_row]<\/p>\n<\/div>","protected":false},"excerpt":{"rendered":"<p>[vc_row css=&#8220;.vc_custom_1603382623615{padding-bottom: 0px !important;}&#8220;][vc_column][vc_column_text css=&#8220;&#8220;]Dieses Zimmer ist ideal f\u00fcr 2 Erwachsene und 2 Kinder. Es hat auch ein Etagenbett und 2 Standardbetten. Dieses Zimmer verf\u00fcgt \u00fcber ein Badezimmer mit Dusche. [&hellip;]<\/p>\n","protected":false},"author":5,"featured_media":0,"parent":0,"menu_order":0,"comment_status":"closed","ping_status":"closed","template":"","meta":{"_acf_changed":false,"footnotes":""},"class_list":["post-13932","page","type-page","status-publish","hentry"],"acf":[],"yoast_head":"<!-- This site is optimized with the Yoast SEO plugin v27.5 - https:\/\/yoast.com\/product\/yoast-seo-wordpress\/ -->\n<title>Familienzimmer mit Etagenbett - Hotel Cabernet<\/title>\n<meta name=\"robots\" content=\"index, follow, max-snippet:-1, max-image-preview:large, max-video-preview:-1\" \/>\n<link rel=\"canonical\" href=\"https:\/\/hotelcabernet.hu\/de\/familienzimmer-etagenbett\/\" \/>\n<meta property=\"og:locale\" content=\"de_DE\" \/>\n<meta property=\"og:type\" content=\"article\" \/>\n<meta property=\"og:title\" content=\"Familienzimmer mit Etagenbett - Hotel Cabernet\" \/>\n<meta property=\"og:description\" content=\"[vc_row css=&#8220;.vc_custom_1603382623615{padding-bottom: 0px !important;}&#8220;][vc_column][vc_column_text css=&#8220;&#8220;]Dieses Zimmer ist ideal f\u00fcr 2 Erwachsene und 2 Kinder. Es hat auch ein Etagenbett und 2 Standardbetten. Dieses Zimmer verf\u00fcgt \u00fcber ein Badezimmer mit Dusche. [&hellip;]\" \/>\n<meta property=\"og:url\" content=\"https:\/\/hotelcabernet.hu\/de\/familienzimmer-etagenbett\/\" \/>\n<meta property=\"og:site_name\" content=\"Hotel Cabernet\" \/>\n<meta property=\"article:publisher\" content=\"https:\/\/www.facebook.com\/HotelCabernet\/\" \/>\n<meta property=\"article:modified_time\" content=\"2025-05-09T16:26:01+00:00\" \/>\n<meta name=\"twitter:card\" content=\"summary_large_image\" \/>\n<meta name=\"twitter:label1\" content=\"Gesch\u00e4tzte Lesezeit\" \/>\n\t<meta name=\"twitter:data1\" content=\"2\u00a0Minuten\" \/>\n<script type=\"application\/ld+json\" class=\"yoast-schema-graph\">{\"@context\":\"https:\\\/\\\/schema.org\",\"@graph\":[{\"@type\":\"WebPage\",\"@id\":\"https:\\\/\\\/hotelcabernet.hu\\\/de\\\/familienzimmer-etagenbett\\\/\",\"url\":\"https:\\\/\\\/hotelcabernet.hu\\\/de\\\/familienzimmer-etagenbett\\\/\",\"name\":\"Familienzimmer mit Etagenbett - Hotel Cabernet\",\"isPartOf\":{\"@id\":\"https:\\\/\\\/hotelcabernet.hu\\\/#website\"},\"datePublished\":\"2022-01-27T12:46:28+00:00\",\"dateModified\":\"2025-05-09T16:26:01+00:00\",\"breadcrumb\":{\"@id\":\"https:\\\/\\\/hotelcabernet.hu\\\/de\\\/familienzimmer-etagenbett\\\/#breadcrumb\"},\"inLanguage\":\"de\",\"potentialAction\":[{\"@type\":\"ReadAction\",\"target\":[\"https:\\\/\\\/hotelcabernet.hu\\\/de\\\/familienzimmer-etagenbett\\\/\"]}]},{\"@type\":\"BreadcrumbList\",\"@id\":\"https:\\\/\\\/hotelcabernet.hu\\\/de\\\/familienzimmer-etagenbett\\\/#breadcrumb\",\"itemListElement\":[{\"@type\":\"ListItem\",\"position\":1,\"name\":\"Home\",\"item\":\"https:\\\/\\\/hotelcabernet.hu\\\/de\\\/\"},{\"@type\":\"ListItem\",\"position\":2,\"name\":\"Familienzimmer mit Etagenbett\"}]},{\"@type\":\"WebSite\",\"@id\":\"https:\\\/\\\/hotelcabernet.hu\\\/#website\",\"url\":\"https:\\\/\\\/hotelcabernet.hu\\\/\",\"name\":\"Hotel Cabernet\",\"description\":\"a Mokos Pinc\u00e9szet Borhotele\",\"potentialAction\":[{\"@type\":\"SearchAction\",\"target\":{\"@type\":\"EntryPoint\",\"urlTemplate\":\"https:\\\/\\\/hotelcabernet.hu\\\/?s={search_term_string}\"},\"query-input\":{\"@type\":\"PropertyValueSpecification\",\"valueRequired\":true,\"valueName\":\"search_term_string\"}}],\"inLanguage\":\"de\"}]}<\/script>\n<!-- \/ Yoast SEO plugin. -->","yoast_head_json":{"title":"Familienzimmer mit Etagenbett - Hotel Cabernet","robots":{"index":"index","follow":"follow","max-snippet":"max-snippet:-1","max-image-preview":"max-image-preview:large","max-video-preview":"max-video-preview:-1"},"canonical":"https:\/\/hotelcabernet.hu\/de\/familienzimmer-etagenbett\/","og_locale":"de_DE","og_type":"article","og_title":"Familienzimmer mit Etagenbett - Hotel Cabernet","og_description":"[vc_row css=&#8220;.vc_custom_1603382623615{padding-bottom: 0px !important;}&#8220;][vc_column][vc_column_text css=&#8220;&#8220;]Dieses Zimmer ist ideal f\u00fcr 2 Erwachsene und 2 Kinder. Es hat auch ein Etagenbett und 2 Standardbetten. Dieses Zimmer verf\u00fcgt \u00fcber ein Badezimmer mit Dusche. [&hellip;]","og_url":"https:\/\/hotelcabernet.hu\/de\/familienzimmer-etagenbett\/","og_site_name":"Hotel Cabernet","article_publisher":"https:\/\/www.facebook.com\/HotelCabernet\/","article_modified_time":"2025-05-09T16:26:01+00:00","twitter_card":"summary_large_image","twitter_misc":{"Gesch\u00e4tzte Lesezeit":"2\u00a0Minuten"},"schema":{"@context":"https:\/\/schema.org","@graph":[{"@type":"WebPage","@id":"https:\/\/hotelcabernet.hu\/de\/familienzimmer-etagenbett\/","url":"https:\/\/hotelcabernet.hu\/de\/familienzimmer-etagenbett\/","name":"Familienzimmer mit Etagenbett - Hotel Cabernet","isPartOf":{"@id":"https:\/\/hotelcabernet.hu\/#website"},"datePublished":"2022-01-27T12:46:28+00:00","dateModified":"2025-05-09T16:26:01+00:00","breadcrumb":{"@id":"https:\/\/hotelcabernet.hu\/de\/familienzimmer-etagenbett\/#breadcrumb"},"inLanguage":"de","potentialAction":[{"@type":"ReadAction","target":["https:\/\/hotelcabernet.hu\/de\/familienzimmer-etagenbett\/"]}]},{"@type":"BreadcrumbList","@id":"https:\/\/hotelcabernet.hu\/de\/familienzimmer-etagenbett\/#breadcrumb","itemListElement":[{"@type":"ListItem","position":1,"name":"Home","item":"https:\/\/hotelcabernet.hu\/de\/"},{"@type":"ListItem","position":2,"name":"Familienzimmer mit Etagenbett"}]},{"@type":"WebSite","@id":"https:\/\/hotelcabernet.hu\/#website","url":"https:\/\/hotelcabernet.hu\/","name":"Hotel Cabernet","description":"a Mokos Pinc\u00e9szet Borhotele","potentialAction":[{"@type":"SearchAction","target":{"@type":"EntryPoint","urlTemplate":"https:\/\/hotelcabernet.hu\/?s={search_term_string}"},"query-input":{"@type":"PropertyValueSpecification","valueRequired":true,"valueName":"search_term_string"}}],"inLanguage":"de"}]}},"_links":{"self":[{"href":"https:\/\/hotelcabernet.hu\/de\/wp-json\/wp\/v2\/pages\/13932","targetHints":{"allow":["GET"]}}],"collection":[{"href":"https:\/\/hotelcabernet.hu\/de\/wp-json\/wp\/v2\/pages"}],"about":[{"href":"https:\/\/hotelcabernet.hu\/de\/wp-json\/wp\/v2\/types\/page"}],"author":[{"embeddable":true,"href":"https:\/\/hotelcabernet.hu\/de\/wp-json\/wp\/v2\/users\/5"}],"replies":[{"embeddable":true,"href":"https:\/\/hotelcabernet.hu\/de\/wp-json\/wp\/v2\/comments?post=13932"}],"version-history":[{"count":12,"href":"https:\/\/hotelcabernet.hu\/de\/wp-json\/wp\/v2\/pages\/13932\/revisions"}],"predecessor-version":[{"id":23755,"href":"https:\/\/hotelcabernet.hu\/de\/wp-json\/wp\/v2\/pages\/13932\/revisions\/23755"}],"wp:attachment":[{"href":"https:\/\/hotelcabernet.hu\/de\/wp-json\/wp\/v2\/media?parent=13932"}],"curies":[{"name":"wp","href":"https:\/\/api.w.org\/{rel}","templated":true}]}}