{"id":13944,"date":"2022-01-27T12:14:37","date_gmt":"2022-01-27T11:14:37","guid":{"rendered":"https:\/\/hotelcabernet.hu\/szobak-szerkeszt\/"},"modified":"2025-10-10T08:32:22","modified_gmt":"2025-10-10T07:32:22","slug":"zimmer-und-preise","status":"publish","type":"page","link":"https:\/\/hotelcabernet.hu\/de\/zimmer-und-preise\/","title":{"rendered":"Zimmer und Preise"},"content":{"rendered":"<div class=\"wpb-content-wrapper\"><p>[vc_row css=&#8220;.vc_custom_1603382623615{padding-bottom: 0px !important;}&#8220;][vc_column][vc_column_text css=&#8220;&#8220;]Die angenehme Entspannung sichert das Hotel Cabernet Ihren G\u00e4sten mit 25 gem\u00fctlichen Zimmern (Zweibett-, Dreibettzimmern). Alle Zimmer des Hotels verf\u00fcgen \u00fcber Bad, Fernsehapparat, Telefon, Klima, fallweise Balkon, beziehungsweise Zugang auf die Terrasse. Alle Zimmer des Hotels k\u00f6nnen mit einem Ersatzbett ausgestattet werden und sind Nichtraucherzimmer. Im Hotel ist die Benutzung von Wifi kostenlos. Das Parken ist am \u00f6ffentlichen Raum befindlichen Parkplatz kostenlos.<\/p>\n<h4><strong>INHALT DES ZIMMERPREISES<\/strong><\/h4>\n<ul>\n<li>Unterkunft mit Fr\u00fchst\u00fccks B\u00fcfett*;<\/li>\n<li>Unbegrenzte Internetbenutzung (Wifi);<\/li>\n<li>Klimaanlage in dem Zimmer;<\/li>\n<li>Kostenlose Benutzung des Billardtisches;<\/li>\n<li>MwSt.<\/li>\n<\/ul>\n<p><a id=\"zweibettzimmer\"><\/a><br \/>\n*Tipp: Kosten Sie beim Fr\u00fchst\u00fcck die von unseren eigenen Fr\u00fcchten hergestellten Marmeladen und unsere hausgemachte Stifolder! Die Stifolderfertigung hat auf der Weingegend gro\u00dfe Traditionen![\/vc_column_text][\/vc_column][\/vc_row][vc_row][vc_column][vc_column_text]<\/p>\n<h3 style=\"text-align: left;\"><a href=\"https:\/\/hotelcabernet.hu\/de\/standard-doppelzimmer\/\">Standard Doppelzimmer<\/a><\/h3>\n<p>[\/vc_column_text][\/vc_column][\/vc_row][vc_row][vc_column width=&#8220;1\/2&#8243;][vc_single_image image=&#8220;13805&#8243; img_size=&#8220;full&#8220; onclick=&#8220;custom_link&#8220; img_link_target=&#8220;_blank&#8220; link=&#8220;https:\/\/hotelcabernet.hu\/de\/standard-doppelzimmer\/&#8220;][\/vc_column][vc_column width=&#8220;1\/2&#8243;][vc_column_text]Mit Doppelbett oder zwei getrennten Betten. Sie k\u00f6nnen zwischen Zimmer mit Dusche oder Zimmer mit Badewanne w\u00e4hlen. (Bitte solche Bedarfe vorher melden!) Es gibt in dem Zimmer Fernsehapparat, Klimaanlage und K\u00fchlschrank. Einige Zimmer verf\u00fcgen \u00fcber eine Terrasse oder einen Balkon (gegen Aufpreis). <strong><a href=\"https:\/\/hotelcabernet.hu\/de\/standard-ketagyas-szoba\/\">Weitere Informationen &gt;&gt;<\/a><\/strong>[\/vc_column_text][vc_column_text css=&#8220;&#8220;]<\/p>\n<h5><strong>Ab HUF 27.100<\/strong><\/h5>\n<p>[\/vc_column_text][vc_row_inner][vc_column_inner width=&#8220;1\/2&#8243;][vc_btn title=&#8220;Ich m\u00f6chte reservieren.&#8220; link=&#8220;url:https%3A%2F%2Fhotelcabernet.hu%2Fde%2Fhotel%2Freservierung%2F%3Ftipus%3Dfoglalas&#8220;][\/vc_column_inner][vc_column_inner width=&#8220;1\/2&#8243;][vc_btn title=&#8220;Ich bitte um ein Angebot!&#8220; link=&#8220;url:https%3A%2F%2Fhotelcabernet.hu%2Fde%2Fhotel%2Freservierung%2F%3Ftipus%3Dajanlatkeres&#8220;][\/vc_column_inner][\/vc_row_inner][\/vc_column][\/vc_row][vc_row][vc_column][vc_column_text]<\/p>\n<h3 style=\"text-align: left;\"><a href=\"https:\/\/hotelcabernet.hu\/de\/standard-dreibettzimmer\/\">Standard Dreibettzimmer<\/a><\/h3>\n<p>[\/vc_column_text][\/vc_column][\/vc_row][vc_row][vc_column width=&#8220;1\/2&#8243;][vc_column_text]Unsere Dreibettzimmer verf\u00fcgen \u00fcber ein Badezimmer mit Dusche. Ein Fernsehapparat, eine Klimaanlage und ein K\u00fchlschrank geh\u00f6ren zur Zimmerausstattung.<\/p>\n<p><a href=\"https:\/\/hotelcabernet.hu\/de\/standard-haromagyas-szoba\/\"><b>Weitere Informationen &gt;&gt;<\/b><\/a>[\/vc_column_text][vc_column_text css=&#8220;&#8220;]<\/p>\n<h5><strong>Ab HUF 37.500<\/strong><\/h5>\n<p>[\/vc_column_text][vc_row_inner][vc_column_inner width=&#8220;1\/2&#8243;][vc_btn title=&#8220;Ich m\u00f6chte reservieren.&#8220; link=&#8220;url:https%3A%2F%2Fhotelcabernet.hu%2Fde%2Fhotel%2Freservierung%2F%3Ftipus%3Dfoglalas&#8220;][\/vc_column_inner][vc_column_inner width=&#8220;1\/2&#8243;][vc_btn title=&#8220;Ich bitte um ein Angebot!&#8220; link=&#8220;url:https%3A%2F%2Fhotelcabernet.hu%2Fde%2Fhotel%2Freservierung%2F%3Ftipus%3Dajanlatkeres&#8220;][\/vc_column_inner][\/vc_row_inner][\/vc_column][vc_column width=&#8220;1\/2&#8243;][vc_single_image image=&#8220;13825&#8243; img_size=&#8220;full&#8220; onclick=&#8220;custom_link&#8220; img_link_target=&#8220;_blank&#8220; link=&#8220;https:\/\/hotelcabernet.hu\/de\/standard-dreibettzimmer\/&#8220;][\/vc_column][\/vc_row][vc_row][vc_column offset=&#8220;vc_hidden-lg vc_hidden-md vc_hidden-sm vc_hidden-xs&#8220;][vc_column_text]<\/p>\n<h3 style=\"text-align: left;\"><a href=\"https:\/\/hotelcabernet.hu\/de\/familienzimmer-schlafnische\/\">Familienzimmer mit Schlafnische<\/a><\/h3>\n<p>[\/vc_column_text][\/vc_column][\/vc_row][vc_row][vc_column width=&#8220;1\/2&#8243; offset=&#8220;vc_hidden-lg vc_hidden-md vc_hidden-sm vc_hidden-xs&#8220;][vc_single_image image=&#8220;13832&#8243; img_size=&#8220;full&#8220; onclick=&#8220;custom_link&#8220; img_link_target=&#8220;_blank&#8220; css=&#8220;&#8220; link=&#8220;https:\/\/hotelcabernet.hu\/de\/familienzimmer-schlafnische\/&#8220;][\/vc_column][vc_column width=&#8220;1\/2&#8243; offset=&#8220;vc_hidden-lg vc_hidden-md vc_hidden-sm vc_hidden-xs&#8220;][vc_column_text]Dieses Doppelzimmer verf\u00fcgt \u00fcber eine Schlafnische f\u00fcr Kinder, die bequem Platz f\u00fcr 2 \u00e4ltere oder 3 kleinere Kinder bietet. Das Zimmer kann mit einem weiteren Doppelzimmer verbunden werden, was es zu einer idealen Wahl f\u00fcr zwei Generationen oder eine gr\u00f6\u00dfere Familie macht. <strong><a href=\"https:\/\/hotelcabernet.hu\/de\/csaladi-kuckos-szoba\/\">Weitere Informationen &gt;&gt;<\/a><\/strong>[\/vc_column_text][vc_column_text css=&#8220;&#8220;]<\/p>\n<h5><strong>Ab HUF 41.500<\/strong><\/h5>\n<p>[\/vc_column_text][vc_row_inner][vc_column_inner width=&#8220;1\/2&#8243;][vc_btn title=&#8220;Ich m\u00f6chte reservieren.&#8220; link=&#8220;url:https%3A%2F%2Fhotelcabernet.hu%2Fde%2Fhotel%2Freservierung%2F%3Ftipus%3Dfoglalas&#8220;][\/vc_column_inner][vc_column_inner width=&#8220;1\/2&#8243;][vc_btn title=&#8220;Ich bitte um ein Angebot!&#8220; link=&#8220;url:https%3A%2F%2Fhotelcabernet.hu%2Fde%2Fhotel%2Freservierung%2F%3Ftipus%3Dajanlatkeres&#8220;][\/vc_column_inner][\/vc_row_inner][\/vc_column][\/vc_row][vc_row][vc_column offset=&#8220;vc_hidden-lg vc_hidden-md vc_hidden-sm vc_hidden-xs&#8220;][vc_column_text]<\/p>\n<h3 style=\"text-align: left;\"><a href=\"https:\/\/hotelcabernet.hu\/de\/familienzimmer-etagenbett\/\">Familienzimmer mit Etagenbett<\/a><\/h3>\n<p>[\/vc_column_text][\/vc_column][\/vc_row][vc_row][vc_column width=&#8220;1\/2&#8243; offset=&#8220;vc_hidden-lg vc_hidden-md vc_hidden-sm vc_hidden-xs&#8220;][vc_column_text]Dieses Zimmer ist ideal f\u00fcr 2 Erwachsene und 2 Kinder. Es hat auch ein Etagenbett und 2 Standardbetten. Dieses Zimmer verf\u00fcgt \u00fcber ein Badezimmer mit Dusche.<\/p>\n<p><strong><a href=\"https:\/\/hotelcabernet.hu\/de\/csaladi-emeletes-agyas-szoba\/\">Weitere Informationen &gt;&gt;<\/a><\/strong>[\/vc_column_text][vc_column_text css=&#8220;&#8220;]<\/p>\n<h5><strong>Ab HUF 41.500<\/strong><\/h5>\n<p>[\/vc_column_text][vc_row_inner][vc_column_inner width=&#8220;1\/2&#8243;][vc_btn title=&#8220;Ich m\u00f6chte reservieren.&#8220; link=&#8220;url:https%3A%2F%2Fhotelcabernet.hu%2Fde%2Fhotel%2Freservierung%2F%3Ftipus%3Dfoglalas&#8220;][\/vc_column_inner][vc_column_inner width=&#8220;1\/2&#8243;][vc_btn title=&#8220;Ich bitte um ein Angebot!&#8220; link=&#8220;url:https%3A%2F%2Fhotelcabernet.hu%2Fde%2Fhotel%2Freservierung%2F%3Ftipus%3Dajanlatkeres&#8220;][\/vc_column_inner][\/vc_row_inner][\/vc_column][vc_column width=&#8220;1\/2&#8243; offset=&#8220;vc_hidden-lg vc_hidden-md vc_hidden-sm vc_hidden-xs&#8220;][vc_single_image image=&#8220;13841&#8243; img_size=&#8220;full&#8220; onclick=&#8220;custom_link&#8220; img_link_target=&#8220;_blank&#8220; link=&#8220;https:\/\/hotelcabernet.hu\/de\/familienzimmer-etagenbett\/&#8220;][\/vc_column][\/vc_row]<\/p>\n<\/div>","protected":false},"excerpt":{"rendered":"<p>[vc_row css=&#8220;.vc_custom_1603382623615{padding-bottom: 0px !important;}&#8220;][vc_column][vc_column_text css=&#8220;&#8220;]Die angenehme Entspannung sichert das Hotel Cabernet Ihren G\u00e4sten mit 25 gem\u00fctlichen Zimmern (Zweibett-, Dreibettzimmern). Alle Zimmer des Hotels verf\u00fcgen \u00fcber Bad, Fernsehapparat, Telefon, Klima, fallweise [&hellip;]<\/p>\n","protected":false},"author":5,"featured_media":0,"parent":0,"menu_order":0,"comment_status":"closed","ping_status":"closed","template":"","meta":{"_acf_changed":false,"footnotes":""},"class_list":["post-13944","page","type-page","status-publish","hentry"],"acf":[],"yoast_head":"<!-- This site is optimized with the Yoast SEO plugin v27.4 - https:\/\/yoast.com\/product\/yoast-seo-wordpress\/ -->\n<title>Zimmer und Preise - Hotel Cabernet<\/title>\n<meta name=\"robots\" content=\"index, follow, max-snippet:-1, max-image-preview:large, max-video-preview:-1\" \/>\n<link rel=\"canonical\" href=\"https:\/\/hotelcabernet.hu\/de\/zimmer-und-preise\/\" \/>\n<meta property=\"og:locale\" content=\"de_DE\" \/>\n<meta property=\"og:type\" content=\"article\" \/>\n<meta property=\"og:title\" content=\"Zimmer und Preise - Hotel Cabernet\" \/>\n<meta property=\"og:description\" content=\"[vc_row css=&#8220;.vc_custom_1603382623615{padding-bottom: 0px !important;}&#8220;][vc_column][vc_column_text css=&#8220;&#8220;]Die angenehme Entspannung sichert das Hotel Cabernet Ihren G\u00e4sten mit 25 gem\u00fctlichen Zimmern (Zweibett-, Dreibettzimmern). Alle Zimmer des Hotels verf\u00fcgen \u00fcber Bad, Fernsehapparat, Telefon, Klima, fallweise [&hellip;]\" \/>\n<meta property=\"og:url\" content=\"https:\/\/hotelcabernet.hu\/de\/zimmer-und-preise\/\" \/>\n<meta property=\"og:site_name\" content=\"Hotel Cabernet\" \/>\n<meta property=\"article:publisher\" content=\"https:\/\/www.facebook.com\/HotelCabernet\/\" \/>\n<meta property=\"article:modified_time\" content=\"2025-10-10T07:32:22+00:00\" \/>\n<meta name=\"twitter:card\" content=\"summary_large_image\" \/>\n<meta name=\"twitter:label1\" content=\"Gesch\u00e4tzte Lesezeit\" \/>\n\t<meta name=\"twitter:data1\" content=\"3\u00a0Minuten\" \/>\n<script type=\"application\/ld+json\" class=\"yoast-schema-graph\">{\"@context\":\"https:\\\/\\\/schema.org\",\"@graph\":[{\"@type\":\"WebPage\",\"@id\":\"https:\\\/\\\/hotelcabernet.hu\\\/de\\\/zimmer-und-preise\\\/\",\"url\":\"https:\\\/\\\/hotelcabernet.hu\\\/de\\\/zimmer-und-preise\\\/\",\"name\":\"Zimmer und Preise - Hotel Cabernet\",\"isPartOf\":{\"@id\":\"https:\\\/\\\/hotelcabernet.hu\\\/#website\"},\"datePublished\":\"2022-01-27T11:14:37+00:00\",\"dateModified\":\"2025-10-10T07:32:22+00:00\",\"breadcrumb\":{\"@id\":\"https:\\\/\\\/hotelcabernet.hu\\\/de\\\/zimmer-und-preise\\\/#breadcrumb\"},\"inLanguage\":\"de\",\"potentialAction\":[{\"@type\":\"ReadAction\",\"target\":[\"https:\\\/\\\/hotelcabernet.hu\\\/de\\\/zimmer-und-preise\\\/\"]}]},{\"@type\":\"BreadcrumbList\",\"@id\":\"https:\\\/\\\/hotelcabernet.hu\\\/de\\\/zimmer-und-preise\\\/#breadcrumb\",\"itemListElement\":[{\"@type\":\"ListItem\",\"position\":1,\"name\":\"Home\",\"item\":\"https:\\\/\\\/hotelcabernet.hu\\\/de\\\/\"},{\"@type\":\"ListItem\",\"position\":2,\"name\":\"Zimmer und Preise\"}]},{\"@type\":\"WebSite\",\"@id\":\"https:\\\/\\\/hotelcabernet.hu\\\/#website\",\"url\":\"https:\\\/\\\/hotelcabernet.hu\\\/\",\"name\":\"Hotel Cabernet\",\"description\":\"a Mokos Pinc\u00e9szet Borhotele\",\"potentialAction\":[{\"@type\":\"SearchAction\",\"target\":{\"@type\":\"EntryPoint\",\"urlTemplate\":\"https:\\\/\\\/hotelcabernet.hu\\\/?s={search_term_string}\"},\"query-input\":{\"@type\":\"PropertyValueSpecification\",\"valueRequired\":true,\"valueName\":\"search_term_string\"}}],\"inLanguage\":\"de\"}]}<\/script>\n<!-- \/ Yoast SEO plugin. -->","yoast_head_json":{"title":"Zimmer und Preise - Hotel Cabernet","robots":{"index":"index","follow":"follow","max-snippet":"max-snippet:-1","max-image-preview":"max-image-preview:large","max-video-preview":"max-video-preview:-1"},"canonical":"https:\/\/hotelcabernet.hu\/de\/zimmer-und-preise\/","og_locale":"de_DE","og_type":"article","og_title":"Zimmer und Preise - Hotel Cabernet","og_description":"[vc_row css=&#8220;.vc_custom_1603382623615{padding-bottom: 0px !important;}&#8220;][vc_column][vc_column_text css=&#8220;&#8220;]Die angenehme Entspannung sichert das Hotel Cabernet Ihren G\u00e4sten mit 25 gem\u00fctlichen Zimmern (Zweibett-, Dreibettzimmern). Alle Zimmer des Hotels verf\u00fcgen \u00fcber Bad, Fernsehapparat, Telefon, Klima, fallweise [&hellip;]","og_url":"https:\/\/hotelcabernet.hu\/de\/zimmer-und-preise\/","og_site_name":"Hotel Cabernet","article_publisher":"https:\/\/www.facebook.com\/HotelCabernet\/","article_modified_time":"2025-10-10T07:32:22+00:00","twitter_card":"summary_large_image","twitter_misc":{"Gesch\u00e4tzte Lesezeit":"3\u00a0Minuten"},"schema":{"@context":"https:\/\/schema.org","@graph":[{"@type":"WebPage","@id":"https:\/\/hotelcabernet.hu\/de\/zimmer-und-preise\/","url":"https:\/\/hotelcabernet.hu\/de\/zimmer-und-preise\/","name":"Zimmer und Preise - Hotel Cabernet","isPartOf":{"@id":"https:\/\/hotelcabernet.hu\/#website"},"datePublished":"2022-01-27T11:14:37+00:00","dateModified":"2025-10-10T07:32:22+00:00","breadcrumb":{"@id":"https:\/\/hotelcabernet.hu\/de\/zimmer-und-preise\/#breadcrumb"},"inLanguage":"de","potentialAction":[{"@type":"ReadAction","target":["https:\/\/hotelcabernet.hu\/de\/zimmer-und-preise\/"]}]},{"@type":"BreadcrumbList","@id":"https:\/\/hotelcabernet.hu\/de\/zimmer-und-preise\/#breadcrumb","itemListElement":[{"@type":"ListItem","position":1,"name":"Home","item":"https:\/\/hotelcabernet.hu\/de\/"},{"@type":"ListItem","position":2,"name":"Zimmer und Preise"}]},{"@type":"WebSite","@id":"https:\/\/hotelcabernet.hu\/#website","url":"https:\/\/hotelcabernet.hu\/","name":"Hotel Cabernet","description":"a Mokos Pinc\u00e9szet Borhotele","potentialAction":[{"@type":"SearchAction","target":{"@type":"EntryPoint","urlTemplate":"https:\/\/hotelcabernet.hu\/?s={search_term_string}"},"query-input":{"@type":"PropertyValueSpecification","valueRequired":true,"valueName":"search_term_string"}}],"inLanguage":"de"}]}},"_links":{"self":[{"href":"https:\/\/hotelcabernet.hu\/de\/wp-json\/wp\/v2\/pages\/13944","targetHints":{"allow":["GET"]}}],"collection":[{"href":"https:\/\/hotelcabernet.hu\/de\/wp-json\/wp\/v2\/pages"}],"about":[{"href":"https:\/\/hotelcabernet.hu\/de\/wp-json\/wp\/v2\/types\/page"}],"author":[{"embeddable":true,"href":"https:\/\/hotelcabernet.hu\/de\/wp-json\/wp\/v2\/users\/5"}],"replies":[{"embeddable":true,"href":"https:\/\/hotelcabernet.hu\/de\/wp-json\/wp\/v2\/comments?post=13944"}],"version-history":[{"count":36,"href":"https:\/\/hotelcabernet.hu\/de\/wp-json\/wp\/v2\/pages\/13944\/revisions"}],"predecessor-version":[{"id":26179,"href":"https:\/\/hotelcabernet.hu\/de\/wp-json\/wp\/v2\/pages\/13944\/revisions\/26179"}],"wp:attachment":[{"href":"https:\/\/hotelcabernet.hu\/de\/wp-json\/wp\/v2\/media?parent=13944"}],"curies":[{"name":"wp","href":"https:\/\/api.w.org\/{rel}","templated":true}]}}