{"id":2419,"date":"2016-07-29T22:35:55","date_gmt":"2016-07-29T21:35:55","guid":{"rendered":"https:\/\/hotelcabernet.hu\/?page_id=2419&#038;lang=de"},"modified":"2025-07-18T08:30:49","modified_gmt":"2025-07-18T07:30:49","slug":"mokos-weine-villany-weingebiet","status":"publish","type":"page","link":"https:\/\/hotelcabernet.hu\/de\/mokos-weine-villany-weingebiet\/","title":{"rendered":"Mokos Weine"},"content":{"rendered":"<div class=\"wpb-content-wrapper\"><p>[vc_row][vc_column][vc_column_text]<\/p>\n<h4><strong>wo sind die weine erh\u00e4ltlich?<\/strong><\/h4>\n<p style=\"text-align: justify;\">Wenn Ihnen die im Hotel Cabernet gekosteten Weine (die Weine der Mokos Kellerei, unserer Familienkellerei) geschmeckt haben, dann haben Sie im Sp\u00e4teren die M\u00f6glichkeit, in unserem Hotel oder in unserer Kellerei Weine zu kaufen, oder die Weine k\u00f6nnen auch in unserem <a href=\"http:\/\/www.mokos.hu\/webshop\">WEBSHOP<\/a> bestellt werden. Wir m\u00f6chten Sie darauf aufmerksam machen, dass unsere Weine zum g\u00fcnstigsten Preis unsere Hotelg\u00e4ste kaufen k\u00f6nnen, im Fall von Kauf am Ort (Hotel Cabernet)!<\/p>\n<p style=\"text-align: justify;\">In unserem Hotel k\u00f6nnen Sie an allen Tagen der Woche, von 8.00 bis 21.30 Uhr haben Sie die M\u00f6glichkeit, Weine zu kaufen. Insofern Sie in unserer Kellerei in Palkonya gerne kaufen m\u00f6chten, rufen Sie bitte auf jeden Fall im Voraus wegen der \u00d6ffnungszeiten an (im Allgemeinen von 8 bis 18)!<\/p>\n\t\t<div style=\"clear:both\"><\/div>\n\t\t<div class=\"psgal_wrap\">\n\t\t\t<div id=\"psgal_2419_1\" data-psgal_id=\"2419_1\" data-psgal_container_id=\"container_2419_1\" data-psgal_thumbnail_width=\"380\" data-psgal_use_masonary=\"0\" class=\"psgal-inline psgal gallery-columns-3 gallery-size-large use_masonry_ show_captions_1\" itemscope itemtype=\"http:\/\/schema.org\/ImageGallery\">\n\t\t\t\t\t\t\t\t\t\t<figure class=\"msnry_items\" itemscope itemtype=\"http:\/\/schema.org\/ImageObject\" style=\"width:380px;\">\n\t\t\t\t\t\t\t<a href=\"https:\/\/hotelcabernet.hu\/wp-content\/uploads\/2016\/06\/mokos_pinceszet_birtoklatogatas_villanyi_borvidek_pinces\u00e9ta-e1632402451826.jpg\" itemprop=\"contentUrl\" data-size=\"1378x910\" data-caption=\"A Mokos pinc\u00e9szet \u00e9p\u00fclete Palkony\u00e1n\" style=\"height:244.2px;\">\n\t\t\t\t\t\t\t\t<img decoding=\"async\" class=\"msnry_thumb\" src=\"https:\/\/hotelcabernet.hu\/wp-content\/uploads\/2016\/06\/mokos_pinceszet_birtoklatogatas_villanyi_borvidek_pinces\u00e9ta-e1632402451826-300x198.jpg\" itemprop=\"thumbnail\" alt=\"A Mokos pinc\u00e9szet \u00e9p\u00fclete Palkony\u00e1n\" \/>\n\t\t\t\t\t\t\t<\/a>\n\t\t\t\t\t\t\t\t\t\t\t\t\t\t<figcaption class=\"photoswipe-gallery-caption\" style=\" \">A Mokos pinc\u00e9szet \u00e9p\u00fclete Palkony\u00e1n<\/figcaption>\n\n\t\t\t\t\t\t<\/figure>\n\t\t\t\t\t\t\t\t\t\t<figure class=\"msnry_items\" itemscope itemtype=\"http:\/\/schema.org\/ImageObject\" style=\"width:380px;\">\n\t\t\t\t\t\t\t<a href=\"https:\/\/hotelcabernet.hu\/wp-content\/uploads\/2016\/06\/mokos_boros_csapatepito_program_villanyi_borvidek.jpg\" itemprop=\"contentUrl\" data-size=\"1800x1198\" data-caption=\"\" style=\"height:246.34210526316px;\">\n\t\t\t\t\t\t\t\t<img decoding=\"async\" class=\"msnry_thumb\" src=\"https:\/\/hotelcabernet.hu\/wp-content\/uploads\/2016\/06\/mokos_boros_csapatepito_program_villanyi_borvidek.jpg\" itemprop=\"thumbnail\" alt=\"Egy f\u00e9rfi k\u00e9kfrankost t\u00f6lt Mokos pinc\u00e9szet felirat\u00fa poharakba\" \/>\n\t\t\t\t\t\t\t<\/a>\n\t\t\t\t\t\t\t\t\t\t\t\t\t\t<figcaption class=\"photoswipe-gallery-caption\" style=\" \"><\/figcaption>\n\n\t\t\t\t\t\t<\/figure>\n\t\t\t\t\t\t\t\t\t\t<figure class=\"msnry_items\" itemscope itemtype=\"http:\/\/schema.org\/ImageObject\" style=\"width:380px;\">\n\t\t\t\t\t\t\t<a href=\"https:\/\/hotelcabernet.hu\/wp-content\/uploads\/2016\/06\/mokos_borterasz_palkonya_villanyi_bortura.jpg\" itemprop=\"contentUrl\" data-size=\"1800x1202\" data-caption=\"\" style=\"height:246.82894736842px;\">\n\t\t\t\t\t\t\t\t<img decoding=\"async\" class=\"msnry_thumb\" src=\"https:\/\/hotelcabernet.hu\/wp-content\/uploads\/2016\/06\/mokos_borterasz_palkonya_villanyi_bortura.jpg\" itemprop=\"thumbnail\" alt=\"Fiatal t\u00e1rsas\u00e1g a Mokos pinc\u00e9szet terasz\u00e1n \u00fclve bort iszogat a naps\u00fct\u00e9sben\" \/>\n\t\t\t\t\t\t\t<\/a>\n\t\t\t\t\t\t\t\t\t\t\t\t\t\t<figcaption class=\"photoswipe-gallery-caption\" style=\" \"><\/figcaption>\n\n\t\t\t\t\t\t<\/figure>\n\t\t\t\t\t\t\t<\/div>\n\t\t<\/div>\n\t\t<div style='clear:both'><\/div>\n\n<h4><strong>\u00fcber die kellerei<br \/>\n<\/strong><\/h4>\n<p>Unsere Familienkellerei ist seit 3 Generationen im Leben der Villanyer Weingegend bereits auf zwei Ortschaften vertreten: in Palkonya und in Vill\u00e1nyk\u00f6vesd. Den gro\u00dfen Umbruch brachte in unserer Kellerei das Jahr 2003, als Mokos G\u00e1bor in Palkonya im Weingartenviertel 15 Ha Weinreben anzubauen begann und das erg\u00e4nzte er mit den Reben aus Vill\u00e1nyk\u00f6vesd, die er von unseren Vorfahren erbte. Zwar schufen wir seitdem keine gr\u00f6\u00dferen Gebiete, wir fingen mit anderen Entwicklungen an, wir setzten es f\u00fcr unser Ziel, dass wir das Leben der kleineren Ortschaften der Weingegend aufmuntern.<\/p>\n<p>Auf unseren Weintraubengebieten sind die f\u00fcr die Region charakteristischen einheimischen und internationalen Sorten (Portugieser, Blaufr\u00e4nkisch, Pinot Noir, Cabernet Franc, Cabernet Sauvignon, Merlot) zu finden. Dank der L\u00f6ss- und der Rotgneiserde, des submediterranen Klimas und der \u00fcberdurchschnittlichen Erntebeschr\u00e4nkung fertigen wir Villanyer klassische und Premiumweine, ab dem Jahr 2008 j\u00e4hrlich ca. 70000 Flaschen.<\/p>\n<p>Unsere Kellerei besch\u00e4ftigt sich au\u00dferhalb der Fertigung der traditionellen Villanyer Rotweine auch mit der Fertigung von Fruchtweinbesonderheiten. Es ist unser nicht verheimlichtes Ziel, dass die Konsumenten diese noch wenig verbreitete Getr\u00e4nk- Kategorie kennenlernen. Wir halten es f\u00fcr wichtig, dass wir unsere Fruchtweine ausschlie\u00dflich aus unseren frischen und feinen Fr\u00fcchten fertigen, ohne Zusatz von Wasser, Farbstoffen und Geschmackverst\u00e4rkern. Der Grundstoff kommt von den feinsten Fr\u00fcchten unseres Obstgebietes mit 45 Ha. Die Technologie \u00e4hnelt sehr dem aus klassischen Traubenobst gegorenen Wein: wir lesen reife Fr\u00fcchte, die wir sofort zur Aufarbeitungsstelle liefern. Das Entkernen der frisch gepfl\u00fcckten Fr\u00fcchte geschieht innerhalb 20 Minuten nach der Weinlese. Danach folgt das G\u00e4ren in einem von Oxygen verschlossenen Umfeld, damit die frischen Geschm\u00e4cke erhalten werden k\u00f6nnen. Die Mehrheit unserer Fruchtweine ist s\u00fc\u00df, aber wenn Sie die trockenen Weine bevorzugen, kosten Sie bitte unseren im Barrique Fass gereiften Weichselwein!<\/p>\n<p>Unsere Kellerei 2012\/13 einen neueren, ganz gro\u00dfen Schwung. Gegen\u00fcber der wundersch\u00f6nen Kellerreihe in Palkonya, am Berghang \u00fcber den Fischerteichen wurde ein wundersch\u00f6nes Keller- Theater geboren, wo Wein und Kultur zusammentreffen. Dieser 2000 Quadratmeter gro\u00dfe Kellerei ist das Spektakel der ganzen Weingegend. Im Restaurant ist neben der modernen Weinfertigungstechnologie, der Barrique Fassreifanlage, neben dem Weinverkostungsraum f\u00fcr 120 Personen auch eine Terrasse fertig geworden, die \u00fcber eine einzigartige Aussicht verf\u00fcgt. Die Beziehung zwischen den Weinen und der Kultur wird durch ein Theater mit 320 Zuschauerpl\u00e4tzen und einen Veranstaltungsraum enger gekn\u00fcpft, wo wir bunte und spannende Programme veranstalten.<\/p>\n<p>Weitere Information: www.mokos.hu<\/p>\n<h4><strong>Erreichbarkeit<\/strong><\/h4>\n<p>Adresse des Kellerbetriebs: Mokos Pinc\u00e9szet, 7771, Palkonya, Hegyalja \u00fat 1.<br \/>\nBetreiber: K\u00f6rpince Kft.<br \/>\nTelefonnummer: +36-72-200-201<\/p>\n<p>Weinbestellung: rendeles@mokos.hu<br \/>\nOrganisation von Veranstaltungen: szervezes@mokos.hu<br \/>\nMarketing: marketing@mokos.hu<br \/>\nIn sonstigen Angelegenheiten: info@mokos.hu<\/p>\n<p>[\/vc_column_text][\/vc_column][\/vc_row][vc_row][vc_column][vc_column_text]<\/p>\n<p>[\/vc_column_text][\/vc_column][\/vc_row]<\/p>\n<\/div>","protected":false},"excerpt":{"rendered":"<p>[vc_row][vc_column][vc_column_text] wo sind die weine erh\u00e4ltlich? Wenn Ihnen die im Hotel Cabernet gekosteten Weine (die Weine der Mokos Kellerei, unserer Familienkellerei) geschmeckt haben, dann haben Sie im Sp\u00e4teren die M\u00f6glichkeit, [&hellip;]<\/p>\n","protected":false},"author":2,"featured_media":0,"parent":0,"menu_order":0,"comment_status":"closed","ping_status":"closed","template":"","meta":{"_acf_changed":false,"footnotes":""},"class_list":["post-2419","page","type-page","status-publish","hentry"],"acf":[],"yoast_head":"<!-- This site is optimized with the Yoast SEO plugin v27.4 - https:\/\/yoast.com\/product\/yoast-seo-wordpress\/ -->\n<title>Mokos Weine - Hotel Cabernet<\/title>\n<meta name=\"robots\" content=\"index, follow, max-snippet:-1, max-image-preview:large, max-video-preview:-1\" \/>\n<link rel=\"canonical\" href=\"https:\/\/hotelcabernet.hu\/de\/mokos-weine-villany-weingebiet\/\" \/>\n<meta property=\"og:locale\" content=\"de_DE\" \/>\n<meta property=\"og:type\" content=\"article\" \/>\n<meta property=\"og:title\" content=\"Mokos Weine - Hotel Cabernet\" \/>\n<meta property=\"og:description\" content=\"[vc_row][vc_column][vc_column_text] wo sind die weine erh\u00e4ltlich? Wenn Ihnen die im Hotel Cabernet gekosteten Weine (die Weine der Mokos Kellerei, unserer Familienkellerei) geschmeckt haben, dann haben Sie im Sp\u00e4teren die M\u00f6glichkeit, [&hellip;]\" \/>\n<meta property=\"og:url\" content=\"https:\/\/hotelcabernet.hu\/de\/mokos-weine-villany-weingebiet\/\" \/>\n<meta property=\"og:site_name\" content=\"Hotel Cabernet\" \/>\n<meta property=\"article:publisher\" content=\"https:\/\/www.facebook.com\/HotelCabernet\/\" \/>\n<meta property=\"article:modified_time\" content=\"2025-07-18T07:30:49+00:00\" \/>\n<meta name=\"twitter:card\" content=\"summary_large_image\" \/>\n<meta name=\"twitter:label1\" content=\"Gesch\u00e4tzte Lesezeit\" \/>\n\t<meta name=\"twitter:data1\" content=\"4\u00a0Minuten\" \/>\n<script type=\"application\/ld+json\" class=\"yoast-schema-graph\">{\"@context\":\"https:\\\/\\\/schema.org\",\"@graph\":[{\"@type\":\"WebPage\",\"@id\":\"https:\\\/\\\/hotelcabernet.hu\\\/de\\\/mokos-weine-villany-weingebiet\\\/\",\"url\":\"https:\\\/\\\/hotelcabernet.hu\\\/de\\\/mokos-weine-villany-weingebiet\\\/\",\"name\":\"Mokos Weine - Hotel Cabernet\",\"isPartOf\":{\"@id\":\"https:\\\/\\\/hotelcabernet.hu\\\/#website\"},\"datePublished\":\"2016-07-29T21:35:55+00:00\",\"dateModified\":\"2025-07-18T07:30:49+00:00\",\"breadcrumb\":{\"@id\":\"https:\\\/\\\/hotelcabernet.hu\\\/de\\\/mokos-weine-villany-weingebiet\\\/#breadcrumb\"},\"inLanguage\":\"de\",\"potentialAction\":[{\"@type\":\"ReadAction\",\"target\":[\"https:\\\/\\\/hotelcabernet.hu\\\/de\\\/mokos-weine-villany-weingebiet\\\/\"]}]},{\"@type\":\"BreadcrumbList\",\"@id\":\"https:\\\/\\\/hotelcabernet.hu\\\/de\\\/mokos-weine-villany-weingebiet\\\/#breadcrumb\",\"itemListElement\":[{\"@type\":\"ListItem\",\"position\":1,\"name\":\"Home\",\"item\":\"https:\\\/\\\/hotelcabernet.hu\\\/de\\\/\"},{\"@type\":\"ListItem\",\"position\":2,\"name\":\"Mokos Weine\"}]},{\"@type\":\"WebSite\",\"@id\":\"https:\\\/\\\/hotelcabernet.hu\\\/#website\",\"url\":\"https:\\\/\\\/hotelcabernet.hu\\\/\",\"name\":\"Hotel Cabernet\",\"description\":\"a Mokos Pinc\u00e9szet Borhotele\",\"potentialAction\":[{\"@type\":\"SearchAction\",\"target\":{\"@type\":\"EntryPoint\",\"urlTemplate\":\"https:\\\/\\\/hotelcabernet.hu\\\/?s={search_term_string}\"},\"query-input\":{\"@type\":\"PropertyValueSpecification\",\"valueRequired\":true,\"valueName\":\"search_term_string\"}}],\"inLanguage\":\"de\"}]}<\/script>\n<!-- \/ Yoast SEO plugin. -->","yoast_head_json":{"title":"Mokos Weine - Hotel Cabernet","robots":{"index":"index","follow":"follow","max-snippet":"max-snippet:-1","max-image-preview":"max-image-preview:large","max-video-preview":"max-video-preview:-1"},"canonical":"https:\/\/hotelcabernet.hu\/de\/mokos-weine-villany-weingebiet\/","og_locale":"de_DE","og_type":"article","og_title":"Mokos Weine - Hotel Cabernet","og_description":"[vc_row][vc_column][vc_column_text] wo sind die weine erh\u00e4ltlich? Wenn Ihnen die im Hotel Cabernet gekosteten Weine (die Weine der Mokos Kellerei, unserer Familienkellerei) geschmeckt haben, dann haben Sie im Sp\u00e4teren die M\u00f6glichkeit, [&hellip;]","og_url":"https:\/\/hotelcabernet.hu\/de\/mokos-weine-villany-weingebiet\/","og_site_name":"Hotel Cabernet","article_publisher":"https:\/\/www.facebook.com\/HotelCabernet\/","article_modified_time":"2025-07-18T07:30:49+00:00","twitter_card":"summary_large_image","twitter_misc":{"Gesch\u00e4tzte Lesezeit":"4\u00a0Minuten"},"schema":{"@context":"https:\/\/schema.org","@graph":[{"@type":"WebPage","@id":"https:\/\/hotelcabernet.hu\/de\/mokos-weine-villany-weingebiet\/","url":"https:\/\/hotelcabernet.hu\/de\/mokos-weine-villany-weingebiet\/","name":"Mokos Weine - Hotel Cabernet","isPartOf":{"@id":"https:\/\/hotelcabernet.hu\/#website"},"datePublished":"2016-07-29T21:35:55+00:00","dateModified":"2025-07-18T07:30:49+00:00","breadcrumb":{"@id":"https:\/\/hotelcabernet.hu\/de\/mokos-weine-villany-weingebiet\/#breadcrumb"},"inLanguage":"de","potentialAction":[{"@type":"ReadAction","target":["https:\/\/hotelcabernet.hu\/de\/mokos-weine-villany-weingebiet\/"]}]},{"@type":"BreadcrumbList","@id":"https:\/\/hotelcabernet.hu\/de\/mokos-weine-villany-weingebiet\/#breadcrumb","itemListElement":[{"@type":"ListItem","position":1,"name":"Home","item":"https:\/\/hotelcabernet.hu\/de\/"},{"@type":"ListItem","position":2,"name":"Mokos Weine"}]},{"@type":"WebSite","@id":"https:\/\/hotelcabernet.hu\/#website","url":"https:\/\/hotelcabernet.hu\/","name":"Hotel Cabernet","description":"a Mokos Pinc\u00e9szet Borhotele","potentialAction":[{"@type":"SearchAction","target":{"@type":"EntryPoint","urlTemplate":"https:\/\/hotelcabernet.hu\/?s={search_term_string}"},"query-input":{"@type":"PropertyValueSpecification","valueRequired":true,"valueName":"search_term_string"}}],"inLanguage":"de"}]}},"_links":{"self":[{"href":"https:\/\/hotelcabernet.hu\/de\/wp-json\/wp\/v2\/pages\/2419","targetHints":{"allow":["GET"]}}],"collection":[{"href":"https:\/\/hotelcabernet.hu\/de\/wp-json\/wp\/v2\/pages"}],"about":[{"href":"https:\/\/hotelcabernet.hu\/de\/wp-json\/wp\/v2\/types\/page"}],"author":[{"embeddable":true,"href":"https:\/\/hotelcabernet.hu\/de\/wp-json\/wp\/v2\/users\/2"}],"replies":[{"embeddable":true,"href":"https:\/\/hotelcabernet.hu\/de\/wp-json\/wp\/v2\/comments?post=2419"}],"version-history":[{"count":10,"href":"https:\/\/hotelcabernet.hu\/de\/wp-json\/wp\/v2\/pages\/2419\/revisions"}],"predecessor-version":[{"id":25132,"href":"https:\/\/hotelcabernet.hu\/de\/wp-json\/wp\/v2\/pages\/2419\/revisions\/25132"}],"wp:attachment":[{"href":"https:\/\/hotelcabernet.hu\/de\/wp-json\/wp\/v2\/media?parent=2419"}],"curies":[{"name":"wp","href":"https:\/\/api.w.org\/{rel}","templated":true}]}}