{"id":2423,"date":"2016-07-29T22:42:06","date_gmt":"2016-07-29T21:42:06","guid":{"rendered":"https:\/\/hotelcabernet.hu\/?page_id=2423&#038;lang=de"},"modified":"2016-10-27T22:37:09","modified_gmt":"2016-10-27T21:37:09","slug":"erreichbarkeit","status":"publish","type":"page","link":"https:\/\/hotelcabernet.hu\/de\/erreichbarkeit\/","title":{"rendered":"Erreichbarkeit"},"content":{"rendered":"<div class=\"wpb-content-wrapper\"><p>[vc_row][vc_column][vc_column_text]<strong>Kontakt:\u00a0<\/strong><br \/>\nSitz: 7772, Vill\u00e1nyk\u00f6vesd, Pet\u0151fi Strasse 29.<br \/>\nGPS:\u00a045.8803008,18.4262791<br \/>\nTelefonnummer: +36-72-493-200<br \/>\nE-mail: info@hotelcabernet.hu<\/p>\n<p><strong>Firmendaten:<\/strong><br \/>\nSteuernummer: HU23087866<br \/>\nFirmenregister:\u00a002-09-076-752<br \/>\nIBAN: HU26 50400113-11092368-00000000<br \/>\nSWIFT: TAKBHUHB<br \/>\nBank: Moh\u00e1csi Takar\u00e9k Bank Zrt.[\/vc_column_text][\/vc_column][\/vc_row][vc_row][vc_column][vc_gmaps link=&#8220;#E-8_JTNDaWZyYW1lJTIwc3JjJTNEJTIyaHR0cHMlM0ElMkYlMkZ3d3cuZ29vZ2xlLmNvbSUyRm1hcHMlMkZlbWJlZCUzRnBiJTNEJTIxMW0xOCUyMTFtMTIlMjExbTMlMjExZDQ0NDQwLjY4OTg1NDE5MTE5NCUyMTJkMTguMzkwMjI5MDc2MTg4NDMlMjEzZDQ1Ljg4MDQ0OTcxMzU5MjE0JTIxMm0zJTIxMWYwJTIxMmYwJTIxM2YwJTIxM20yJTIxMWkxMDI0JTIxMmk3NjglMjE0ZjEzLjElMjEzbTMlMjExbTIlMjExczB4NDc1ZDMzYzY3NjA4NmI1NSUyNTNBMHg2NjA0NGNjYzlmNDQxNWMlMjEyelZtbHNiTU9oYm5scnc3WjJaWE5rTENCUVpYVEZrV1pwSUhVdUlESTVMQ0EzTnpjeSUyMTVlMCUyMTNtMiUyMTFzaHUlMjEyc2h1JTIxNHYxNDY3MzA1Nzg1ODU0JTIyJTIwd2lkdGglM0QlMjI2MDAlMjIlMjBoZWlnaHQlM0QlMjI0NTAlMjIlMjBmcmFtZWJvcmRlciUzRCUyMjAlMjIlMjBzdHlsZSUzRCUyMmJvcmRlciUzQTAlMjIlMjBhbGxvd2Z1bGxzY3JlZW4lM0UlM0MlMkZpZnJhbWUlM0U=&#8220;][\/vc_column][\/vc_row][vc_row][vc_column][vc_column_text]<\/p>\n<p>[\/vc_column_text][\/vc_column][\/vc_row]<\/p>\n<\/div>","protected":false},"excerpt":{"rendered":"<p>[vc_row][vc_column][vc_column_text]Kontakt:\u00a0 Sitz: 7772, Vill\u00e1nyk\u00f6vesd, Pet\u0151fi Strasse 29. GPS:\u00a045.8803008,18.4262791 Telefonnummer: +36-72-493-200 E-mail: info@hotelcabernet.hu Firmendaten: Steuernummer: HU23087866 Firmenregister:\u00a002-09-076-752 IBAN: HU26 50400113-11092368-00000000 SWIFT: TAKBHUHB Bank: Moh\u00e1csi Takar\u00e9k Bank Zrt.[\/vc_column_text][\/vc_column][\/vc_row][vc_row][vc_column][vc_gmaps link=&#8220;#E-8_JTNDaWZyYW1lJTIwc3JjJTNEJTIyaHR0cHMlM0ElMkYlMkZ3d3cuZ29vZ2xlLmNvbSUyRm1hcHMlMkZlbWJlZCUzRnBiJTNEJTIxMW0xOCUyMTFtMTIlMjExbTMlMjExZDQ0NDQwLjY4OTg1NDE5MTE5NCUyMTJkMTguMzkwMjI5MDc2MTg4NDMlMjEzZDQ1Ljg4MDQ0OTcxMzU5MjE0JTIxMm0zJTIxMWYwJTIxMmYwJTIxM2YwJTIxM20yJTIxMWkxMDI0JTIxMmk3NjglMjE0ZjEzLjElMjEzbTMlMjExbTIlMjExczB4NDc1ZDMzYzY3NjA4NmI1NSUyNTNBMHg2NjA0NGNjYzlmNDQxNWMlMjEyelZtbHNiTU9oYm5scnc3WjJaWE5rTENCUVpYVEZrV1pwSUhVdUlESTVMQ0EzTnpjeSUyMTVlMCUyMTNtMiUyMTFzaHUlMjEyc2h1JTIxNHYxNDY3MzA1Nzg1ODU0JTIyJTIwd2lkdGglM0QlMjI2MDAlMjIlMjBoZWlnaHQlM0QlMjI0NTAlMjIlMjBmcmFtZWJvcmRlciUzRCUyMjAlMjIlMjBzdHlsZSUzRCUyMmJvcmRlciUzQTAlMjIlMjBhbGxvd2Z1bGxzY3JlZW4lM0UlM0MlMkZpZnJhbWUlM0U=&#8220;][\/vc_column][\/vc_row][vc_row][vc_column][vc_column_text] [\/vc_column_text][\/vc_column][\/vc_row]<\/p>\n","protected":false},"author":2,"featured_media":0,"parent":0,"menu_order":0,"comment_status":"closed","ping_status":"closed","template":"","meta":{"_acf_changed":false,"footnotes":""},"class_list":["post-2423","page","type-page","status-publish","hentry"],"acf":[],"yoast_head":"<!-- This site is optimized with the Yoast SEO plugin v27.4 - https:\/\/yoast.com\/product\/yoast-seo-wordpress\/ -->\n<title>Erreichbarkeit - Hotel Cabernet<\/title>\n<meta name=\"robots\" content=\"index, follow, max-snippet:-1, max-image-preview:large, max-video-preview:-1\" \/>\n<link rel=\"canonical\" href=\"https:\/\/hotelcabernet.hu\/de\/villany-hotel-cabernet\/erreichbarkeit\/\" \/>\n<meta property=\"og:locale\" content=\"de_DE\" \/>\n<meta property=\"og:type\" content=\"article\" \/>\n<meta property=\"og:title\" content=\"Erreichbarkeit - Hotel Cabernet\" \/>\n<meta property=\"og:description\" content=\"[vc_row][vc_column][vc_column_text]Kontakt:\u00a0 Sitz: 7772, Vill\u00e1nyk\u00f6vesd, Pet\u0151fi Strasse 29. GPS:\u00a045.8803008,18.4262791 Telefonnummer: +36-72-493-200 E-mail: info@hotelcabernet.hu Firmendaten: Steuernummer: HU23087866 Firmenregister:\u00a002-09-076-752 IBAN: HU26 50400113-11092368-00000000 SWIFT: TAKBHUHB Bank: Moh\u00e1csi Takar\u00e9k Bank Zrt.[\/vc_column_text][\/vc_column][\/vc_row][vc_row][vc_column][vc_gmaps link=&#8220;#E-8_JTNDaWZyYW1lJTIwc3JjJTNEJTIyaHR0cHMlM0ElMkYlMkZ3d3cuZ29vZ2xlLmNvbSUyRm1hcHMlMkZlbWJlZCUzRnBiJTNEJTIxMW0xOCUyMTFtMTIlMjExbTMlMjExZDQ0NDQwLjY4OTg1NDE5MTE5NCUyMTJkMTguMzkwMjI5MDc2MTg4NDMlMjEzZDQ1Ljg4MDQ0OTcxMzU5MjE0JTIxMm0zJTIxMWYwJTIxMmYwJTIxM2YwJTIxM20yJTIxMWkxMDI0JTIxMmk3NjglMjE0ZjEzLjElMjEzbTMlMjExbTIlMjExczB4NDc1ZDMzYzY3NjA4NmI1NSUyNTNBMHg2NjA0NGNjYzlmNDQxNWMlMjEyelZtbHNiTU9oYm5scnc3WjJaWE5rTENCUVpYVEZrV1pwSUhVdUlESTVMQ0EzTnpjeSUyMTVlMCUyMTNtMiUyMTFzaHUlMjEyc2h1JTIxNHYxNDY3MzA1Nzg1ODU0JTIyJTIwd2lkdGglM0QlMjI2MDAlMjIlMjBoZWlnaHQlM0QlMjI0NTAlMjIlMjBmcmFtZWJvcmRlciUzRCUyMjAlMjIlMjBzdHlsZSUzRCUyMmJvcmRlciUzQTAlMjIlMjBhbGxvd2Z1bGxzY3JlZW4lM0UlM0MlMkZpZnJhbWUlM0U=&#8220;][\/vc_column][\/vc_row][vc_row][vc_column][vc_column_text] [\/vc_column_text][\/vc_column][\/vc_row]\" \/>\n<meta property=\"og:url\" content=\"https:\/\/hotelcabernet.hu\/de\/villany-hotel-cabernet\/erreichbarkeit\/\" \/>\n<meta property=\"og:site_name\" content=\"Hotel Cabernet\" \/>\n<meta property=\"article:publisher\" content=\"https:\/\/www.facebook.com\/HotelCabernet\/\" \/>\n<meta property=\"article:modified_time\" content=\"2016-10-27T21:37:09+00:00\" \/>\n<meta name=\"twitter:card\" content=\"summary_large_image\" \/>\n<script type=\"application\/ld+json\" class=\"yoast-schema-graph\">{\"@context\":\"https:\\\/\\\/schema.org\",\"@graph\":[{\"@type\":\"WebPage\",\"@id\":\"https:\\\/\\\/hotelcabernet.hu\\\/de\\\/villany-hotel-cabernet\\\/erreichbarkeit\\\/\",\"url\":\"https:\\\/\\\/hotelcabernet.hu\\\/de\\\/villany-hotel-cabernet\\\/erreichbarkeit\\\/\",\"name\":\"Erreichbarkeit - Hotel Cabernet\",\"isPartOf\":{\"@id\":\"https:\\\/\\\/hotelcabernet.hu\\\/#website\"},\"datePublished\":\"2016-07-29T21:42:06+00:00\",\"dateModified\":\"2016-10-27T21:37:09+00:00\",\"breadcrumb\":{\"@id\":\"https:\\\/\\\/hotelcabernet.hu\\\/de\\\/villany-hotel-cabernet\\\/erreichbarkeit\\\/#breadcrumb\"},\"inLanguage\":\"de\",\"potentialAction\":[{\"@type\":\"ReadAction\",\"target\":[\"https:\\\/\\\/hotelcabernet.hu\\\/de\\\/villany-hotel-cabernet\\\/erreichbarkeit\\\/\"]}]},{\"@type\":\"BreadcrumbList\",\"@id\":\"https:\\\/\\\/hotelcabernet.hu\\\/de\\\/villany-hotel-cabernet\\\/erreichbarkeit\\\/#breadcrumb\",\"itemListElement\":[{\"@type\":\"ListItem\",\"position\":1,\"name\":\"Home\",\"item\":\"https:\\\/\\\/hotelcabernet.hu\\\/de\\\/\"},{\"@type\":\"ListItem\",\"position\":2,\"name\":\"Hotel\",\"item\":\"https:\\\/\\\/hotelcabernet.hu\\\/de\\\/villany-hotel-cabernet\\\/\"},{\"@type\":\"ListItem\",\"position\":3,\"name\":\"Erreichbarkeit\"}]},{\"@type\":\"WebSite\",\"@id\":\"https:\\\/\\\/hotelcabernet.hu\\\/#website\",\"url\":\"https:\\\/\\\/hotelcabernet.hu\\\/\",\"name\":\"Hotel Cabernet\",\"description\":\"a Mokos Pinc\u00e9szet Borhotele\",\"potentialAction\":[{\"@type\":\"SearchAction\",\"target\":{\"@type\":\"EntryPoint\",\"urlTemplate\":\"https:\\\/\\\/hotelcabernet.hu\\\/?s={search_term_string}\"},\"query-input\":{\"@type\":\"PropertyValueSpecification\",\"valueRequired\":true,\"valueName\":\"search_term_string\"}}],\"inLanguage\":\"de\"}]}<\/script>\n<!-- \/ Yoast SEO plugin. -->","yoast_head_json":{"title":"Erreichbarkeit - Hotel Cabernet","robots":{"index":"index","follow":"follow","max-snippet":"max-snippet:-1","max-image-preview":"max-image-preview:large","max-video-preview":"max-video-preview:-1"},"canonical":"https:\/\/hotelcabernet.hu\/de\/villany-hotel-cabernet\/erreichbarkeit\/","og_locale":"de_DE","og_type":"article","og_title":"Erreichbarkeit - Hotel Cabernet","og_description":"[vc_row][vc_column][vc_column_text]Kontakt:\u00a0 Sitz: 7772, Vill\u00e1nyk\u00f6vesd, Pet\u0151fi Strasse 29. GPS:\u00a045.8803008,18.4262791 Telefonnummer: +36-72-493-200 E-mail: info@hotelcabernet.hu Firmendaten: Steuernummer: HU23087866 Firmenregister:\u00a002-09-076-752 IBAN: HU26 50400113-11092368-00000000 SWIFT: TAKBHUHB Bank: Moh\u00e1csi Takar\u00e9k Bank Zrt.[\/vc_column_text][\/vc_column][\/vc_row][vc_row][vc_column][vc_gmaps link=&#8220;#E-8_JTNDaWZyYW1lJTIwc3JjJTNEJTIyaHR0cHMlM0ElMkYlMkZ3d3cuZ29vZ2xlLmNvbSUyRm1hcHMlMkZlbWJlZCUzRnBiJTNEJTIxMW0xOCUyMTFtMTIlMjExbTMlMjExZDQ0NDQwLjY4OTg1NDE5MTE5NCUyMTJkMTguMzkwMjI5MDc2MTg4NDMlMjEzZDQ1Ljg4MDQ0OTcxMzU5MjE0JTIxMm0zJTIxMWYwJTIxMmYwJTIxM2YwJTIxM20yJTIxMWkxMDI0JTIxMmk3NjglMjE0ZjEzLjElMjEzbTMlMjExbTIlMjExczB4NDc1ZDMzYzY3NjA4NmI1NSUyNTNBMHg2NjA0NGNjYzlmNDQxNWMlMjEyelZtbHNiTU9oYm5scnc3WjJaWE5rTENCUVpYVEZrV1pwSUhVdUlESTVMQ0EzTnpjeSUyMTVlMCUyMTNtMiUyMTFzaHUlMjEyc2h1JTIxNHYxNDY3MzA1Nzg1ODU0JTIyJTIwd2lkdGglM0QlMjI2MDAlMjIlMjBoZWlnaHQlM0QlMjI0NTAlMjIlMjBmcmFtZWJvcmRlciUzRCUyMjAlMjIlMjBzdHlsZSUzRCUyMmJvcmRlciUzQTAlMjIlMjBhbGxvd2Z1bGxzY3JlZW4lM0UlM0MlMkZpZnJhbWUlM0U=&#8220;][\/vc_column][\/vc_row][vc_row][vc_column][vc_column_text] [\/vc_column_text][\/vc_column][\/vc_row]","og_url":"https:\/\/hotelcabernet.hu\/de\/villany-hotel-cabernet\/erreichbarkeit\/","og_site_name":"Hotel Cabernet","article_publisher":"https:\/\/www.facebook.com\/HotelCabernet\/","article_modified_time":"2016-10-27T21:37:09+00:00","twitter_card":"summary_large_image","schema":{"@context":"https:\/\/schema.org","@graph":[{"@type":"WebPage","@id":"https:\/\/hotelcabernet.hu\/de\/villany-hotel-cabernet\/erreichbarkeit\/","url":"https:\/\/hotelcabernet.hu\/de\/villany-hotel-cabernet\/erreichbarkeit\/","name":"Erreichbarkeit - Hotel Cabernet","isPartOf":{"@id":"https:\/\/hotelcabernet.hu\/#website"},"datePublished":"2016-07-29T21:42:06+00:00","dateModified":"2016-10-27T21:37:09+00:00","breadcrumb":{"@id":"https:\/\/hotelcabernet.hu\/de\/villany-hotel-cabernet\/erreichbarkeit\/#breadcrumb"},"inLanguage":"de","potentialAction":[{"@type":"ReadAction","target":["https:\/\/hotelcabernet.hu\/de\/villany-hotel-cabernet\/erreichbarkeit\/"]}]},{"@type":"BreadcrumbList","@id":"https:\/\/hotelcabernet.hu\/de\/villany-hotel-cabernet\/erreichbarkeit\/#breadcrumb","itemListElement":[{"@type":"ListItem","position":1,"name":"Home","item":"https:\/\/hotelcabernet.hu\/de\/"},{"@type":"ListItem","position":2,"name":"Hotel","item":"https:\/\/hotelcabernet.hu\/de\/villany-hotel-cabernet\/"},{"@type":"ListItem","position":3,"name":"Erreichbarkeit"}]},{"@type":"WebSite","@id":"https:\/\/hotelcabernet.hu\/#website","url":"https:\/\/hotelcabernet.hu\/","name":"Hotel Cabernet","description":"a Mokos Pinc\u00e9szet Borhotele","potentialAction":[{"@type":"SearchAction","target":{"@type":"EntryPoint","urlTemplate":"https:\/\/hotelcabernet.hu\/?s={search_term_string}"},"query-input":{"@type":"PropertyValueSpecification","valueRequired":true,"valueName":"search_term_string"}}],"inLanguage":"de"}]}},"_links":{"self":[{"href":"https:\/\/hotelcabernet.hu\/de\/wp-json\/wp\/v2\/pages\/2423","targetHints":{"allow":["GET"]}}],"collection":[{"href":"https:\/\/hotelcabernet.hu\/de\/wp-json\/wp\/v2\/pages"}],"about":[{"href":"https:\/\/hotelcabernet.hu\/de\/wp-json\/wp\/v2\/types\/page"}],"author":[{"embeddable":true,"href":"https:\/\/hotelcabernet.hu\/de\/wp-json\/wp\/v2\/users\/2"}],"replies":[{"embeddable":true,"href":"https:\/\/hotelcabernet.hu\/de\/wp-json\/wp\/v2\/comments?post=2423"}],"version-history":[{"count":4,"href":"https:\/\/hotelcabernet.hu\/de\/wp-json\/wp\/v2\/pages\/2423\/revisions"}],"predecessor-version":[{"id":4006,"href":"https:\/\/hotelcabernet.hu\/de\/wp-json\/wp\/v2\/pages\/2423\/revisions\/4006"}],"wp:attachment":[{"href":"https:\/\/hotelcabernet.hu\/de\/wp-json\/wp\/v2\/media?parent=2423"}],"curies":[{"name":"wp","href":"https:\/\/api.w.org\/{rel}","templated":true}]}}