{"id":2428,"date":"2016-07-29T22:52:15","date_gmt":"2016-07-29T21:52:15","guid":{"rendered":"https:\/\/hotelcabernet.hu\/?page_id=2428&#038;lang=de"},"modified":"2025-07-18T07:58:36","modified_gmt":"2025-07-18T06:58:36","slug":"hauptseite","status":"publish","type":"page","link":"https:\/\/hotelcabernet.hu\/de\/","title":{"rendered":"Hauptseite"},"content":{"rendered":"<div class=\"wpb-content-wrapper\"><p>[vc_row css=&#8220;.vc_custom_1463826549283{margin-top: 0px !important;}&#8220;][vc_column][vc_column_text]<\/p>\n<p style=\"text-align: justify;\"><em>&#8222;Wir waren zum zweiten Mal hier und waren mit allem sehr zufrieden. Das Personal ist professionell und hilfsbereit, das Essen ist ausgezeichnet. Besonders das Fr\u00fchst\u00fcck hat mir gut gefallen, alles heimelig und alles sehr speziell. Das Dorf hat eine sch\u00f6ne Kellerstra\u00dfe, wir haben es geliebt. Von unserem Zimmer war eine sehr sch\u00f6ne Aussicht auf die Berge, und es war auch sauber und komfortabel. Danke sch\u00f6n.<\/em><\/p>\n<p style=\"text-align: right;\">Ehepaar, Hamburg, Deutschland<\/p>\n<h2>\u00fcber uns<\/h2>\n<p style=\"text-align: justify;\">Das Hotel Cabernet befindet sich am Fu\u00dfe de dreireihigen, unter Denkmalschutz stehenden\u00a0Villanyk\u00f6vesder Kellerreihe, mit einer wunderbaren Aussicht auf den Fekete Berg. Es ist ein idealer Ausflugsort, nicht nur zur Entdeckung der Keller, aber auch zu der der Weingegend! Wir erwarten unsere lieben\u00a0G\u00e4ste mit 25 niveauvollen Zimmern, mit einem stimmungsvollen Kellerrestaurant und einer Weinterrasse mit Panorama. Wenn Sie in Villany Unterkunft und Erlebnisse unter einem Dach am Fu\u00dfe des Schwarzen Berges suchen, oder wenn Sie statt lauter Touristenscharen eher das Zwitschern der V\u00f6gel anh\u00f6ren w\u00fcrden, dann ist unser Hotel die beste Wahl.<\/p>\n<p style=\"text-align: justify;\">Das Hotel bildet selbst einen Teil der Villanyk\u00f6vesder Kellerreihe, die Wirte des Hauses besch\u00e4ftigten sich einst mit Rebst\u00f6cken und Weinanbau. Wir stellten uns so einen niveauvollen Unterkunftsort ins Geb\u00e4ude einer einst ruin\u00f6sen, altehrw\u00fcrdigen Kurie vor, der neben den der Entspannung, Verladung dienenden Dienstleistungen, Programmen und der sich auf die \u00f6rtlichen Traditionen, Weinkultur bauende Gastronomie eine w\u00fcrdige Grundlage dem \u00fcber eine gro\u00dfe Vergangenheit verf\u00fcgenden Vill\u00e1nyk\u00f6vesder Kellerbetrieb dient, um die wundersch\u00f6ne geschichtliche Landschaft kennenzulernen.<\/p>\n<p style=\"text-align: justify;\">Als Hintergrundschauplatz bereichern all die Sch\u00e4tze des Mokos Familienbesitzes \u2013 seine Fischerteiche, Obstg\u00e4rten, Reitst\u00e4lle \u2013 das Angebot. Wir respektieren sehr das Erbe der Familien, die einst die Vill\u00e1nyer Weingegend emporbrachten und wir hoffen, dass die Tradition in Erlebnissen weiterlebt.<\/p>\n<p style=\"text-align: justify;\">Wir veranstalten Erlebnisweinlesen, Schweineschlachten, Spaziergangtouren auf dem Schwarzen Berg, Kellerg\u00e4nge, Besitzbesuche, Weinabendessen-, und Verkostungen, die in unserem Weinrestaurant verzehrten G\u00e4nge machen wir mit den 100%-ig frischen Fr\u00fcchten gefertigten S\u00e4ften, hausgemachten Marmeladen, K\u00e4sen, ger\u00e4ucherten Produkten und mit den Weinen, besonderen Fruchtweinen der Mokos Kellerei unvergesslich.<\/p>\n<p style=\"text-align: justify;\">In unserem rustikalisch eleganten Kellerrestaurant, das sich in die Stimmung der Weingegend anpasst, servieren wir aus hiesigen Grundstoffen gefertigte Speisespezialit\u00e4ten, w\u00e4hrend unsere G\u00e4ste weit entfernt von Vill\u00e1nys Wimmeln den zeitlosen Frieden, das unverf\u00e4lschte Vill\u00e1nyk\u00f6vesder Lebensgef\u00fchl genie\u00dfen k\u00f6nnen.<\/p>\n<p>[\/vc_column_text][\/vc_column][\/vc_row][vc_row][vc_column][vc_column_text][\/vc_column_text][\/vc_column][\/vc_row]<\/p>\n<\/div>","protected":false},"excerpt":{"rendered":"<p>[vc_row css=&#8220;.vc_custom_1463826549283{margin-top: 0px !important;}&#8220;][vc_column][vc_column_text] &#8222;Wir waren zum zweiten Mal hier und waren mit allem sehr zufrieden. Das Personal ist professionell und hilfsbereit, das Essen ist ausgezeichnet. Besonders das Fr\u00fchst\u00fcck hat [&hellip;]<\/p>\n","protected":false},"author":2,"featured_media":0,"parent":0,"menu_order":0,"comment_status":"closed","ping_status":"closed","template":"","meta":{"_acf_changed":false,"footnotes":""},"class_list":["post-2428","page","type-page","status-publish","hentry"],"acf":[],"yoast_head":"<!-- This site is optimized with the Yoast SEO plugin v27.4 - https:\/\/yoast.com\/product\/yoast-seo-wordpress\/ -->\n<title>Hauptseite - Hotel Cabernet<\/title>\n<meta name=\"robots\" content=\"index, follow, max-snippet:-1, max-image-preview:large, max-video-preview:-1\" \/>\n<link rel=\"canonical\" href=\"https:\/\/hotelcabernet.hu\/de\/\" \/>\n<meta property=\"og:locale\" content=\"de_DE\" \/>\n<meta property=\"og:type\" content=\"article\" \/>\n<meta property=\"og:title\" content=\"Hauptseite - Hotel Cabernet\" \/>\n<meta property=\"og:description\" content=\"[vc_row css=&#8220;.vc_custom_1463826549283{margin-top: 0px !important;}&#8220;][vc_column][vc_column_text] &#8222;Wir waren zum zweiten Mal hier und waren mit allem sehr zufrieden. Das Personal ist professionell und hilfsbereit, das Essen ist ausgezeichnet. Besonders das Fr\u00fchst\u00fcck hat [&hellip;]\" \/>\n<meta property=\"og:url\" content=\"https:\/\/hotelcabernet.hu\/de\/\" \/>\n<meta property=\"og:site_name\" content=\"Hotel Cabernet\" \/>\n<meta property=\"article:publisher\" content=\"https:\/\/www.facebook.com\/HotelCabernet\/\" \/>\n<meta property=\"article:modified_time\" content=\"2025-07-18T06:58:36+00:00\" \/>\n<meta name=\"twitter:card\" content=\"summary_large_image\" \/>\n<meta name=\"twitter:label1\" content=\"Gesch\u00e4tzte Lesezeit\" \/>\n\t<meta name=\"twitter:data1\" content=\"2\u00a0Minuten\" \/>\n<script type=\"application\/ld+json\" class=\"yoast-schema-graph\">{\"@context\":\"https:\\\/\\\/schema.org\",\"@graph\":[{\"@type\":\"WebPage\",\"@id\":\"https:\\\/\\\/hotelcabernet.hu\\\/de\\\/\",\"url\":\"https:\\\/\\\/hotelcabernet.hu\\\/de\\\/\",\"name\":\"Hauptseite - Hotel Cabernet\",\"isPartOf\":{\"@id\":\"https:\\\/\\\/hotelcabernet.hu\\\/#website\"},\"datePublished\":\"2016-07-29T21:52:15+00:00\",\"dateModified\":\"2025-07-18T06:58:36+00:00\",\"breadcrumb\":{\"@id\":\"https:\\\/\\\/hotelcabernet.hu\\\/de\\\/#breadcrumb\"},\"inLanguage\":\"de\",\"potentialAction\":[{\"@type\":\"ReadAction\",\"target\":[\"https:\\\/\\\/hotelcabernet.hu\\\/de\\\/\"]}]},{\"@type\":\"BreadcrumbList\",\"@id\":\"https:\\\/\\\/hotelcabernet.hu\\\/de\\\/#breadcrumb\",\"itemListElement\":[{\"@type\":\"ListItem\",\"position\":1,\"name\":\"Home\",\"item\":\"https:\\\/\\\/hotelcabernet.hu\\\/de\\\/\"},{\"@type\":\"ListItem\",\"position\":2,\"name\":\"Hauptseite\"}]},{\"@type\":\"WebSite\",\"@id\":\"https:\\\/\\\/hotelcabernet.hu\\\/#website\",\"url\":\"https:\\\/\\\/hotelcabernet.hu\\\/\",\"name\":\"Hotel Cabernet\",\"description\":\"a Mokos Pinc\u00e9szet Borhotele\",\"potentialAction\":[{\"@type\":\"SearchAction\",\"target\":{\"@type\":\"EntryPoint\",\"urlTemplate\":\"https:\\\/\\\/hotelcabernet.hu\\\/?s={search_term_string}\"},\"query-input\":{\"@type\":\"PropertyValueSpecification\",\"valueRequired\":true,\"valueName\":\"search_term_string\"}}],\"inLanguage\":\"de\"}]}<\/script>\n<!-- \/ Yoast SEO plugin. -->","yoast_head_json":{"title":"Hauptseite - Hotel Cabernet","robots":{"index":"index","follow":"follow","max-snippet":"max-snippet:-1","max-image-preview":"max-image-preview:large","max-video-preview":"max-video-preview:-1"},"canonical":"https:\/\/hotelcabernet.hu\/de\/","og_locale":"de_DE","og_type":"article","og_title":"Hauptseite - Hotel Cabernet","og_description":"[vc_row css=&#8220;.vc_custom_1463826549283{margin-top: 0px !important;}&#8220;][vc_column][vc_column_text] &#8222;Wir waren zum zweiten Mal hier und waren mit allem sehr zufrieden. Das Personal ist professionell und hilfsbereit, das Essen ist ausgezeichnet. Besonders das Fr\u00fchst\u00fcck hat [&hellip;]","og_url":"https:\/\/hotelcabernet.hu\/de\/","og_site_name":"Hotel Cabernet","article_publisher":"https:\/\/www.facebook.com\/HotelCabernet\/","article_modified_time":"2025-07-18T06:58:36+00:00","twitter_card":"summary_large_image","twitter_misc":{"Gesch\u00e4tzte Lesezeit":"2\u00a0Minuten"},"schema":{"@context":"https:\/\/schema.org","@graph":[{"@type":"WebPage","@id":"https:\/\/hotelcabernet.hu\/de\/","url":"https:\/\/hotelcabernet.hu\/de\/","name":"Hauptseite - Hotel Cabernet","isPartOf":{"@id":"https:\/\/hotelcabernet.hu\/#website"},"datePublished":"2016-07-29T21:52:15+00:00","dateModified":"2025-07-18T06:58:36+00:00","breadcrumb":{"@id":"https:\/\/hotelcabernet.hu\/de\/#breadcrumb"},"inLanguage":"de","potentialAction":[{"@type":"ReadAction","target":["https:\/\/hotelcabernet.hu\/de\/"]}]},{"@type":"BreadcrumbList","@id":"https:\/\/hotelcabernet.hu\/de\/#breadcrumb","itemListElement":[{"@type":"ListItem","position":1,"name":"Home","item":"https:\/\/hotelcabernet.hu\/de\/"},{"@type":"ListItem","position":2,"name":"Hauptseite"}]},{"@type":"WebSite","@id":"https:\/\/hotelcabernet.hu\/#website","url":"https:\/\/hotelcabernet.hu\/","name":"Hotel Cabernet","description":"a Mokos Pinc\u00e9szet Borhotele","potentialAction":[{"@type":"SearchAction","target":{"@type":"EntryPoint","urlTemplate":"https:\/\/hotelcabernet.hu\/?s={search_term_string}"},"query-input":{"@type":"PropertyValueSpecification","valueRequired":true,"valueName":"search_term_string"}}],"inLanguage":"de"}]}},"_links":{"self":[{"href":"https:\/\/hotelcabernet.hu\/de\/wp-json\/wp\/v2\/pages\/2428","targetHints":{"allow":["GET"]}}],"collection":[{"href":"https:\/\/hotelcabernet.hu\/de\/wp-json\/wp\/v2\/pages"}],"about":[{"href":"https:\/\/hotelcabernet.hu\/de\/wp-json\/wp\/v2\/types\/page"}],"author":[{"embeddable":true,"href":"https:\/\/hotelcabernet.hu\/de\/wp-json\/wp\/v2\/users\/2"}],"replies":[{"embeddable":true,"href":"https:\/\/hotelcabernet.hu\/de\/wp-json\/wp\/v2\/comments?post=2428"}],"version-history":[{"count":23,"href":"https:\/\/hotelcabernet.hu\/de\/wp-json\/wp\/v2\/pages\/2428\/revisions"}],"predecessor-version":[{"id":25119,"href":"https:\/\/hotelcabernet.hu\/de\/wp-json\/wp\/v2\/pages\/2428\/revisions\/25119"}],"wp:attachment":[{"href":"https:\/\/hotelcabernet.hu\/de\/wp-json\/wp\/v2\/media?parent=2428"}],"curies":[{"name":"wp","href":"https:\/\/api.w.org\/{rel}","templated":true}]}}