{"id":2452,"date":"2016-07-31T21:28:40","date_gmt":"2016-07-31T20:28:40","guid":{"rendered":"https:\/\/hotelcabernet.hu\/?page_id=2452&#038;lang=de"},"modified":"2021-02-11T14:04:50","modified_gmt":"2021-02-11T13:04:50","slug":"zimmer","status":"publish","type":"page","link":"https:\/\/hotelcabernet.hu\/de\/villany-hotel-cabernet\/zimmer\/","title":{"rendered":"Zimmer"},"content":{"rendered":"<div class=\"wpb-content-wrapper\"><p>[vc_row css=&#8220;.vc_custom_1465999309584{padding-bottom: 0px !important;}&#8220;][vc_column][vc_column_text]Die angenehme Entspannung sichert das Hotel Cabernet Ihren G\u00e4sten mit 25 gem\u00fctlichen Zimmern (Zweibett-, Dreibett- und Familienzimmern). Alle Zimmer des Hotels verf\u00fcgen \u00fcber Bad, Fernsehapparat, Telefon, Klima, fallweise Balkon, beziehungsweise Zugang auf die Terrasse. Alle Zimmer des Hotels k\u00f6nnen mit einem Ersatzbett ausgestattet werden und sind Nichtraucherzimmer. Im Hotel ist die Benutzung von Wifi kostenlos. Das Parken ist am \u00f6ffentlichen Raum befindlichen Parkplatz kostenlos.<\/p>\n<h4><strong>inhalt des zimmerpreises<\/strong><\/h4>\n<ul>\n<li>Unterkunft mit Fr\u00fchst\u00fccks B\u00fcfett*;<\/li>\n<li>Unbegrenzte Internetbenutzung (Wifi);<\/li>\n<li>Klimaanlage in dem Zimmer;<\/li>\n<li>Kostenlose Benutzung des Billardtisches;<\/li>\n<li>MwSt.<\/li>\n<\/ul>\n<p><a id=\"zweibettzimmer\"><\/a><br \/>\n*Tipp: Kosten Sie beim Fr\u00fchst\u00fcck die von unseren eigenen Fr\u00fcchten hergestellten Marmeladen und unsere hausgemachte Stifolder! Die Stifolderfertigung hat auf der Weingegend gro\u00dfe Traditionen![\/vc_column_text][vc_column_text css=&#8220;.vc_custom_1469997103307{margin-bottom: 0px !important;}&#8220;]<\/p>\n<h4><strong>zweibettzimmer<\/strong><\/h4>\n<p>[\/vc_column_text][\/vc_column][\/vc_row][vc_row css=&#8220;.vc_custom_1465999213317{margin-top: 0px !important;}&#8220;][vc_column width=&#8220;1\/3&#8243;][vc_images_carousel images=&#8220;5507,5506,5505,5504,5502,5511&#8243;][\/vc_column][vc_column width=&#8220;2\/3&#8243;][vc_column_text]<\/p>\n<p style=\"text-align: justify;\">Mit Doppelbett oder zwei getrennten Betten. Sie k\u00f6nnen zwischen Zimmer mit Dusche oder Zimmer mit Badewanne w\u00e4hlen. (Bitte solche Bedarfe vorher melden!) Es gibt in dem Zimmer TV, Klimaanlage und K\u00fchlschrank.<\/p>\n<p>[\/vc_column_text][\/vc_column][\/vc_row][vc_row css=&#8220;.vc_custom_1465999722685{padding-top: 0px !important;}&#8220;][vc_column width=&#8220;1\/3&#8243; css=&#8220;.vc_custom_1465999714109{padding-top: 0px !important;}&#8220;][vc_images_carousel images=&#8220;1244&#8243;][\/vc_column][vc_column width=&#8220;2\/3&#8243;][vc_column_text]<strong>Option mit Terrasse<\/strong>: solche Zweibettzimmer, die auf eine innere Terrasse gehen, wo unsere G\u00e4ste bequem ihren Fr\u00fchst\u00fcckskaffee verzehren k\u00f6nnen, w\u00e4hrend sie den Sonnenschein und die tolle Aussicht auf den Schwarzen Berg genie\u00dfen. Zimmer mit Terrasse k\u00f6nnen wir in Abh\u00e4ngigkeit von den freien Zimmern sichern. (Extra Aufpreis: 2.000 HUF\/Zimmer\/Nacht).\u00a0 Es gibt in dem Zimmer TV, Klimaanlage und K\u00fchlschrank. Bitte den Bedarf f\u00fcr Terasse vorher melden! In den Zimmern mit Terrasse ist nur Badezimmer mit Dusche m\u00f6glich (keine Badewanne)![\/vc_column_text][\/vc_column][\/vc_row][vc_row css=&#8220;.vc_custom_1465999666754{padding-top: 0px !important;}&#8220;][vc_column][vc_column_text]<strong>Familienoption:<\/strong> von unseren Zweibettzimmern verf\u00fcgen einige Zimmer \u00fcber<\/p>\n<ul>\n<li>Etagenbett (also Vierbettzimmer);<\/li>\n<li>Schlafnische f\u00fcr Kinder (3 kleinere oder 2 gr\u00f6\u00dfere Kinder passen rein);<\/li>\n<li>Beziehungsweise k\u00f6nnen zwei Zweibettzimmer ineinander ge\u00f6ffnet werden.<\/li>\n<\/ul>\n<p>Das Etagenbett, beziehungsweise die Nische werden als Ersatzbett gerechnet. Die Zimmer, die ineinander ge\u00f6ffnet werden k\u00f6nnen, werden als zwei Zimmer gerechnet (Kindererm\u00e4\u00dfigung k\u00f6nnen wir im letzteren Fall nicht sichern, die Zimmer k\u00f6nnen zum vollen Preis gebucht werden).<\/p>\n<p><strong>Einbettoption:<\/strong> unsere Zweibettzimmer k\u00f6nnen mit Einbettaufpreis auch f\u00fcr eine Person in Anspruch genommen werden.<br \/>\n<strong>Gekennzeichnete Zeitspannen:<\/strong> die Zimmerpreise und die Geb\u00fchren des Ersatzbetts sind mit 20 % Aufpreis zu berechnen![\/vc_column_text][vc_column_text]<\/p>\n<table>\n<tbody>\n<tr>\n<td colspan=\"5\" width=\"608\"><strong>Preis des Zimmers<\/strong><\/td>\n<\/tr>\n<tr>\n<td width=\"\"><\/td>\n<td width=\"128\"><span style=\"color: #ad4256;\"><strong>Zweibettzimmer<\/strong><\/span><\/td>\n<td width=\"113\"><span style=\"color: #ad4256;\"><strong>Einzelzimmer<\/strong><\/span><\/td>\n<td width=\"110\"><span style=\"color: #ad4256;\"><strong>Baby Bett<\/strong><\/span><\/td>\n<td width=\"102\"><span style=\"color: #ad4256;\"><strong>Ersatzbett<\/strong><\/span><\/td>\n<\/tr>\n<tr>\n<td width=\"\"><span style=\"color: #ad4256;\">\u00a0<\/span><\/td>\n<td width=\"128\"><span style=\"color: #ad4256;\">HUF\/Zimmer\/Nacht<\/span><\/td>\n<td width=\"113\"><span style=\"color: #ad4256;\">HUF\/Zimmer\/Nacht<\/span><\/td>\n<td style=\"text-align: center;\" colspan=\"2\" width=\"212\"><span style=\"color: #ad4256;\">HUF\/Person\/Nacht<\/span><\/td>\n<\/tr>\n<tr>\n<td width=\"\"><strong>Grundpreis<\/strong><\/td>\n<td width=\"128\">19.900 HUF<\/td>\n<td width=\"113\">14.900 HUF<\/td>\n<td width=\"110\">0 HUF<\/td>\n<td width=\"102\">6.500 HUF<\/td>\n<\/tr>\n<tr>\n<td width=\"\"><strong>Hochsaisonpreis<\/strong><\/td>\n<td width=\"128\">23.900 HUF<\/td>\n<td width=\"113\">17.900 HUF<\/td>\n<td width=\"110\">0 HUF<\/td>\n<td width=\"102\">6.500 HUF<\/td>\n<\/tr>\n<tr>\n<td width=\"\"><\/td>\n<td width=\"128\"><\/td>\n<td width=\"113\"><\/td>\n<td width=\"110\"><\/td>\n<td width=\"102\"><\/td>\n<\/tr>\n<\/tbody>\n<\/table>\n<p>[\/vc_column_text][\/vc_column][\/vc_row][vc_row][vc_column width=&#8220;1\/2&#8243;][vc_btn title=&#8220;Ich m\u00f6chte reservieren!&#8220; style=&#8220;custom&#8220; custom_background=&#8220;#ad4256&#8243; custom_text=&#8220;#ffffff&#8220; link=&#8220;url:%2Fde%2Fhotelcabernet%2Freservierung%2F%3Ftipus%3Dfoglalas||&#8220;][\/vc_column][vc_column width=&#8220;1\/2&#8243;][vc_btn title=&#8220;Ich bitte um ein Angebot!&#8220; style=&#8220;custom&#8220; custom_background=&#8220;#ad4256&#8243; custom_text=&#8220;#ffffff&#8220; link=&#8220;url:%2Fde%2Fhotelcabernet%2Freservierung%2F%3Ftipus%3Dajanlatkeres||&#8220;][\/vc_column][\/vc_row][vc_row css=&#8220;.vc_custom_1465999339116{padding-bottom: 0px !important;}&#8220;][vc_column][vc_column_text]<\/p>\n<h4><strong>dreibettzimmer<\/strong><\/h4>\n<p>[\/vc_column_text][\/vc_column][\/vc_row][vc_row css=&#8220;.vc_custom_1502292360958{margin-top: 0px !important;}&#8220;][vc_column width=&#8220;1\/3&#8243;][vc_images_carousel images=&#8220;5501,5499,5497,5496,5512&#8243;][\/vc_column][vc_column width=&#8220;2\/3&#8243;][vc_column_text]Unsere Dreibettzimmer sind mit Balkon und Badewanne ausgestattet. Von den Zimmern mit Balkon bekommt man eine Aussicht auf den f\u00fcr Naturschutzgebiet erkl\u00e4rten Schwarzen Berg. Teil der Zimmerausr\u00fcstung bilden auch der Fernsehapparat und der K\u00fchlschrank, Klimatisierung kann mit Aufpreis** beansprucht werden.[\/vc_column_text][\/vc_column][\/vc_row][vc_row css=&#8220;.vc_custom_1465999628304{padding-top: 0px !important;}&#8220;][vc_column][vc_column_text]<strong>Familienoption:<\/strong> das Zimmer kann mit einem Ersatzbett f\u00fcr ein Vierbettzimmer umgestaltet werden.<\/p>\n<p><strong>Gekennzeichnete Zeitspannen:<\/strong> die Geb\u00fchren der Zimmerpreise und des Ersatzbetts sind mit 20 % Aufpreis zu rechnen !Hochsaisonpreis)![\/vc_column_text][vc_column_text]<\/p>\n<table>\n<tbody>\n<tr>\n<td colspan=\"4\" width=\"612\"><strong>Preis des Zimmers:<\/strong><\/td>\n<\/tr>\n<tr>\n<td width=\"\"><\/td>\n<td width=\"174\"><span style=\"color: #ad4256;\"><b>Dreibettzimmer<\/b><\/span><\/td>\n<td width=\"147\"><span style=\"color: #ad4256;\"><strong>Baby Bett<\/strong><\/span><\/td>\n<td width=\"136\"><span style=\"color: #ad4256;\"><b>Ersatzbett<\/b><\/span><\/td>\n<\/tr>\n<tr>\n<td width=\"\"><span style=\"color: #ad4256;\">\u00a0<\/span><\/td>\n<td width=\"174\"><span style=\"color: #ad4256;\">HUF\/Zimmer\/Nacht<\/span><\/td>\n<td style=\"text-align: center;\" colspan=\"2\" width=\"283\"><span style=\"color: #ad4256;\">HUF\/Person\/Nacht<\/span><\/td>\n<\/tr>\n<tr>\n<td width=\"\"><strong>Grundpreis<\/strong><\/td>\n<td width=\"174\">25.900 HUF<\/td>\n<td width=\"147\">0 HUF<\/td>\n<td width=\"136\">6.500 HUF<\/td>\n<\/tr>\n<tr>\n<td width=\"\"><strong>Hochsaisonpreis<\/strong><\/td>\n<td width=\"174\">30.900 HUF<\/td>\n<td width=\"147\">0 HUF<\/td>\n<td width=\"136\">6.500 HUF<\/td>\n<\/tr>\n<tr>\n<td width=\"\"><\/td>\n<td width=\"174\"><\/td>\n<td width=\"147\"><\/td>\n<td width=\"136\"><\/td>\n<\/tr>\n<\/tbody>\n<\/table>\n<p>[\/vc_column_text][\/vc_column][\/vc_row][vc_row][vc_column width=&#8220;1\/2&#8243;][vc_btn title=&#8220;Ich m\u00f6chte reservieren!&#8220; style=&#8220;custom&#8220; custom_background=&#8220;#ad4256&#8243; custom_text=&#8220;#ffffff&#8220; link=&#8220;url:%2Fde%2Fhotelcabernet%2Freservierung%2F%3Ftipus%3Dfoglalas||&#8220;][\/vc_column][vc_column width=&#8220;1\/2&#8243;][vc_btn title=&#8220;Ich bitte um ein Angebot!&#8220; style=&#8220;custom&#8220; custom_background=&#8220;#ad4256&#8243; custom_text=&#8220;#ffffff&#8220; link=&#8220;url:%2Fde%2Fhotelcabernet%2Freservierung%2F%3Ftipus%3Dajanlatkeres||&#8220;][\/vc_column][\/vc_row][vc_row][vc_column][vc_column_text](Bitte solche Bedarfe vorher melden!)[\/vc_column_text][\/vc_column][\/vc_row]<\/p>\n<\/div>","protected":false},"excerpt":{"rendered":"<p>[vc_row css=&#8220;.vc_custom_1465999309584{padding-bottom: 0px !important;}&#8220;][vc_column][vc_column_text]Die angenehme Entspannung sichert das Hotel Cabernet Ihren G\u00e4sten mit 25 gem\u00fctlichen Zimmern (Zweibett-, Dreibett- und Familienzimmern). Alle Zimmer des Hotels verf\u00fcgen \u00fcber Bad, Fernsehapparat, Telefon, Klima, [&hellip;]<\/p>\n","protected":false},"author":2,"featured_media":0,"parent":2433,"menu_order":0,"comment_status":"closed","ping_status":"closed","template":"page-templates\/page-right.php","meta":{"_acf_changed":false,"footnotes":""},"class_list":["post-2452","page","type-page","status-publish","hentry"],"acf":[],"yoast_head":"<!-- This site is optimized with the Yoast SEO plugin v27.4 - https:\/\/yoast.com\/product\/yoast-seo-wordpress\/ -->\n<title>Zimmer - Hotel Cabernet<\/title>\n<meta name=\"robots\" content=\"index, follow, max-snippet:-1, max-image-preview:large, max-video-preview:-1\" \/>\n<link rel=\"canonical\" href=\"https:\/\/hotelcabernet.hu\/de\/villany-hotel-cabernet\/zimmer\/\" \/>\n<meta property=\"og:locale\" content=\"de_DE\" \/>\n<meta property=\"og:type\" content=\"article\" \/>\n<meta property=\"og:title\" content=\"Zimmer - Hotel Cabernet\" \/>\n<meta property=\"og:description\" content=\"[vc_row css=&#8220;.vc_custom_1465999309584{padding-bottom: 0px !important;}&#8220;][vc_column][vc_column_text]Die angenehme Entspannung sichert das Hotel Cabernet Ihren G\u00e4sten mit 25 gem\u00fctlichen Zimmern (Zweibett-, Dreibett- und Familienzimmern). Alle Zimmer des Hotels verf\u00fcgen \u00fcber Bad, Fernsehapparat, Telefon, Klima, [&hellip;]\" \/>\n<meta property=\"og:url\" content=\"https:\/\/hotelcabernet.hu\/de\/villany-hotel-cabernet\/zimmer\/\" \/>\n<meta property=\"og:site_name\" content=\"Hotel Cabernet\" \/>\n<meta property=\"article:publisher\" content=\"https:\/\/www.facebook.com\/HotelCabernet\/\" \/>\n<meta property=\"article:modified_time\" content=\"2021-02-11T13:04:50+00:00\" \/>\n<meta name=\"twitter:card\" content=\"summary_large_image\" \/>\n<script type=\"application\/ld+json\" class=\"yoast-schema-graph\">{\"@context\":\"https:\\\/\\\/schema.org\",\"@graph\":[{\"@type\":\"WebPage\",\"@id\":\"https:\\\/\\\/hotelcabernet.hu\\\/de\\\/villany-hotel-cabernet\\\/zimmer\\\/\",\"url\":\"https:\\\/\\\/hotelcabernet.hu\\\/de\\\/villany-hotel-cabernet\\\/zimmer\\\/\",\"name\":\"Zimmer - Hotel Cabernet\",\"isPartOf\":{\"@id\":\"https:\\\/\\\/hotelcabernet.hu\\\/#website\"},\"datePublished\":\"2016-07-31T20:28:40+00:00\",\"dateModified\":\"2021-02-11T13:04:50+00:00\",\"breadcrumb\":{\"@id\":\"https:\\\/\\\/hotelcabernet.hu\\\/de\\\/villany-hotel-cabernet\\\/zimmer\\\/#breadcrumb\"},\"inLanguage\":\"de\",\"potentialAction\":[{\"@type\":\"ReadAction\",\"target\":[\"https:\\\/\\\/hotelcabernet.hu\\\/de\\\/villany-hotel-cabernet\\\/zimmer\\\/\"]}]},{\"@type\":\"BreadcrumbList\",\"@id\":\"https:\\\/\\\/hotelcabernet.hu\\\/de\\\/villany-hotel-cabernet\\\/zimmer\\\/#breadcrumb\",\"itemListElement\":[{\"@type\":\"ListItem\",\"position\":1,\"name\":\"Home\",\"item\":\"https:\\\/\\\/hotelcabernet.hu\\\/de\\\/\"},{\"@type\":\"ListItem\",\"position\":2,\"name\":\"Hotel\",\"item\":\"https:\\\/\\\/hotelcabernet.hu\\\/de\\\/villany-hotel-cabernet\\\/\"},{\"@type\":\"ListItem\",\"position\":3,\"name\":\"Zimmer\"}]},{\"@type\":\"WebSite\",\"@id\":\"https:\\\/\\\/hotelcabernet.hu\\\/#website\",\"url\":\"https:\\\/\\\/hotelcabernet.hu\\\/\",\"name\":\"Hotel Cabernet\",\"description\":\"a Mokos Pinc\u00e9szet Borhotele\",\"potentialAction\":[{\"@type\":\"SearchAction\",\"target\":{\"@type\":\"EntryPoint\",\"urlTemplate\":\"https:\\\/\\\/hotelcabernet.hu\\\/?s={search_term_string}\"},\"query-input\":{\"@type\":\"PropertyValueSpecification\",\"valueRequired\":true,\"valueName\":\"search_term_string\"}}],\"inLanguage\":\"de\"}]}<\/script>\n<!-- \/ Yoast SEO plugin. -->","yoast_head_json":{"title":"Zimmer - Hotel Cabernet","robots":{"index":"index","follow":"follow","max-snippet":"max-snippet:-1","max-image-preview":"max-image-preview:large","max-video-preview":"max-video-preview:-1"},"canonical":"https:\/\/hotelcabernet.hu\/de\/villany-hotel-cabernet\/zimmer\/","og_locale":"de_DE","og_type":"article","og_title":"Zimmer - Hotel Cabernet","og_description":"[vc_row css=&#8220;.vc_custom_1465999309584{padding-bottom: 0px !important;}&#8220;][vc_column][vc_column_text]Die angenehme Entspannung sichert das Hotel Cabernet Ihren G\u00e4sten mit 25 gem\u00fctlichen Zimmern (Zweibett-, Dreibett- und Familienzimmern). Alle Zimmer des Hotels verf\u00fcgen \u00fcber Bad, Fernsehapparat, Telefon, Klima, [&hellip;]","og_url":"https:\/\/hotelcabernet.hu\/de\/villany-hotel-cabernet\/zimmer\/","og_site_name":"Hotel Cabernet","article_publisher":"https:\/\/www.facebook.com\/HotelCabernet\/","article_modified_time":"2021-02-11T13:04:50+00:00","twitter_card":"summary_large_image","schema":{"@context":"https:\/\/schema.org","@graph":[{"@type":"WebPage","@id":"https:\/\/hotelcabernet.hu\/de\/villany-hotel-cabernet\/zimmer\/","url":"https:\/\/hotelcabernet.hu\/de\/villany-hotel-cabernet\/zimmer\/","name":"Zimmer - Hotel Cabernet","isPartOf":{"@id":"https:\/\/hotelcabernet.hu\/#website"},"datePublished":"2016-07-31T20:28:40+00:00","dateModified":"2021-02-11T13:04:50+00:00","breadcrumb":{"@id":"https:\/\/hotelcabernet.hu\/de\/villany-hotel-cabernet\/zimmer\/#breadcrumb"},"inLanguage":"de","potentialAction":[{"@type":"ReadAction","target":["https:\/\/hotelcabernet.hu\/de\/villany-hotel-cabernet\/zimmer\/"]}]},{"@type":"BreadcrumbList","@id":"https:\/\/hotelcabernet.hu\/de\/villany-hotel-cabernet\/zimmer\/#breadcrumb","itemListElement":[{"@type":"ListItem","position":1,"name":"Home","item":"https:\/\/hotelcabernet.hu\/de\/"},{"@type":"ListItem","position":2,"name":"Hotel","item":"https:\/\/hotelcabernet.hu\/de\/villany-hotel-cabernet\/"},{"@type":"ListItem","position":3,"name":"Zimmer"}]},{"@type":"WebSite","@id":"https:\/\/hotelcabernet.hu\/#website","url":"https:\/\/hotelcabernet.hu\/","name":"Hotel Cabernet","description":"a Mokos Pinc\u00e9szet Borhotele","potentialAction":[{"@type":"SearchAction","target":{"@type":"EntryPoint","urlTemplate":"https:\/\/hotelcabernet.hu\/?s={search_term_string}"},"query-input":{"@type":"PropertyValueSpecification","valueRequired":true,"valueName":"search_term_string"}}],"inLanguage":"de"}]}},"_links":{"self":[{"href":"https:\/\/hotelcabernet.hu\/de\/wp-json\/wp\/v2\/pages\/2452","targetHints":{"allow":["GET"]}}],"collection":[{"href":"https:\/\/hotelcabernet.hu\/de\/wp-json\/wp\/v2\/pages"}],"about":[{"href":"https:\/\/hotelcabernet.hu\/de\/wp-json\/wp\/v2\/types\/page"}],"author":[{"embeddable":true,"href":"https:\/\/hotelcabernet.hu\/de\/wp-json\/wp\/v2\/users\/2"}],"replies":[{"embeddable":true,"href":"https:\/\/hotelcabernet.hu\/de\/wp-json\/wp\/v2\/comments?post=2452"}],"version-history":[{"count":18,"href":"https:\/\/hotelcabernet.hu\/de\/wp-json\/wp\/v2\/pages\/2452\/revisions"}],"predecessor-version":[{"id":12476,"href":"https:\/\/hotelcabernet.hu\/de\/wp-json\/wp\/v2\/pages\/2452\/revisions\/12476"}],"up":[{"embeddable":true,"href":"https:\/\/hotelcabernet.hu\/de\/wp-json\/wp\/v2\/pages\/2433"}],"wp:attachment":[{"href":"https:\/\/hotelcabernet.hu\/de\/wp-json\/wp\/v2\/media?parent=2452"}],"curies":[{"name":"wp","href":"https:\/\/api.w.org\/{rel}","templated":true}]}}