{"id":2463,"date":"2016-07-31T22:30:24","date_gmt":"2016-07-31T21:30:24","guid":{"rendered":"https:\/\/hotelcabernet.hu\/?page_id=2463&#038;lang=de"},"modified":"2022-02-09T02:26:59","modified_gmt":"2022-02-09T01:26:59","slug":"training-schauplatz-villany-wineregion","status":"publish","type":"page","link":"https:\/\/hotelcabernet.hu\/de\/training-schauplatz-villany-wineregion\/","title":{"rendered":"Training- Schauplatz"},"content":{"rendered":"<div class=\"wpb-content-wrapper\"><p>[vc_row][vc_column][vc_column_text]Sei es eine Konferenz, Team Bau, Erlebnistraining, Mitarbeiter- oder Kundenparty, Partnertreffen, Gesch\u00e4ftsmittagessen, Jubil\u00e4ums- oder Jahresabschlussfest, das Hotel Cabernet in Vill\u00e1nyk\u00f6vesd ist ein idealer Schauplatz f\u00fcr die Abwicklung von Unternehmensveranstaltungen, Teambautrainings f\u00fcr kleinere Firmen und Klassen.<\/p>\n<p><strong>Unser Besprechungszimmer<\/strong> ist ausgezeichnet f\u00fcr die Abwicklung von Fachveranstaltungen, Konferenzen, Verhandlungen, Besprechungen, Trainings. Der f\u00fcr 60-70 Personen geeignete Raum ist \u00e4u\u00dferst hell (nach Bedarf kann er verdunkelt werden), freundlich, ist klimatisierbar und seine Ausr\u00fcstung entspricht in allen den modernen technischen Erwartungen (Projektor, Flip Chart, Leinwand, Notebook).<\/p>\n<p>Unser zum Restaurant geh\u00f6render <strong>Extraraum<\/strong> (ebenfalls f\u00fcr 60-70 Personen) kann auch als Training Raum funktionieren, oder sogar als Schauplatz der abendlichen Firmenparty mit Musik.<\/p>\n\t\t<div style=\"clear:both\"><\/div>\n\t\t<div class=\"psgal_wrap\">\n\t\t\t<div id=\"psgal_2463_1\" data-psgal_id=\"2463_1\" data-psgal_container_id=\"container_2463_1\" data-psgal_thumbnail_width=\"380\" data-psgal_use_masonary=\"0\" class=\"psgal-inline psgal gallery-columns-3 gallery-size-thumbnail use_masonry_ show_captions_1\" itemscope itemtype=\"http:\/\/schema.org\/ImageGallery\">\n\t\t\t\t\t\t\t\t\t\t<figure class=\"msnry_items\" itemscope itemtype=\"http:\/\/schema.org\/ImageObject\" style=\"width:380px;\">\n\t\t\t\t\t\t\t<a href=\"https:\/\/hotelcabernet.hu\/wp-content\/uploads\/2016\/06\/csapatepito_trening_villany.jpg\" itemprop=\"contentUrl\" data-size=\"1800x1202\" data-caption=\"\" style=\"height:246.82894736842px;\">\n\t\t\t\t\t\t\t\t<img decoding=\"async\" class=\"msnry_thumb\" src=\"https:\/\/hotelcabernet.hu\/wp-content\/uploads\/2016\/06\/csapatepito_trening_villany.jpg\" itemprop=\"thumbnail\" alt=\"Egy csapat fiatal kez\u00fcket \u00f6sszerakva mosolyognak a naps\u00fct\u00e9sben borospoh\u00e1rral a kez\u00fckben a Fekete-hegyen, l\u00e1buk el\u0151tt sz\u0151l\u0151k v\u00f6d\u00f6rben\" \/>\n\t\t\t\t\t\t\t<\/a>\n\t\t\t\t\t\t\t\t\t\t\t\t\t\t<figcaption class=\"photoswipe-gallery-caption\" style=\" \"><\/figcaption>\n\n\t\t\t\t\t\t<\/figure>\n\t\t\t\t\t\t\t\t\t\t<figure class=\"msnry_items\" itemscope itemtype=\"http:\/\/schema.org\/ImageObject\" style=\"width:380px;\">\n\t\t\t\t\t\t\t<a href=\"https:\/\/hotelcabernet.hu\/wp-content\/uploads\/2022\/01\/konferenciaterem_villany_kovesd_hotel_cabernet-1800x1200.jpg\" itemprop=\"contentUrl\" data-size=\"1800x1200\" data-caption=\"\" style=\"height:246.82894736842px;\">\n\t\t\t\t\t\t\t\t<img decoding=\"async\" class=\"msnry_thumb\" src=\"https:\/\/hotelcabernet.hu\/wp-content\/uploads\/2022\/01\/konferenciaterem_villany_kovesd_hotel_cabernet-760x507.jpg\" itemprop=\"thumbnail\" alt=\"Konferenciaterem a vill\u00e1nyk\u00f6vesdi Hotel Cabernet-ben\" \/>\n\t\t\t\t\t\t\t<\/a>\n\t\t\t\t\t\t\t\t\t\t\t\t\t\t<figcaption class=\"photoswipe-gallery-caption\" style=\" \"><\/figcaption>\n\n\t\t\t\t\t\t<\/figure>\n\t\t\t\t\t\t\t\t\t\t<figure class=\"msnry_items\" itemscope itemtype=\"http:\/\/schema.org\/ImageObject\" style=\"width:380px;\">\n\t\t\t\t\t\t\t<a href=\"https:\/\/hotelcabernet.hu\/wp-content\/uploads\/2016\/05\/pince\u00e9tterem_vill\u00e1ny_h\u00e9tv\u00e9ge_sz\u00e1ll\u00e1s-1800x1190.jpg\" itemprop=\"contentUrl\" data-size=\"1800x1190\" data-caption=\"\" style=\"height:244.39473684211px;\">\n\t\t\t\t\t\t\t\t<img decoding=\"async\" class=\"msnry_thumb\" src=\"https:\/\/hotelcabernet.hu\/wp-content\/uploads\/2016\/05\/pince\u00e9tterem_vill\u00e1ny_h\u00e9tv\u00e9ge_sz\u00e1ll\u00e1s-760x502.jpg\" itemprop=\"thumbnail\" alt=\"Pince\u00e9tterem a Hotel Cabernet-ban Vill\u00e1nyk\u00f6vesden\" \/>\n\t\t\t\t\t\t\t<\/a>\n\t\t\t\t\t\t\t\t\t\t\t\t\t\t<figcaption class=\"photoswipe-gallery-caption\" style=\" \"><\/figcaption>\n\n\t\t\t\t\t\t<\/figure>\n\t\t\t\t\t\t\t\t\t\t<figure class=\"msnry_items\" itemscope itemtype=\"http:\/\/schema.org\/ImageObject\" style=\"width:380px;\">\n\t\t\t\t\t\t\t<a href=\"https:\/\/hotelcabernet.hu\/wp-content\/uploads\/2022\/01\/1.-Hotel_Villany-1800x1198.jpg\" itemprop=\"contentUrl\" data-size=\"1800x1198\" data-caption=\"\" style=\"height:246.34210526316px;\">\n\t\t\t\t\t\t\t\t<img decoding=\"async\" class=\"msnry_thumb\" src=\"https:\/\/hotelcabernet.hu\/wp-content\/uploads\/2022\/01\/1.-Hotel_Villany-760x506.jpg\" itemprop=\"thumbnail\" alt=\"A Hotel Cabernet \u00e9p\u00fclete \u00e9s bej\u00e1rata ny\u00e1ron\" \/>\n\t\t\t\t\t\t\t<\/a>\n\t\t\t\t\t\t\t\t\t\t\t\t\t\t<figcaption class=\"photoswipe-gallery-caption\" style=\" \"><\/figcaption>\n\n\t\t\t\t\t\t<\/figure>\n\t\t\t\t\t\t\t\t\t\t<figure class=\"msnry_items\" itemscope itemtype=\"http:\/\/schema.org\/ImageObject\" style=\"width:380px;\">\n\t\t\t\t\t\t\t<a href=\"https:\/\/hotelcabernet.hu\/wp-content\/uploads\/2022\/01\/2.-Szallas_hotel_villanykovesd_recepcio-1800x1200.jpg\" itemprop=\"contentUrl\" data-size=\"1800x1200\" data-caption=\"\" style=\"height:246.82894736842px;\">\n\t\t\t\t\t\t\t\t<img decoding=\"async\" class=\"msnry_thumb\" src=\"https:\/\/hotelcabernet.hu\/wp-content\/uploads\/2022\/01\/2.-Szallas_hotel_villanykovesd_recepcio-760x507.jpg\" itemprop=\"thumbnail\" alt=\"A vill\u00e1nyk\u00f6vesdi Hotel Cabernet recepci\u00f3ja\" \/>\n\t\t\t\t\t\t\t<\/a>\n\t\t\t\t\t\t\t\t\t\t\t\t\t\t<figcaption class=\"photoswipe-gallery-caption\" style=\" \"><\/figcaption>\n\n\t\t\t\t\t\t<\/figure>\n\t\t\t\t\t\t\t\t\t\t<figure class=\"msnry_items\" itemscope itemtype=\"http:\/\/schema.org\/ImageObject\" style=\"width:380px;\">\n\t\t\t\t\t\t\t<a href=\"https:\/\/hotelcabernet.hu\/wp-content\/uploads\/2022\/01\/4.-Legjobb-reggeli-Villanyban-1800x1200.jpg\" itemprop=\"contentUrl\" data-size=\"1800x1200\" data-caption=\"\" style=\"height:246.82894736842px;\">\n\t\t\t\t\t\t\t\t<img decoding=\"async\" class=\"msnry_thumb\" src=\"https:\/\/hotelcabernet.hu\/wp-content\/uploads\/2022\/01\/4.-Legjobb-reggeli-Villanyban-760x507.jpg\" itemprop=\"thumbnail\" alt=\"Sv\u00e9dasztalos reggeli a vill\u00e1nyk\u00f6vesdi Hotel Cabernet \u00e9tterm\u00e9ben\" \/>\n\t\t\t\t\t\t\t<\/a>\n\t\t\t\t\t\t\t\t\t\t\t\t\t\t<figcaption class=\"photoswipe-gallery-caption\" style=\" \"><\/figcaption>\n\n\t\t\t\t\t\t<\/figure>\n\t\t\t\t\t\t\t\t\t\t<figure class=\"msnry_items\" itemscope itemtype=\"http:\/\/schema.org\/ImageObject\" style=\"width:380px;\">\n\t\t\t\t\t\t\t<a href=\"https:\/\/hotelcabernet.hu\/wp-content\/uploads\/2022\/01\/5.-Bortrezor_Villany.jpg\" itemprop=\"contentUrl\" data-size=\"1780x1335\" data-caption=\"\" style=\"height:277.5px;\">\n\t\t\t\t\t\t\t\t<img decoding=\"async\" class=\"msnry_thumb\" src=\"https:\/\/hotelcabernet.hu\/wp-content\/uploads\/2022\/01\/5.-Bortrezor_Villany-760x570.jpg\" itemprop=\"thumbnail\" alt=\"A vill\u00e1nyk\u00f6vesdi Hotel Cabernet pinc\u00e9j\u00e9ben egy megvil\u00e1g\u00edtott hord\u00f3, amin dekor\u00e1ci\u00f3 van\" \/>\n\t\t\t\t\t\t\t<\/a>\n\t\t\t\t\t\t\t\t\t\t\t\t\t\t<figcaption class=\"photoswipe-gallery-caption\" style=\" \"><\/figcaption>\n\n\t\t\t\t\t\t<\/figure>\n\t\t\t\t\t\t\t\t\t\t<figure class=\"msnry_items\" itemscope itemtype=\"http:\/\/schema.org\/ImageObject\" style=\"width:380px;\">\n\t\t\t\t\t\t\t<a href=\"https:\/\/hotelcabernet.hu\/wp-content\/uploads\/2022\/01\/14.-Mokos-borkostolo-Villanykovesd-1800x1200.jpg\" itemprop=\"contentUrl\" data-size=\"1800x1200\" data-caption=\"\" style=\"height:246.82894736842px;\">\n\t\t\t\t\t\t\t\t<img decoding=\"async\" class=\"msnry_thumb\" src=\"https:\/\/hotelcabernet.hu\/wp-content\/uploads\/2022\/01\/14.-Mokos-borkostolo-Villanykovesd-760x507.jpg\" itemprop=\"thumbnail\" alt=\"K\u00e9t p\u00e1r bork\u00f3stol\u00f3n vesz r\u00e9szt egy pinc\u00e9ben\" \/>\n\t\t\t\t\t\t\t<\/a>\n\t\t\t\t\t\t\t\t\t\t\t\t\t\t<figcaption class=\"photoswipe-gallery-caption\" style=\" \"><\/figcaption>\n\n\t\t\t\t\t\t<\/figure>\n\t\t\t\t\t\t\t\t\t\t<figure class=\"msnry_items\" itemscope itemtype=\"http:\/\/schema.org\/ImageObject\" style=\"width:380px;\">\n\t\t\t\t\t\t\t<a href=\"https:\/\/hotelcabernet.hu\/wp-content\/uploads\/2022\/01\/13.-Fine_dining_Villany_Hotel_Cabernet-1800x1200.jpg\" itemprop=\"contentUrl\" data-size=\"1800x1200\" data-caption=\"\" style=\"height:246.82894736842px;\">\n\t\t\t\t\t\t\t\t<img decoding=\"async\" class=\"msnry_thumb\" src=\"https:\/\/hotelcabernet.hu\/wp-content\/uploads\/2022\/01\/13.-Fine_dining_Villany_Hotel_Cabernet-760x507.jpg\" itemprop=\"thumbnail\" alt=\"Felt\u00e1lalt fine dinening \u00e9tel a Hotel Cabernet pince\u00e9tterm\u00e9ben Vill\u00e1nyk\u00f6vesden\" \/>\n\t\t\t\t\t\t\t<\/a>\n\t\t\t\t\t\t\t\t\t\t\t\t\t\t<figcaption class=\"photoswipe-gallery-caption\" style=\" \"><\/figcaption>\n\n\t\t\t\t\t\t<\/figure>\n\t\t\t\t\t\t\t\t\t\t<figure class=\"msnry_items\" itemscope itemtype=\"http:\/\/schema.org\/ImageObject\" style=\"width:380px;\">\n\t\t\t\t\t\t\t<a href=\"https:\/\/hotelcabernet.hu\/wp-content\/uploads\/2022\/01\/12.-Vacsora-Villanyban-1800x1200.jpg\" itemprop=\"contentUrl\" data-size=\"1800x1200\" data-caption=\"\" style=\"height:246.82894736842px;\">\n\t\t\t\t\t\t\t\t<img decoding=\"async\" class=\"msnry_thumb\" src=\"https:\/\/hotelcabernet.hu\/wp-content\/uploads\/2022\/01\/12.-Vacsora-Villanyban-760x507.jpg\" itemprop=\"thumbnail\" alt=\"Kisebb t\u00e1rsas\u00e1g v\u00f6r\u00f6sborral koccint a vil\u00e1\u00e1nyk\u00f6vesdi Hotel Cabernet pince\u00e9tterm\u00e9ben az asztaln\u00e1l \u00fclve\" \/>\n\t\t\t\t\t\t\t<\/a>\n\t\t\t\t\t\t\t\t\t\t\t\t\t\t<figcaption class=\"photoswipe-gallery-caption\" style=\" \"><\/figcaption>\n\n\t\t\t\t\t\t<\/figure>\n\t\t\t\t\t\t\t\t\t\t<figure class=\"msnry_items\" itemscope itemtype=\"http:\/\/schema.org\/ImageObject\" style=\"width:380px;\">\n\t\t\t\t\t\t\t<a href=\"https:\/\/hotelcabernet.hu\/wp-content\/uploads\/2022\/01\/7.-Legjobb-szallas-Villanyban.jpg\" itemprop=\"contentUrl\" data-size=\"1780x1335\" data-caption=\"\" style=\"height:277.5px;\">\n\t\t\t\t\t\t\t\t<img decoding=\"async\" class=\"msnry_thumb\" src=\"https:\/\/hotelcabernet.hu\/wp-content\/uploads\/2022\/01\/7.-Legjobb-szallas-Villanyban-760x570.jpg\" itemprop=\"thumbnail\" alt=\"A Hotel Cabernet standard k\u00e9t\u00e1gyas szob\u00e1ja, a k\u00e9pen egy dupla \u00e1gy, t\u00e9v\u00e9, \u00edr\u00f3asztal, fotel\" \/>\n\t\t\t\t\t\t\t<\/a>\n\t\t\t\t\t\t\t\t\t\t\t\t\t\t<figcaption class=\"photoswipe-gallery-caption\" style=\" \"><\/figcaption>\n\n\t\t\t\t\t\t<\/figure>\n\t\t\t\t\t\t\t\t\t\t<figure class=\"msnry_items\" itemscope itemtype=\"http:\/\/schema.org\/ImageObject\" style=\"width:380px;\">\n\t\t\t\t\t\t\t<a href=\"https:\/\/hotelcabernet.hu\/wp-content\/uploads\/2022\/01\/6.-Burgerbar_Villany_Villanykovesd-e1708697117211.jpg\" itemprop=\"contentUrl\" data-size=\"1780x1189\" data-caption=\"\" style=\"height:247.31578947368px;\">\n\t\t\t\t\t\t\t\t<img decoding=\"async\" class=\"msnry_thumb\" src=\"https:\/\/hotelcabernet.hu\/wp-content\/uploads\/2022\/01\/6.-Burgerbar_Villany_Villanykovesd-e1708697117211-760x508.jpg\" itemprop=\"thumbnail\" alt=\"A vill\u00e1nyk\u00f6vesdi Hotel Cabernet S\u00e1rga H\u00e1z Borgerez\u0151je\" \/>\n\t\t\t\t\t\t\t<\/a>\n\t\t\t\t\t\t\t\t\t\t\t\t\t\t<figcaption class=\"photoswipe-gallery-caption\" style=\" \"><\/figcaption>\n\n\t\t\t\t\t\t<\/figure>\n\t\t\t\t\t\t\t\t\t\t<figure class=\"msnry_items\" itemscope itemtype=\"http:\/\/schema.org\/ImageObject\" style=\"width:380px;\">\n\t\t\t\t\t\t\t<a href=\"https:\/\/hotelcabernet.hu\/wp-content\/uploads\/2022\/01\/9.-Terasz_Hotel_Cabernet_Villany_kovesd-1800x1200.jpg\" itemprop=\"contentUrl\" data-size=\"1800x1200\" data-caption=\"\" style=\"height:246.82894736842px;\">\n\t\t\t\t\t\t\t\t<img decoding=\"async\" class=\"msnry_thumb\" src=\"https:\/\/hotelcabernet.hu\/wp-content\/uploads\/2022\/01\/9.-Terasz_Hotel_Cabernet_Villany_kovesd-760x507.jpg\" itemprop=\"thumbnail\" alt=\"K\u00e9t p\u00e1r a ny\u00e1ri naps\u00fct\u00e9sben \u00fcl a teraszon, bort \u00e9s limon\u00e1d\u00e9t iszogat\" \/>\n\t\t\t\t\t\t\t<\/a>\n\t\t\t\t\t\t\t\t\t\t\t\t\t\t<figcaption class=\"photoswipe-gallery-caption\" style=\" \"><\/figcaption>\n\n\t\t\t\t\t\t<\/figure>\n\t\t\t\t\t\t\t\t\t\t<figure class=\"msnry_items\" itemscope itemtype=\"http:\/\/schema.org\/ImageObject\" style=\"width:380px;\">\n\t\t\t\t\t\t\t<a href=\"https:\/\/hotelcabernet.hu\/wp-content\/uploads\/2022\/01\/11.-Legszebb_Pincesor_Villanyi_Borvidek-1800x1202.jpg\" itemprop=\"contentUrl\" data-size=\"1800x1202\" data-caption=\"\" style=\"height:246.82894736842px;\">\n\t\t\t\t\t\t\t\t<img decoding=\"async\" class=\"msnry_thumb\" src=\"https:\/\/hotelcabernet.hu\/wp-content\/uploads\/2022\/01\/11.-Legszebb_Pincesor_Villanyi_Borvidek-760x507.jpg\" itemprop=\"thumbnail\" alt=\"A vill\u00e1nyk\u00f6vesdi pincesor egy naps\u00fct\u00e9ses napon musk\u00e1tlikkal bor\u00edtva\" \/>\n\t\t\t\t\t\t\t<\/a>\n\t\t\t\t\t\t\t\t\t\t\t\t\t\t<figcaption class=\"photoswipe-gallery-caption\" style=\" \"><\/figcaption>\n\n\t\t\t\t\t\t<\/figure>\n\t\t\t\t\t\t\t\t\t\t<figure class=\"msnry_items\" itemscope itemtype=\"http:\/\/schema.org\/ImageObject\" style=\"width:380px;\">\n\t\t\t\t\t\t\t<a href=\"https:\/\/hotelcabernet.hu\/wp-content\/uploads\/2022\/01\/25.-Pincesor-Villanykovesd-1800x1202.jpg\" itemprop=\"contentUrl\" data-size=\"1800x1202\" data-caption=\"\" style=\"height:246.82894736842px;\">\n\t\t\t\t\t\t\t\t<img decoding=\"async\" class=\"msnry_thumb\" src=\"https:\/\/hotelcabernet.hu\/wp-content\/uploads\/2022\/01\/25.-Pincesor-Villanykovesd-760x507.jpg\" itemprop=\"thumbnail\" alt=\"Kisebb t\u00e1rsas\u00e1g a vill\u00e1nyk\u00f6vesdi pincesoron besz\u00e9lget \u00e9s borozgat az asztaln\u00e1l \u00fclve\" \/>\n\t\t\t\t\t\t\t<\/a>\n\t\t\t\t\t\t\t\t\t\t\t\t\t\t<figcaption class=\"photoswipe-gallery-caption\" style=\" \"><\/figcaption>\n\n\t\t\t\t\t\t<\/figure>\n\t\t\t\t\t\t\t<\/div>\n\t\t<\/div>\n\t\t<div style='clear:both'><\/div>\n\n<p>Die Verpflegung unserer G\u00e4ste, die an einer Firmenveranstaltung teilnehmen, geschieht in unserem stimmungsvollen <strong><a href=\"https:\/\/hotelcabernet.hu\/boretterem\/?lang=de\">Kellerrestaurant<\/a><\/strong>, das f\u00fcr 80-100 Personen geeignet ist. Das Kellerrestaurant wartet auf seine Teilnehmer mit die hiesigen Geschm\u00e4cke bewahrenden ungarischen Gerichten und mit dem zum Restaurant geh\u00f6renden Weintresor. Im Rahmen eines Abendessens mit Weinverkostung haben unsere G\u00e4ste die M\u00f6glichkeit, die Vill\u00e1nyer Rotweine, die Rebfl\u00e4chen und die Kellerei, die der aus Vill\u00e1nyk\u00f6vesd stammenden und das Hotel f\u00fchrenden Familie Mokos geh\u00f6ren, kennenzulernen.<\/p>\n<p>F\u00fcr die bequeme Unterkunft der G\u00e4ste sorgen die 25 niveauvoll eingerichteten <strong><a href=\"https:\/\/hotelcabernet.hu\/hotel-cabernet\/zimmer\/?lang=de\">Zimmer<\/a><\/strong> des Hotel Cabernets. Alle Zimmer verf\u00fcgen \u00fcber ein eigenes Badezimmer (mit Dusche oder mit Badewanne), wifi und Klima.<\/p>\n<p style=\"text-align: justify;\">In der unmittelbaren Umgebung des Hotels bietet sich eine gute M\u00f6glichkeit f\u00fcr die Veranstaltung von <a href=\"https:\/\/hotelcabernet.hu\/programme\/?lang=de\"><strong>Outdoor-Programmen<\/strong><\/a>, beziehungsweise f\u00fcr Entspannung auch. Zum Erfolg der Veranstaltung kann auch die <a href=\"https:\/\/hotelcabernet.hu\/program\/weinverkostung-mokos-kellerei-palkonya-villany-weingegend-ungarn\/?lang=de\"><strong>Weinverkostung<\/strong><\/a>, das <a href=\"https:\/\/hotelcabernet.hu\/program\/weinabendessen-mokos-kellerei-villany-ungarn\/?lang=de\"><strong>Weinabendessen<\/strong><\/a>, wo die aus der\u00a0Kellerei der Familie Mokos stammenden Weine vorgestellt werden, <strong><a href=\"https:\/\/hotelcabernet.hu\/program\/pferdekutsche-villany\/?lang=de\">Fahren mit Pferdekutsche<\/a><\/strong>\u00a0(mit Schnapsverkostung), der Besuch sonstiger in der N\u00e4he liegenden namhaften Kellereien <a href=\"https:\/\/hotelcabernet.hu\/program\/kellergangtour-villany-weingegend-weintour-ungarn\/?lang=de\">(<strong>Kellergangtour in Vill\u00e1nyk\u00f6vesd<\/strong>)<\/a>, <strong><a href=\"https:\/\/hotelcabernet.hu\/de\/programme\/touren\/\">Ausfl\u00fcge<\/a><\/strong>, sonstige Programme im Wald (z.B.: geocaching), <a href=\"https:\/\/hotelcabernet.hu\/program\/schiffsausflug-an-der-drau-ungarn\/?lang=de\"><strong>Schiffausflug an der Drau<\/strong><\/a>, oder der Besuch der einige km entfernten <a href=\"https:\/\/hotelcabernet.hu\/de\/programme\/sehenswuerdigkeiten\/\"><strong>Sehensw\u00fcrdigkeiten<\/strong><\/a> (Vill\u00e1nyer Statuen Park, Sikl\u00f3ser Burg, Hark\u00e1ny, Palkonyaer Fischerteiche) beitragen.<\/p>\n<p>[\/vc_column_text][\/vc_column][\/vc_row]<\/p>\n<\/div>","protected":false},"excerpt":{"rendered":"<p>[vc_row][vc_column][vc_column_text]Sei es eine Konferenz, Team Bau, Erlebnistraining, Mitarbeiter- oder Kundenparty, Partnertreffen, Gesch\u00e4ftsmittagessen, Jubil\u00e4ums- oder Jahresabschlussfest, das Hotel Cabernet in Vill\u00e1nyk\u00f6vesd ist ein idealer Schauplatz f\u00fcr die Abwicklung von Unternehmensveranstaltungen, Teambautrainings [&hellip;]<\/p>\n","protected":false},"author":2,"featured_media":0,"parent":0,"menu_order":0,"comment_status":"closed","ping_status":"closed","template":"page-templates\/page-trening-helyszin.php","meta":{"_acf_changed":false,"footnotes":""},"class_list":["post-2463","page","type-page","status-publish","hentry"],"acf":[],"yoast_head":"<!-- This site is optimized with the Yoast SEO plugin v27.4 - https:\/\/yoast.com\/product\/yoast-seo-wordpress\/ -->\n<title>Training- Schauplatz - Hotel Cabernet<\/title>\n<meta name=\"robots\" content=\"index, follow, max-snippet:-1, max-image-preview:large, max-video-preview:-1\" \/>\n<link rel=\"canonical\" href=\"https:\/\/hotelcabernet.hu\/de\/villany-hotel-cabernet\/training-schauplatz-villany-wineregion\/\" \/>\n<meta property=\"og:locale\" content=\"de_DE\" \/>\n<meta property=\"og:type\" content=\"article\" \/>\n<meta property=\"og:title\" content=\"Training- Schauplatz - Hotel Cabernet\" \/>\n<meta property=\"og:description\" content=\"[vc_row][vc_column][vc_column_text]Sei es eine Konferenz, Team Bau, Erlebnistraining, Mitarbeiter- oder Kundenparty, Partnertreffen, Gesch\u00e4ftsmittagessen, Jubil\u00e4ums- oder Jahresabschlussfest, das Hotel Cabernet in Vill\u00e1nyk\u00f6vesd ist ein idealer Schauplatz f\u00fcr die Abwicklung von Unternehmensveranstaltungen, Teambautrainings [&hellip;]\" \/>\n<meta property=\"og:url\" content=\"https:\/\/hotelcabernet.hu\/de\/villany-hotel-cabernet\/training-schauplatz-villany-wineregion\/\" \/>\n<meta property=\"og:site_name\" content=\"Hotel Cabernet\" \/>\n<meta property=\"article:publisher\" content=\"https:\/\/www.facebook.com\/HotelCabernet\/\" \/>\n<meta property=\"article:modified_time\" content=\"2022-02-09T01:26:59+00:00\" \/>\n<meta name=\"twitter:card\" content=\"summary_large_image\" \/>\n<meta name=\"twitter:label1\" content=\"Gesch\u00e4tzte Lesezeit\" \/>\n\t<meta name=\"twitter:data1\" content=\"2\u00a0Minuten\" \/>\n<script type=\"application\/ld+json\" class=\"yoast-schema-graph\">{\"@context\":\"https:\\\/\\\/schema.org\",\"@graph\":[{\"@type\":\"WebPage\",\"@id\":\"https:\\\/\\\/hotelcabernet.hu\\\/de\\\/villany-hotel-cabernet\\\/training-schauplatz-villany-wineregion\\\/\",\"url\":\"https:\\\/\\\/hotelcabernet.hu\\\/de\\\/villany-hotel-cabernet\\\/training-schauplatz-villany-wineregion\\\/\",\"name\":\"Training- Schauplatz - Hotel Cabernet\",\"isPartOf\":{\"@id\":\"https:\\\/\\\/hotelcabernet.hu\\\/#website\"},\"datePublished\":\"2016-07-31T21:30:24+00:00\",\"dateModified\":\"2022-02-09T01:26:59+00:00\",\"breadcrumb\":{\"@id\":\"https:\\\/\\\/hotelcabernet.hu\\\/de\\\/villany-hotel-cabernet\\\/training-schauplatz-villany-wineregion\\\/#breadcrumb\"},\"inLanguage\":\"de\",\"potentialAction\":[{\"@type\":\"ReadAction\",\"target\":[\"https:\\\/\\\/hotelcabernet.hu\\\/de\\\/villany-hotel-cabernet\\\/training-schauplatz-villany-wineregion\\\/\"]}]},{\"@type\":\"BreadcrumbList\",\"@id\":\"https:\\\/\\\/hotelcabernet.hu\\\/de\\\/villany-hotel-cabernet\\\/training-schauplatz-villany-wineregion\\\/#breadcrumb\",\"itemListElement\":[{\"@type\":\"ListItem\",\"position\":1,\"name\":\"Home\",\"item\":\"https:\\\/\\\/hotelcabernet.hu\\\/de\\\/\"},{\"@type\":\"ListItem\",\"position\":2,\"name\":\"Hotel\",\"item\":\"https:\\\/\\\/hotelcabernet.hu\\\/de\\\/villany-hotel-cabernet\\\/\"},{\"@type\":\"ListItem\",\"position\":3,\"name\":\"Training- Schauplatz\"}]},{\"@type\":\"WebSite\",\"@id\":\"https:\\\/\\\/hotelcabernet.hu\\\/#website\",\"url\":\"https:\\\/\\\/hotelcabernet.hu\\\/\",\"name\":\"Hotel Cabernet\",\"description\":\"a Mokos Pinc\u00e9szet Borhotele\",\"potentialAction\":[{\"@type\":\"SearchAction\",\"target\":{\"@type\":\"EntryPoint\",\"urlTemplate\":\"https:\\\/\\\/hotelcabernet.hu\\\/?s={search_term_string}\"},\"query-input\":{\"@type\":\"PropertyValueSpecification\",\"valueRequired\":true,\"valueName\":\"search_term_string\"}}],\"inLanguage\":\"de\"}]}<\/script>\n<!-- \/ Yoast SEO plugin. -->","yoast_head_json":{"title":"Training- Schauplatz - Hotel Cabernet","robots":{"index":"index","follow":"follow","max-snippet":"max-snippet:-1","max-image-preview":"max-image-preview:large","max-video-preview":"max-video-preview:-1"},"canonical":"https:\/\/hotelcabernet.hu\/de\/villany-hotel-cabernet\/training-schauplatz-villany-wineregion\/","og_locale":"de_DE","og_type":"article","og_title":"Training- Schauplatz - Hotel Cabernet","og_description":"[vc_row][vc_column][vc_column_text]Sei es eine Konferenz, Team Bau, Erlebnistraining, Mitarbeiter- oder Kundenparty, Partnertreffen, Gesch\u00e4ftsmittagessen, Jubil\u00e4ums- oder Jahresabschlussfest, das Hotel Cabernet in Vill\u00e1nyk\u00f6vesd ist ein idealer Schauplatz f\u00fcr die Abwicklung von Unternehmensveranstaltungen, Teambautrainings [&hellip;]","og_url":"https:\/\/hotelcabernet.hu\/de\/villany-hotel-cabernet\/training-schauplatz-villany-wineregion\/","og_site_name":"Hotel Cabernet","article_publisher":"https:\/\/www.facebook.com\/HotelCabernet\/","article_modified_time":"2022-02-09T01:26:59+00:00","twitter_card":"summary_large_image","twitter_misc":{"Gesch\u00e4tzte Lesezeit":"2\u00a0Minuten"},"schema":{"@context":"https:\/\/schema.org","@graph":[{"@type":"WebPage","@id":"https:\/\/hotelcabernet.hu\/de\/villany-hotel-cabernet\/training-schauplatz-villany-wineregion\/","url":"https:\/\/hotelcabernet.hu\/de\/villany-hotel-cabernet\/training-schauplatz-villany-wineregion\/","name":"Training- Schauplatz - Hotel Cabernet","isPartOf":{"@id":"https:\/\/hotelcabernet.hu\/#website"},"datePublished":"2016-07-31T21:30:24+00:00","dateModified":"2022-02-09T01:26:59+00:00","breadcrumb":{"@id":"https:\/\/hotelcabernet.hu\/de\/villany-hotel-cabernet\/training-schauplatz-villany-wineregion\/#breadcrumb"},"inLanguage":"de","potentialAction":[{"@type":"ReadAction","target":["https:\/\/hotelcabernet.hu\/de\/villany-hotel-cabernet\/training-schauplatz-villany-wineregion\/"]}]},{"@type":"BreadcrumbList","@id":"https:\/\/hotelcabernet.hu\/de\/villany-hotel-cabernet\/training-schauplatz-villany-wineregion\/#breadcrumb","itemListElement":[{"@type":"ListItem","position":1,"name":"Home","item":"https:\/\/hotelcabernet.hu\/de\/"},{"@type":"ListItem","position":2,"name":"Hotel","item":"https:\/\/hotelcabernet.hu\/de\/villany-hotel-cabernet\/"},{"@type":"ListItem","position":3,"name":"Training- Schauplatz"}]},{"@type":"WebSite","@id":"https:\/\/hotelcabernet.hu\/#website","url":"https:\/\/hotelcabernet.hu\/","name":"Hotel Cabernet","description":"a Mokos Pinc\u00e9szet Borhotele","potentialAction":[{"@type":"SearchAction","target":{"@type":"EntryPoint","urlTemplate":"https:\/\/hotelcabernet.hu\/?s={search_term_string}"},"query-input":{"@type":"PropertyValueSpecification","valueRequired":true,"valueName":"search_term_string"}}],"inLanguage":"de"}]}},"_links":{"self":[{"href":"https:\/\/hotelcabernet.hu\/de\/wp-json\/wp\/v2\/pages\/2463","targetHints":{"allow":["GET"]}}],"collection":[{"href":"https:\/\/hotelcabernet.hu\/de\/wp-json\/wp\/v2\/pages"}],"about":[{"href":"https:\/\/hotelcabernet.hu\/de\/wp-json\/wp\/v2\/types\/page"}],"author":[{"embeddable":true,"href":"https:\/\/hotelcabernet.hu\/de\/wp-json\/wp\/v2\/users\/2"}],"replies":[{"embeddable":true,"href":"https:\/\/hotelcabernet.hu\/de\/wp-json\/wp\/v2\/comments?post=2463"}],"version-history":[{"count":8,"href":"https:\/\/hotelcabernet.hu\/de\/wp-json\/wp\/v2\/pages\/2463\/revisions"}],"predecessor-version":[{"id":2555,"href":"https:\/\/hotelcabernet.hu\/de\/wp-json\/wp\/v2\/pages\/2463\/revisions\/2555"}],"wp:attachment":[{"href":"https:\/\/hotelcabernet.hu\/de\/wp-json\/wp\/v2\/media?parent=2463"}],"curies":[{"name":"wp","href":"https:\/\/api.w.org\/{rel}","templated":true}]}}