{"id":2467,"date":"2016-07-31T22:36:19","date_gmt":"2016-07-31T21:36:19","guid":{"rendered":"https:\/\/hotelcabernet.hu\/?page_id=2467&#038;lang=de"},"modified":"2016-10-27T22:14:01","modified_gmt":"2016-10-27T21:14:01","slug":"villanykovesd","status":"publish","type":"page","link":"https:\/\/hotelcabernet.hu\/de\/villanykovesd\/","title":{"rendered":"Vill\u00e1nyk\u00f6vesd (Gowisch)"},"content":{"rendered":"<div class=\"wpb-content-wrapper\"><p>[vc_row][vc_column][vc_column_text]Vill\u00e1nyk\u00f6vesd liegt im s\u00fcdlichen Teil des Komitats Branau, am Fu\u00dfe des Vill\u00e1nyer Berges, der aus der Ebene der Drau ausragt, 13 km von Sikl\u00f3s und 30 km von P\u00e9cs entfernt. Die Siedlung ist ein echtes Perlenst\u00fcck des Weinweges Vill\u00e1ny- Sikl\u00f3s.<\/p>\n<h3>Die Sehensw\u00fcrdigkeiten von Vill\u00e1nyk\u00f6vesd<\/h3>\n<h4><\/h4>\n<p>[\/vc_column_text][\/vc_column][\/vc_row][vc_row][vc_column width=&#8220;2\/3&#8243;][vc_column_text]<\/p>\n<h4><strong>3 stufige kellerreihe<\/strong><\/h4>\n<p>F\u00fcr den Reisenden verraten schon von weitem auf dem Bergh\u00fcgel die auf zwei, manchmal auf drei Stra\u00dfenstufen stehenden aus 57 aneinander eng haftenden Kellern bestehenden <a href=\"https:\/\/hotelcabernet.hu\/de\/program\/villanykoevesder-denkmal-kellerreihe\/\"><strong>denkmalgesch\u00fctzten Kellerreihen<\/strong><\/a>, dass er sich auf einem Weingebiet mit gro\u00dfer Tradition befindet. Die denkmalgesch\u00fctzte Kuriosit\u00e4t der Architektur ist auch ein besonderes Fotothema. Davon abblickend sehen wir den 2 Hektar gro\u00dfen Park, wo man einen Spielplatz f\u00fcr Kinder finden kann. Erfahren Sie hier mehr \u00fcber <a href=\"https:\/\/hotelcabernet.hu\/program\/villanykoevesder-denkmal-kellerreihe\/?lang=de\"><strong>die \u00d6ffnungszeiten der Vill\u00e1nyk\u00f6vesder Keller<\/strong><\/a>!<br \/>\nDie r\u00f6misch- katholische Kirche wurde 1780 im Stil des Sp\u00e4tbarocks zu Ehren der Muttergottes erbaut.<\/p>\n<h4><\/h4>\n<p>[\/vc_column_text][\/vc_column][vc_column width=&#8220;1\/3&#8243;][vc_single_image image=&#8220;612&#8243;][\/vc_column][\/vc_row][vc_row][vc_column width=&#8220;1\/3&#8243;][vc_single_image image=&#8220;1233&#8243;][\/vc_column][vc_column width=&#8220;2\/3&#8243;][vc_column_text]<\/p>\n<h4><strong>Weinkathedrale und Weinliedfestival<\/strong><\/h4>\n<p>Die andere hervorragende Sehensw\u00fcrdigkeit der Siedlung ist der nach dem ehemaligen Feldherrn benannte <a href=\"https:\/\/hotelcabernet.hu\/de\/program\/batthyany-keller-weinkathedrale-in-villanykoevesd\/\"><strong>Batthy\u00e1ny- Gro\u00dfkeller<\/strong><\/a>, die sogenannte \u201eWeinkathedrale\u201d, die sich heute im Eigentum der Vill\u00e1nyer Produktiongemeinschaft befindet. Der \u00fcberw\u00e4ltigende Anblick der barocken Kellerarchitektur erinnert einen wirklich an eine Kathedrale. Die hier befindlichen Holzf\u00e4sser sind f\u00fcr die Lagerung von 4000 Hektoliter Wein geeignet. In der zweiten H\u00e4lfte von September wird die Er\u00f6ffnungsfeier des auch weltweit immer bekannteren und popul\u00e4reren P\u00e9cser Internationaler Weinlied Festivals schon seit Jahren hier veranstaltet.<br \/>\nErfahren Sie hier mehr \u00fcber die \u00d6ffnungszeiten, <a href=\"https:\/\/hotelcabernet.hu\/program\/batthyany-keller-weinkathedrale-in-villanykoevesd\/?lang=de\"><strong>indem Sie hier klicken<\/strong><\/a>![\/vc_column_text][\/vc_column][\/vc_row][vc_row][vc_column width=&#8220;2\/3&#8243;][vc_column_text]<\/p>\n<h4><strong>Die Geschichte von Vill\u00e1nyk\u00f6vesd <\/strong><\/h4>\n<p>Vill\u00e1nyk\u00f6vesd liegt im s\u00fcdlichen Teil des Komitats Branau, am Fu\u00dfe des Vill\u00e1nyer Berges, der aus der Ebene der Drau ausragt, 13 km von Sikl\u00f3s und 30 km von P\u00e9cs entfernt. Die Siedlung ist ein echtes Perlenst\u00fcck des Weinweges Vill\u00e1ny- Sikl\u00f3s.<\/p>\n<p>Das Gebiet von Vill\u00e1nyk\u00f6vesd war schon im 3. Jahrtausend v.Chr. bewohnt. Es trug den Namen in schriftlichen Aufzeichnungen aus 1290 Kuestd und nach zwei Jahrhunderten in einer Urkunde von 1436 steht es mit dem Namen Kwesd. In der Zeit der \u00c1rp\u00e1den wurde die Gemeinde von Ungarn bewohnt, sein Hauptbesitzer war die Familie Sikl\u00f3ssy. In der T\u00fcrkenzeit siedelten ins entv\u00f6lkerte Dorf Serben ein, ihre Herren waren die Zr\u00ednyis. In den 1750er Jahren zogen ins Dorf zahlreiche deutsche Familien. Die angesiedelten Deutschen b\u00fcrgerten in der Siedlung mit ihren gr\u00fcndlichen Fachkenntnissen eine hochqualifizierte Kultur des Weinanbaus ein. Die Gemeinde wurde zu einem der bedeutendsten Weintraubengebiete der B\u00f3lyer Feldherrschaft.<\/p>\n<p>Die Ein-und Aussiedlungen nach dem 2. Weltkrieg schonten auch die Gemeinde nicht, es kamen Ungarn aus der Umgebung Debrecen und vom Hochland. Trotzdem bewahrte die hier gebliebene Bev\u00f6lkerung die Br\u00e4uche, die Lebensgewohnheiten und die Kultur der Schwaben bis zum heutigen Tage.[\/vc_column_text][\/vc_column][vc_column width=&#8220;1\/3&#8243;][vc_single_image image=&#8220;1237&#8243;][vc_single_image image=&#8220;1769&#8243;][\/vc_column][\/vc_row]<\/p>\n<\/div>","protected":false},"excerpt":{"rendered":"<p>[vc_row][vc_column][vc_column_text]Vill\u00e1nyk\u00f6vesd liegt im s\u00fcdlichen Teil des Komitats Branau, am Fu\u00dfe des Vill\u00e1nyer Berges, der aus der Ebene der Drau ausragt, 13 km von Sikl\u00f3s und 30 km von P\u00e9cs entfernt. [&hellip;]<\/p>\n","protected":false},"author":2,"featured_media":0,"parent":0,"menu_order":0,"comment_status":"closed","ping_status":"closed","template":"","meta":{"_acf_changed":false,"footnotes":""},"class_list":["post-2467","page","type-page","status-publish","hentry"],"acf":[],"yoast_head":"<!-- This site is optimized with the Yoast SEO plugin v27.4 - https:\/\/yoast.com\/product\/yoast-seo-wordpress\/ -->\n<title>Vill\u00e1nyk\u00f6vesd (Gowisch) - Hotel Cabernet<\/title>\n<meta name=\"robots\" content=\"index, follow, max-snippet:-1, max-image-preview:large, max-video-preview:-1\" \/>\n<link rel=\"canonical\" href=\"https:\/\/hotelcabernet.hu\/de\/villany-hotel-cabernet\/villanykovesd\/\" \/>\n<meta property=\"og:locale\" content=\"de_DE\" \/>\n<meta property=\"og:type\" content=\"article\" \/>\n<meta property=\"og:title\" content=\"Vill\u00e1nyk\u00f6vesd (Gowisch) - Hotel Cabernet\" \/>\n<meta property=\"og:description\" content=\"[vc_row][vc_column][vc_column_text]Vill\u00e1nyk\u00f6vesd liegt im s\u00fcdlichen Teil des Komitats Branau, am Fu\u00dfe des Vill\u00e1nyer Berges, der aus der Ebene der Drau ausragt, 13 km von Sikl\u00f3s und 30 km von P\u00e9cs entfernt. [&hellip;]\" \/>\n<meta property=\"og:url\" content=\"https:\/\/hotelcabernet.hu\/de\/villany-hotel-cabernet\/villanykovesd\/\" \/>\n<meta property=\"og:site_name\" content=\"Hotel Cabernet\" \/>\n<meta property=\"article:publisher\" content=\"https:\/\/www.facebook.com\/HotelCabernet\/\" \/>\n<meta property=\"article:modified_time\" content=\"2016-10-27T21:14:01+00:00\" \/>\n<meta name=\"twitter:card\" content=\"summary_large_image\" \/>\n<script type=\"application\/ld+json\" class=\"yoast-schema-graph\">{\"@context\":\"https:\\\/\\\/schema.org\",\"@graph\":[{\"@type\":\"WebPage\",\"@id\":\"https:\\\/\\\/hotelcabernet.hu\\\/de\\\/villany-hotel-cabernet\\\/villanykovesd\\\/\",\"url\":\"https:\\\/\\\/hotelcabernet.hu\\\/de\\\/villany-hotel-cabernet\\\/villanykovesd\\\/\",\"name\":\"Vill\u00e1nyk\u00f6vesd (Gowisch) - Hotel Cabernet\",\"isPartOf\":{\"@id\":\"https:\\\/\\\/hotelcabernet.hu\\\/#website\"},\"datePublished\":\"2016-07-31T21:36:19+00:00\",\"dateModified\":\"2016-10-27T21:14:01+00:00\",\"breadcrumb\":{\"@id\":\"https:\\\/\\\/hotelcabernet.hu\\\/de\\\/villany-hotel-cabernet\\\/villanykovesd\\\/#breadcrumb\"},\"inLanguage\":\"de\",\"potentialAction\":[{\"@type\":\"ReadAction\",\"target\":[\"https:\\\/\\\/hotelcabernet.hu\\\/de\\\/villany-hotel-cabernet\\\/villanykovesd\\\/\"]}]},{\"@type\":\"BreadcrumbList\",\"@id\":\"https:\\\/\\\/hotelcabernet.hu\\\/de\\\/villany-hotel-cabernet\\\/villanykovesd\\\/#breadcrumb\",\"itemListElement\":[{\"@type\":\"ListItem\",\"position\":1,\"name\":\"Home\",\"item\":\"https:\\\/\\\/hotelcabernet.hu\\\/de\\\/\"},{\"@type\":\"ListItem\",\"position\":2,\"name\":\"Hotel\",\"item\":\"https:\\\/\\\/hotelcabernet.hu\\\/de\\\/villany-hotel-cabernet\\\/\"},{\"@type\":\"ListItem\",\"position\":3,\"name\":\"Vill\u00e1nyk\u00f6vesd (Gowisch)\"}]},{\"@type\":\"WebSite\",\"@id\":\"https:\\\/\\\/hotelcabernet.hu\\\/#website\",\"url\":\"https:\\\/\\\/hotelcabernet.hu\\\/\",\"name\":\"Hotel Cabernet\",\"description\":\"a Mokos Pinc\u00e9szet Borhotele\",\"potentialAction\":[{\"@type\":\"SearchAction\",\"target\":{\"@type\":\"EntryPoint\",\"urlTemplate\":\"https:\\\/\\\/hotelcabernet.hu\\\/?s={search_term_string}\"},\"query-input\":{\"@type\":\"PropertyValueSpecification\",\"valueRequired\":true,\"valueName\":\"search_term_string\"}}],\"inLanguage\":\"de\"}]}<\/script>\n<!-- \/ Yoast SEO plugin. -->","yoast_head_json":{"title":"Vill\u00e1nyk\u00f6vesd (Gowisch) - Hotel Cabernet","robots":{"index":"index","follow":"follow","max-snippet":"max-snippet:-1","max-image-preview":"max-image-preview:large","max-video-preview":"max-video-preview:-1"},"canonical":"https:\/\/hotelcabernet.hu\/de\/villany-hotel-cabernet\/villanykovesd\/","og_locale":"de_DE","og_type":"article","og_title":"Vill\u00e1nyk\u00f6vesd (Gowisch) - Hotel Cabernet","og_description":"[vc_row][vc_column][vc_column_text]Vill\u00e1nyk\u00f6vesd liegt im s\u00fcdlichen Teil des Komitats Branau, am Fu\u00dfe des Vill\u00e1nyer Berges, der aus der Ebene der Drau ausragt, 13 km von Sikl\u00f3s und 30 km von P\u00e9cs entfernt. [&hellip;]","og_url":"https:\/\/hotelcabernet.hu\/de\/villany-hotel-cabernet\/villanykovesd\/","og_site_name":"Hotel Cabernet","article_publisher":"https:\/\/www.facebook.com\/HotelCabernet\/","article_modified_time":"2016-10-27T21:14:01+00:00","twitter_card":"summary_large_image","schema":{"@context":"https:\/\/schema.org","@graph":[{"@type":"WebPage","@id":"https:\/\/hotelcabernet.hu\/de\/villany-hotel-cabernet\/villanykovesd\/","url":"https:\/\/hotelcabernet.hu\/de\/villany-hotel-cabernet\/villanykovesd\/","name":"Vill\u00e1nyk\u00f6vesd (Gowisch) - Hotel Cabernet","isPartOf":{"@id":"https:\/\/hotelcabernet.hu\/#website"},"datePublished":"2016-07-31T21:36:19+00:00","dateModified":"2016-10-27T21:14:01+00:00","breadcrumb":{"@id":"https:\/\/hotelcabernet.hu\/de\/villany-hotel-cabernet\/villanykovesd\/#breadcrumb"},"inLanguage":"de","potentialAction":[{"@type":"ReadAction","target":["https:\/\/hotelcabernet.hu\/de\/villany-hotel-cabernet\/villanykovesd\/"]}]},{"@type":"BreadcrumbList","@id":"https:\/\/hotelcabernet.hu\/de\/villany-hotel-cabernet\/villanykovesd\/#breadcrumb","itemListElement":[{"@type":"ListItem","position":1,"name":"Home","item":"https:\/\/hotelcabernet.hu\/de\/"},{"@type":"ListItem","position":2,"name":"Hotel","item":"https:\/\/hotelcabernet.hu\/de\/villany-hotel-cabernet\/"},{"@type":"ListItem","position":3,"name":"Vill\u00e1nyk\u00f6vesd (Gowisch)"}]},{"@type":"WebSite","@id":"https:\/\/hotelcabernet.hu\/#website","url":"https:\/\/hotelcabernet.hu\/","name":"Hotel Cabernet","description":"a Mokos Pinc\u00e9szet Borhotele","potentialAction":[{"@type":"SearchAction","target":{"@type":"EntryPoint","urlTemplate":"https:\/\/hotelcabernet.hu\/?s={search_term_string}"},"query-input":{"@type":"PropertyValueSpecification","valueRequired":true,"valueName":"search_term_string"}}],"inLanguage":"de"}]}},"_links":{"self":[{"href":"https:\/\/hotelcabernet.hu\/de\/wp-json\/wp\/v2\/pages\/2467","targetHints":{"allow":["GET"]}}],"collection":[{"href":"https:\/\/hotelcabernet.hu\/de\/wp-json\/wp\/v2\/pages"}],"about":[{"href":"https:\/\/hotelcabernet.hu\/de\/wp-json\/wp\/v2\/types\/page"}],"author":[{"embeddable":true,"href":"https:\/\/hotelcabernet.hu\/de\/wp-json\/wp\/v2\/users\/2"}],"replies":[{"embeddable":true,"href":"https:\/\/hotelcabernet.hu\/de\/wp-json\/wp\/v2\/comments?post=2467"}],"version-history":[{"count":6,"href":"https:\/\/hotelcabernet.hu\/de\/wp-json\/wp\/v2\/pages\/2467\/revisions"}],"predecessor-version":[{"id":4000,"href":"https:\/\/hotelcabernet.hu\/de\/wp-json\/wp\/v2\/pages\/2467\/revisions\/4000"}],"wp:attachment":[{"href":"https:\/\/hotelcabernet.hu\/de\/wp-json\/wp\/v2\/media?parent=2467"}],"curies":[{"name":"wp","href":"https:\/\/api.w.org\/{rel}","templated":true}]}}