{"id":2478,"date":"2016-08-01T11:04:11","date_gmt":"2016-08-01T10:04:11","guid":{"rendered":"https:\/\/hotelcabernet.hu\/?page_id=2478&#038;lang=de"},"modified":"2024-12-11T08:20:09","modified_gmt":"2024-12-11T07:20:09","slug":"dienstleistungen","status":"publish","type":"page","link":"https:\/\/hotelcabernet.hu\/de\/dienstleistungen\/","title":{"rendered":"Dienstleistungen"},"content":{"rendered":"<div class=\"wpb-content-wrapper\"><p>[vc_row][vc_column][vc_column_text css=&#8220;&#8220;]<\/p>\n<h4><strong>VERPFLEGUNG \u2013 HOTEL CABERNET KELLERRESTAURANT<\/strong><\/h4>\n<ul>\n<li>Fr\u00fchst\u00fccks B\u00fcfett (ist im Zimmerpreis enthalten);<\/li>\n<li>Mit Halbpension (8.000 Ft\/Person), mit Vollpension (15.500 Ft\/Person) Verpflegung auf Wunsch;<\/li>\n<li>spezielle Wochenenden mit Buffet style Halbpension (10.000 Ft\/Person)<\/li>\n<li>Auf Wunsch vegetarische Verpflegung;<\/li>\n<li>Vollfertigung f\u00fcr Gruppen, M\u00f6glichkeit f\u00fcr Fr\u00fchst\u00fccks B\u00fcfett.<\/li>\n<\/ul>\n<h4><strong>VERKEHR UND PARKEN<\/strong><\/h4>\n<ul>\n<li>Kostenlose Bus- und Parkpl\u00e4tze direkt neben dem Hotel<\/li>\n<li>Bahnhof nur wenige Gehminuten vom Hotel entfernt (Vill\u00e1ny 3 Minuten mit dem Nahverkehrszug)<\/li>\n<li>Taxi bestellen<\/li>\n<li>Transferservice, Chauffeurservice nach vorheriger Absprache<\/li>\n<\/ul>\n<h4><strong>Kinderfreundlicher Service<\/strong><\/h4>\n<ul>\n<li>Kindergitterbett, Kinderbettw\u00e4sche;<\/li>\n<li>Babystuhl;<\/li>\n<li>Wanne;<\/li>\n<li>WC Druckminderer, T\u00f6pfchen, Hocker;<\/li>\n<li>Babykostw\u00e4rmer, Mikrowellenofen in der Lobby;<\/li>\n<li>Kopfkissen f\u00fcr werdende M\u00fctter;<\/li>\n<li>Wickeltisch;<\/li>\n<li>Spielteppich;<\/li>\n<li>Babytr\u00e4ger;<\/li>\n<li>Kleinmotoren, Ballsport, Badminton Set, Basketball, Fu\u00dfball;<\/li>\n<li>In unmittelbarer N\u00e4he des Hotels befindet sich ein neuer Spiel- und Sportplatz mit Basketballkorb, Fu\u00dfballtor, Tischtennis;<\/li>\n<li>Kostenlose Billardtischbenutzung;<\/li>\n<li>Poker und Activity Gesellschaftsspiel stehen kostenlos zur Verf\u00fcgung;<\/li>\n<li>Spielzimmer \/ Spielbereich.<\/li>\n<\/ul>\n<h4><strong>KONFERENZRAUM<\/strong><\/h4>\n<ul>\n<li>Konferenzraum f\u00fcr 50-60 Personen (2 separate R\u00e4ume);<\/li>\n<li>Klimaanlage;<\/li>\n<li>Nat\u00fcrliches Licht;<\/li>\n<li>Projektionsschirm\/Leinwand;<\/li>\n<li>Projektor;<\/li>\n<li>Computer (auf Wunsch);<\/li>\n<li>Flip Chart;<\/li>\n<li>Internetzugang (Wifi).<\/li>\n<\/ul>\n<h4><strong>SONSTIGE DIENSTLEISTUNGEN<\/strong><\/h4>\n<ul>\n<li>Fax, Photokopieren;<\/li>\n<li>T\u00e4gliche Zimmerreinigung;<\/li>\n<li>Weckdienst;<\/li>\n<li>Gep\u00e4ckaufbewahrung;<\/li>\n<li>Blumenbestellung;<\/li>\n<li>Kuchenbestellung f\u00fcr Geburstagen;<\/li>\n<li>Fahrrad mieten;<\/li>\n<li>Nordic Walking mieten;<\/li>\n<li>Klimaanlage im Zimmer.<\/li>\n<\/ul>\n<h4><strong>RESERVIERUNG UND BEZAHLUNG<\/strong><\/h4>\n<ul>\n<li>Online Reservierung;<\/li>\n<li>Bezahlung mit Kreditkarte (Visa, Mastercard, Maestro);<\/li>\n<li>Szechenyi Ruhekarte (MKB, OTP, K&amp;H) Akzeptanz;<\/li>\n<li>Bezahlung mit Bargeld;<\/li>\n<li>Geschenkgutschein.<\/li>\n<\/ul>\n<p>[\/vc_column_text][\/vc_column][\/vc_row]<\/p>\n<\/div>","protected":false},"excerpt":{"rendered":"<p>[vc_row][vc_column][vc_column_text css=&#8220;&#8220;] VERPFLEGUNG \u2013 HOTEL CABERNET KELLERRESTAURANT Fr\u00fchst\u00fccks B\u00fcfett (ist im Zimmerpreis enthalten); Mit Halbpension (8.000 Ft\/Person), mit Vollpension (15.500 Ft\/Person) Verpflegung auf Wunsch; spezielle Wochenenden mit Buffet style Halbpension [&hellip;]<\/p>\n","protected":false},"author":2,"featured_media":0,"parent":0,"menu_order":0,"comment_status":"closed","ping_status":"closed","template":"","meta":{"_acf_changed":false,"footnotes":""},"class_list":["post-2478","page","type-page","status-publish","hentry"],"acf":[],"yoast_head":"<!-- This site is optimized with the Yoast SEO plugin v27.4 - https:\/\/yoast.com\/product\/yoast-seo-wordpress\/ -->\n<title>Dienstleistungen - Hotel Cabernet<\/title>\n<meta name=\"robots\" content=\"index, follow, max-snippet:-1, max-image-preview:large, max-video-preview:-1\" \/>\n<link rel=\"canonical\" href=\"https:\/\/hotelcabernet.hu\/de\/villany-hotel-cabernet\/dienstleistungen\/\" \/>\n<meta property=\"og:locale\" content=\"de_DE\" \/>\n<meta property=\"og:type\" content=\"article\" \/>\n<meta property=\"og:title\" content=\"Dienstleistungen - Hotel Cabernet\" \/>\n<meta property=\"og:description\" content=\"[vc_row][vc_column][vc_column_text css=&#8220;&#8220;] VERPFLEGUNG \u2013 HOTEL CABERNET KELLERRESTAURANT Fr\u00fchst\u00fccks B\u00fcfett (ist im Zimmerpreis enthalten); Mit Halbpension (8.000 Ft\/Person), mit Vollpension (15.500 Ft\/Person) Verpflegung auf Wunsch; spezielle Wochenenden mit Buffet style Halbpension [&hellip;]\" \/>\n<meta property=\"og:url\" content=\"https:\/\/hotelcabernet.hu\/de\/villany-hotel-cabernet\/dienstleistungen\/\" \/>\n<meta property=\"og:site_name\" content=\"Hotel Cabernet\" \/>\n<meta property=\"article:publisher\" content=\"https:\/\/www.facebook.com\/HotelCabernet\/\" \/>\n<meta property=\"article:modified_time\" content=\"2024-12-11T07:20:09+00:00\" \/>\n<meta name=\"twitter:card\" content=\"summary_large_image\" \/>\n<meta name=\"twitter:label1\" content=\"Gesch\u00e4tzte Lesezeit\" \/>\n\t<meta name=\"twitter:data1\" content=\"2\u00a0Minuten\" \/>\n<script type=\"application\/ld+json\" class=\"yoast-schema-graph\">{\"@context\":\"https:\\\/\\\/schema.org\",\"@graph\":[{\"@type\":\"WebPage\",\"@id\":\"https:\\\/\\\/hotelcabernet.hu\\\/de\\\/villany-hotel-cabernet\\\/dienstleistungen\\\/\",\"url\":\"https:\\\/\\\/hotelcabernet.hu\\\/de\\\/villany-hotel-cabernet\\\/dienstleistungen\\\/\",\"name\":\"Dienstleistungen - Hotel Cabernet\",\"isPartOf\":{\"@id\":\"https:\\\/\\\/hotelcabernet.hu\\\/#website\"},\"datePublished\":\"2016-08-01T10:04:11+00:00\",\"dateModified\":\"2024-12-11T07:20:09+00:00\",\"breadcrumb\":{\"@id\":\"https:\\\/\\\/hotelcabernet.hu\\\/de\\\/villany-hotel-cabernet\\\/dienstleistungen\\\/#breadcrumb\"},\"inLanguage\":\"de\",\"potentialAction\":[{\"@type\":\"ReadAction\",\"target\":[\"https:\\\/\\\/hotelcabernet.hu\\\/de\\\/villany-hotel-cabernet\\\/dienstleistungen\\\/\"]}]},{\"@type\":\"BreadcrumbList\",\"@id\":\"https:\\\/\\\/hotelcabernet.hu\\\/de\\\/villany-hotel-cabernet\\\/dienstleistungen\\\/#breadcrumb\",\"itemListElement\":[{\"@type\":\"ListItem\",\"position\":1,\"name\":\"Home\",\"item\":\"https:\\\/\\\/hotelcabernet.hu\\\/de\\\/\"},{\"@type\":\"ListItem\",\"position\":2,\"name\":\"Hotel\",\"item\":\"https:\\\/\\\/hotelcabernet.hu\\\/de\\\/villany-hotel-cabernet\\\/\"},{\"@type\":\"ListItem\",\"position\":3,\"name\":\"Dienstleistungen\"}]},{\"@type\":\"WebSite\",\"@id\":\"https:\\\/\\\/hotelcabernet.hu\\\/#website\",\"url\":\"https:\\\/\\\/hotelcabernet.hu\\\/\",\"name\":\"Hotel Cabernet\",\"description\":\"a Mokos Pinc\u00e9szet Borhotele\",\"potentialAction\":[{\"@type\":\"SearchAction\",\"target\":{\"@type\":\"EntryPoint\",\"urlTemplate\":\"https:\\\/\\\/hotelcabernet.hu\\\/?s={search_term_string}\"},\"query-input\":{\"@type\":\"PropertyValueSpecification\",\"valueRequired\":true,\"valueName\":\"search_term_string\"}}],\"inLanguage\":\"de\"}]}<\/script>\n<!-- \/ Yoast SEO plugin. -->","yoast_head_json":{"title":"Dienstleistungen - Hotel Cabernet","robots":{"index":"index","follow":"follow","max-snippet":"max-snippet:-1","max-image-preview":"max-image-preview:large","max-video-preview":"max-video-preview:-1"},"canonical":"https:\/\/hotelcabernet.hu\/de\/villany-hotel-cabernet\/dienstleistungen\/","og_locale":"de_DE","og_type":"article","og_title":"Dienstleistungen - Hotel Cabernet","og_description":"[vc_row][vc_column][vc_column_text css=&#8220;&#8220;] VERPFLEGUNG \u2013 HOTEL CABERNET KELLERRESTAURANT Fr\u00fchst\u00fccks B\u00fcfett (ist im Zimmerpreis enthalten); Mit Halbpension (8.000 Ft\/Person), mit Vollpension (15.500 Ft\/Person) Verpflegung auf Wunsch; spezielle Wochenenden mit Buffet style Halbpension [&hellip;]","og_url":"https:\/\/hotelcabernet.hu\/de\/villany-hotel-cabernet\/dienstleistungen\/","og_site_name":"Hotel Cabernet","article_publisher":"https:\/\/www.facebook.com\/HotelCabernet\/","article_modified_time":"2024-12-11T07:20:09+00:00","twitter_card":"summary_large_image","twitter_misc":{"Gesch\u00e4tzte Lesezeit":"2\u00a0Minuten"},"schema":{"@context":"https:\/\/schema.org","@graph":[{"@type":"WebPage","@id":"https:\/\/hotelcabernet.hu\/de\/villany-hotel-cabernet\/dienstleistungen\/","url":"https:\/\/hotelcabernet.hu\/de\/villany-hotel-cabernet\/dienstleistungen\/","name":"Dienstleistungen - Hotel Cabernet","isPartOf":{"@id":"https:\/\/hotelcabernet.hu\/#website"},"datePublished":"2016-08-01T10:04:11+00:00","dateModified":"2024-12-11T07:20:09+00:00","breadcrumb":{"@id":"https:\/\/hotelcabernet.hu\/de\/villany-hotel-cabernet\/dienstleistungen\/#breadcrumb"},"inLanguage":"de","potentialAction":[{"@type":"ReadAction","target":["https:\/\/hotelcabernet.hu\/de\/villany-hotel-cabernet\/dienstleistungen\/"]}]},{"@type":"BreadcrumbList","@id":"https:\/\/hotelcabernet.hu\/de\/villany-hotel-cabernet\/dienstleistungen\/#breadcrumb","itemListElement":[{"@type":"ListItem","position":1,"name":"Home","item":"https:\/\/hotelcabernet.hu\/de\/"},{"@type":"ListItem","position":2,"name":"Hotel","item":"https:\/\/hotelcabernet.hu\/de\/villany-hotel-cabernet\/"},{"@type":"ListItem","position":3,"name":"Dienstleistungen"}]},{"@type":"WebSite","@id":"https:\/\/hotelcabernet.hu\/#website","url":"https:\/\/hotelcabernet.hu\/","name":"Hotel Cabernet","description":"a Mokos Pinc\u00e9szet Borhotele","potentialAction":[{"@type":"SearchAction","target":{"@type":"EntryPoint","urlTemplate":"https:\/\/hotelcabernet.hu\/?s={search_term_string}"},"query-input":{"@type":"PropertyValueSpecification","valueRequired":true,"valueName":"search_term_string"}}],"inLanguage":"de"}]}},"_links":{"self":[{"href":"https:\/\/hotelcabernet.hu\/de\/wp-json\/wp\/v2\/pages\/2478","targetHints":{"allow":["GET"]}}],"collection":[{"href":"https:\/\/hotelcabernet.hu\/de\/wp-json\/wp\/v2\/pages"}],"about":[{"href":"https:\/\/hotelcabernet.hu\/de\/wp-json\/wp\/v2\/types\/page"}],"author":[{"embeddable":true,"href":"https:\/\/hotelcabernet.hu\/de\/wp-json\/wp\/v2\/users\/2"}],"replies":[{"embeddable":true,"href":"https:\/\/hotelcabernet.hu\/de\/wp-json\/wp\/v2\/comments?post=2478"}],"version-history":[{"count":14,"href":"https:\/\/hotelcabernet.hu\/de\/wp-json\/wp\/v2\/pages\/2478\/revisions"}],"predecessor-version":[{"id":22728,"href":"https:\/\/hotelcabernet.hu\/de\/wp-json\/wp\/v2\/pages\/2478\/revisions\/22728"}],"wp:attachment":[{"href":"https:\/\/hotelcabernet.hu\/de\/wp-json\/wp\/v2\/media?parent=2478"}],"curies":[{"name":"wp","href":"https:\/\/api.w.org\/{rel}","templated":true}]}}