{"id":2485,"date":"2016-08-01T11:07:24","date_gmt":"2016-08-01T10:07:24","guid":{"rendered":"https:\/\/hotelcabernet.hu\/?page_id=2485&#038;lang=de"},"modified":"2018-02-26T11:44:54","modified_gmt":"2018-02-26T10:44:54","slug":"ungarn-villanyer-weingegend-programme","status":"publish","type":"page","link":"https:\/\/hotelcabernet.hu\/de\/ungarn-villanyer-weingegend-programme\/","title":{"rendered":"Programme"},"content":{"rendered":"<div class=\"wpb-content-wrapper\"><p>[vc_row][vc_column][vc_column_text]Haben Sie schon die Vill\u00e1nyer Weingegend besucht? Wenn nicht, dann haben Sie jetzt dazu die perfekte Gelegenheit, wenn schon, dann garantieren wir, wenn Sie unser Familienhotel in Villanyk\u00f6vesd besuchen, werden Sie die Weingegend von einer ganz neuen Seite kennenlernen. Bei uns haben die G\u00e4ste nicht blo\u00df eine Unterkunft, sondern damit sie in der Begleitung unserer gastfreundlichen Arbeitskollegen und der das Hotel betreibenden Familienmitglieder, sowie in der Gesellschaft anderer G\u00e4ste frohen Mutes die Sch\u00f6nheiten der Weingegend zusammen entdecken. Die richtige Entspannung ist ein Gesellschaftserlebnis, sind Sie damit auch einverstanden?<\/p>\n<p>Was f\u00fcr Programme bieten wir an? Weinabendessen und Weinverkostungen in unserem stimmungsvollen Kellerrestaurant; Entdeckungsweintouren in den kleinen D\u00f6rfern der Vill\u00e1nyer Weingegend; Ausfl\u00fcge auf den geheimen Pfaden des Vill\u00e1nyer Berges und der Weinreben, mit einer unvergleichbaren Aussicht; Fahrradtouren und Fahrradverleih in unserem Hotel, Sehensw\u00fcrdigkeiten in der N\u00e4he (z.B.. Zsolnay Viertel, P\u00e9cs Stadtzentrum, Sikl\u00f3ser Burg), oder die \u00f6rtliche Wellness B\u00e4der (Thermal Spa Sikl\u00f3s, Hark\u00e1nyer Thermalbad).[\/vc_column_text][\/vc_column][\/vc_row][vc_row][vc_column][vc_basic_grid post_type=&#8220;program&#8220; max_items=&#8220;100&#8243; style=&#8220;load-more&#8220; orderby=&#8220;menu_order&#8220; order=&#8220;ASC&#8220; items_per_page=&#8220;100&#8243; element_width=&#8220;12&#8243; gap=&#8220;20&#8243; item=&#8220;225&#8243; grid_id=&#8220;vc_gid:1466152445435-949611d3-3d2d-4&#8243; btn_add_icon=&#8220;true&#8220; taxonomies=&#8220;31&#8243;][\/vc_column][\/vc_row]<\/p>\n<\/div>","protected":false},"excerpt":{"rendered":"<p>[vc_row][vc_column][vc_column_text]Haben Sie schon die Vill\u00e1nyer Weingegend besucht? Wenn nicht, dann haben Sie jetzt dazu die perfekte Gelegenheit, wenn schon, dann garantieren wir, wenn Sie unser Familienhotel in Villanyk\u00f6vesd besuchen, werden [&hellip;]<\/p>\n","protected":false},"author":2,"featured_media":0,"parent":0,"menu_order":0,"comment_status":"closed","ping_status":"closed","template":"","meta":{"_acf_changed":false,"footnotes":""},"class_list":["post-2485","page","type-page","status-publish","hentry"],"acf":[],"yoast_head":"<!-- This site is optimized with the Yoast SEO plugin v27.4 - https:\/\/yoast.com\/product\/yoast-seo-wordpress\/ -->\n<title>Programme - Hotel Cabernet<\/title>\n<meta name=\"robots\" content=\"index, follow, max-snippet:-1, max-image-preview:large, max-video-preview:-1\" \/>\n<link rel=\"canonical\" href=\"https:\/\/hotelcabernet.hu\/de\/ungarn-villanyer-weingegend-programme\/\" \/>\n<meta property=\"og:locale\" content=\"de_DE\" \/>\n<meta property=\"og:type\" content=\"article\" \/>\n<meta property=\"og:title\" content=\"Programme - Hotel Cabernet\" \/>\n<meta property=\"og:description\" content=\"[vc_row][vc_column][vc_column_text]Haben Sie schon die Vill\u00e1nyer Weingegend besucht? Wenn nicht, dann haben Sie jetzt dazu die perfekte Gelegenheit, wenn schon, dann garantieren wir, wenn Sie unser Familienhotel in Villanyk\u00f6vesd besuchen, werden [&hellip;]\" \/>\n<meta property=\"og:url\" content=\"https:\/\/hotelcabernet.hu\/de\/ungarn-villanyer-weingegend-programme\/\" \/>\n<meta property=\"og:site_name\" content=\"Hotel Cabernet\" \/>\n<meta property=\"article:publisher\" content=\"https:\/\/www.facebook.com\/HotelCabernet\/\" \/>\n<meta property=\"article:modified_time\" content=\"2018-02-26T10:44:54+00:00\" \/>\n<meta name=\"twitter:card\" content=\"summary_large_image\" \/>\n<script type=\"application\/ld+json\" class=\"yoast-schema-graph\">{\"@context\":\"https:\\\/\\\/schema.org\",\"@graph\":[{\"@type\":\"WebPage\",\"@id\":\"https:\\\/\\\/hotelcabernet.hu\\\/de\\\/ungarn-villanyer-weingegend-programme\\\/\",\"url\":\"https:\\\/\\\/hotelcabernet.hu\\\/de\\\/ungarn-villanyer-weingegend-programme\\\/\",\"name\":\"Programme - Hotel Cabernet\",\"isPartOf\":{\"@id\":\"https:\\\/\\\/hotelcabernet.hu\\\/#website\"},\"datePublished\":\"2016-08-01T10:07:24+00:00\",\"dateModified\":\"2018-02-26T10:44:54+00:00\",\"breadcrumb\":{\"@id\":\"https:\\\/\\\/hotelcabernet.hu\\\/de\\\/ungarn-villanyer-weingegend-programme\\\/#breadcrumb\"},\"inLanguage\":\"de\",\"potentialAction\":[{\"@type\":\"ReadAction\",\"target\":[\"https:\\\/\\\/hotelcabernet.hu\\\/de\\\/ungarn-villanyer-weingegend-programme\\\/\"]}]},{\"@type\":\"BreadcrumbList\",\"@id\":\"https:\\\/\\\/hotelcabernet.hu\\\/de\\\/ungarn-villanyer-weingegend-programme\\\/#breadcrumb\",\"itemListElement\":[{\"@type\":\"ListItem\",\"position\":1,\"name\":\"Home\",\"item\":\"https:\\\/\\\/hotelcabernet.hu\\\/de\\\/\"},{\"@type\":\"ListItem\",\"position\":2,\"name\":\"Programme\"}]},{\"@type\":\"WebSite\",\"@id\":\"https:\\\/\\\/hotelcabernet.hu\\\/#website\",\"url\":\"https:\\\/\\\/hotelcabernet.hu\\\/\",\"name\":\"Hotel Cabernet\",\"description\":\"a Mokos Pinc\u00e9szet Borhotele\",\"potentialAction\":[{\"@type\":\"SearchAction\",\"target\":{\"@type\":\"EntryPoint\",\"urlTemplate\":\"https:\\\/\\\/hotelcabernet.hu\\\/?s={search_term_string}\"},\"query-input\":{\"@type\":\"PropertyValueSpecification\",\"valueRequired\":true,\"valueName\":\"search_term_string\"}}],\"inLanguage\":\"de\"}]}<\/script>\n<!-- \/ Yoast SEO plugin. -->","yoast_head_json":{"title":"Programme - Hotel Cabernet","robots":{"index":"index","follow":"follow","max-snippet":"max-snippet:-1","max-image-preview":"max-image-preview:large","max-video-preview":"max-video-preview:-1"},"canonical":"https:\/\/hotelcabernet.hu\/de\/ungarn-villanyer-weingegend-programme\/","og_locale":"de_DE","og_type":"article","og_title":"Programme - Hotel Cabernet","og_description":"[vc_row][vc_column][vc_column_text]Haben Sie schon die Vill\u00e1nyer Weingegend besucht? Wenn nicht, dann haben Sie jetzt dazu die perfekte Gelegenheit, wenn schon, dann garantieren wir, wenn Sie unser Familienhotel in Villanyk\u00f6vesd besuchen, werden [&hellip;]","og_url":"https:\/\/hotelcabernet.hu\/de\/ungarn-villanyer-weingegend-programme\/","og_site_name":"Hotel Cabernet","article_publisher":"https:\/\/www.facebook.com\/HotelCabernet\/","article_modified_time":"2018-02-26T10:44:54+00:00","twitter_card":"summary_large_image","schema":{"@context":"https:\/\/schema.org","@graph":[{"@type":"WebPage","@id":"https:\/\/hotelcabernet.hu\/de\/ungarn-villanyer-weingegend-programme\/","url":"https:\/\/hotelcabernet.hu\/de\/ungarn-villanyer-weingegend-programme\/","name":"Programme - Hotel Cabernet","isPartOf":{"@id":"https:\/\/hotelcabernet.hu\/#website"},"datePublished":"2016-08-01T10:07:24+00:00","dateModified":"2018-02-26T10:44:54+00:00","breadcrumb":{"@id":"https:\/\/hotelcabernet.hu\/de\/ungarn-villanyer-weingegend-programme\/#breadcrumb"},"inLanguage":"de","potentialAction":[{"@type":"ReadAction","target":["https:\/\/hotelcabernet.hu\/de\/ungarn-villanyer-weingegend-programme\/"]}]},{"@type":"BreadcrumbList","@id":"https:\/\/hotelcabernet.hu\/de\/ungarn-villanyer-weingegend-programme\/#breadcrumb","itemListElement":[{"@type":"ListItem","position":1,"name":"Home","item":"https:\/\/hotelcabernet.hu\/de\/"},{"@type":"ListItem","position":2,"name":"Programme"}]},{"@type":"WebSite","@id":"https:\/\/hotelcabernet.hu\/#website","url":"https:\/\/hotelcabernet.hu\/","name":"Hotel Cabernet","description":"a Mokos Pinc\u00e9szet Borhotele","potentialAction":[{"@type":"SearchAction","target":{"@type":"EntryPoint","urlTemplate":"https:\/\/hotelcabernet.hu\/?s={search_term_string}"},"query-input":{"@type":"PropertyValueSpecification","valueRequired":true,"valueName":"search_term_string"}}],"inLanguage":"de"}]}},"_links":{"self":[{"href":"https:\/\/hotelcabernet.hu\/de\/wp-json\/wp\/v2\/pages\/2485","targetHints":{"allow":["GET"]}}],"collection":[{"href":"https:\/\/hotelcabernet.hu\/de\/wp-json\/wp\/v2\/pages"}],"about":[{"href":"https:\/\/hotelcabernet.hu\/de\/wp-json\/wp\/v2\/types\/page"}],"author":[{"embeddable":true,"href":"https:\/\/hotelcabernet.hu\/de\/wp-json\/wp\/v2\/users\/2"}],"replies":[{"embeddable":true,"href":"https:\/\/hotelcabernet.hu\/de\/wp-json\/wp\/v2\/comments?post=2485"}],"version-history":[{"count":5,"href":"https:\/\/hotelcabernet.hu\/de\/wp-json\/wp\/v2\/pages\/2485\/revisions"}],"predecessor-version":[{"id":7940,"href":"https:\/\/hotelcabernet.hu\/de\/wp-json\/wp\/v2\/pages\/2485\/revisions\/7940"}],"wp:attachment":[{"href":"https:\/\/hotelcabernet.hu\/de\/wp-json\/wp\/v2\/media?parent=2485"}],"curies":[{"name":"wp","href":"https:\/\/api.w.org\/{rel}","templated":true}]}}