{"id":2941,"date":"2016-08-29T13:24:26","date_gmt":"2016-08-29T12:24:26","guid":{"rendered":"https:\/\/hotelcabernet.hu\/de\/?page_id=2941"},"modified":"2016-08-29T13:24:26","modified_gmt":"2016-08-29T12:24:26","slug":"danke","status":"publish","type":"page","link":"https:\/\/hotelcabernet.hu\/de\/danke\/","title":{"rendered":"Danke"},"content":{"rendered":"<div class=\"wpb-content-wrapper\"><p>[vc_row][vc_column][vc_column_text]<span class=\"tx\">Danke!<\/span><br \/>\n<span class=\"tx\">Die angegebenen Angaben wurden von unserem System<\/span><span class=\"tx\">gespeichert, wor\u00fcber wie Ihnen auf Ihre e-mail Adresse<\/span><span class=\"tx\">\u00a0auch eine Nachricht sendeten.<\/span><br \/>\n<span class=\"tx\">Unser Mitarbeiter setzt sich mit Ihnen in K\u00fcrze in Verbindung.<\/span><span class=\"tx\">Insofern es innerhalb 24 Stunden nicht geschehen w\u00fcrde,<\/span><span class=\"tx\">informieren Sie sich bitte auf unserer e-mail Adresse<\/span><span class=\"tx\">(info@hotelcabernet.hu) oder per Telefon (+36\/72-493-200),<\/span><span class=\"tx\">um die Unannehmlichkeiten zu vermeiden.<\/span><br \/>\n<span class=\"tx\">Insofern keine Nachricht in Ihr e-mail Postfach ankam,<\/span><span class=\"tx\">kontrollieren Sie bitte die Richtigkeit Ihrer angegebenen e-<\/span><span class=\"tx\">mail Adresse, oder Ihre Spam Mappe!<br \/>\n<\/span><br \/>\n<span class=\"tx\">Mit freundlichen Gr\u00fc\u00dfen:<br \/>\n<\/span><br \/>\n<span class=\"tx\">Hotel Cabernet<br \/>\n<\/span><span class=\"tx\">7772,\u00a0<\/span><span class=\"tx f113\">Vill\u00e1nyk\u00f6vesd, Pet\u0151fi S. u. 29.<br \/>\n<\/span><span class=\"tx\">Tel.: +36\/72-493-200<br \/>\n<\/span><span class=\"tx\">E-mail:\u00a0<\/span><span class=\"tx f22\">info@hotelcabernet.hu<\/span>[\/vc_column_text][\/vc_column][\/vc_row]<\/p>\n<\/div>","protected":false},"excerpt":{"rendered":"<p>[vc_row][vc_column][vc_column_text]Danke! Die angegebenen Angaben wurden von unserem Systemgespeichert, wor\u00fcber wie Ihnen auf Ihre e-mail Adresse\u00a0auch eine Nachricht sendeten. Unser Mitarbeiter setzt sich mit Ihnen in K\u00fcrze in Verbindung.Insofern es innerhalb [&hellip;]<\/p>\n","protected":false},"author":10,"featured_media":0,"parent":0,"menu_order":0,"comment_status":"closed","ping_status":"closed","template":"","meta":{"_acf_changed":false,"footnotes":""},"class_list":["post-2941","page","type-page","status-publish","hentry"],"acf":[],"yoast_head":"<!-- This site is optimized with the Yoast SEO plugin v27.6 - https:\/\/yoast.com\/product\/yoast-seo-wordpress\/ -->\n<title>Danke - Hotel Cabernet<\/title>\n<meta name=\"robots\" content=\"index, follow, max-snippet:-1, max-image-preview:large, max-video-preview:-1\" \/>\n<link rel=\"canonical\" href=\"https:\/\/hotelcabernet.hu\/de\/danke\/\" \/>\n<meta property=\"og:locale\" content=\"de_DE\" \/>\n<meta property=\"og:type\" content=\"article\" \/>\n<meta property=\"og:title\" content=\"Danke - Hotel Cabernet\" \/>\n<meta property=\"og:description\" content=\"[vc_row][vc_column][vc_column_text]Danke! Die angegebenen Angaben wurden von unserem Systemgespeichert, wor\u00fcber wie Ihnen auf Ihre e-mail Adresse\u00a0auch eine Nachricht sendeten. Unser Mitarbeiter setzt sich mit Ihnen in K\u00fcrze in Verbindung.Insofern es innerhalb [&hellip;]\" \/>\n<meta property=\"og:url\" content=\"https:\/\/hotelcabernet.hu\/de\/danke\/\" \/>\n<meta property=\"og:site_name\" content=\"Hotel Cabernet\" \/>\n<meta property=\"article:publisher\" content=\"https:\/\/www.facebook.com\/HotelCabernet\/\" \/>\n<meta name=\"twitter:card\" content=\"summary_large_image\" \/>\n<script type=\"application\/ld+json\" class=\"yoast-schema-graph\">{\"@context\":\"https:\\\/\\\/schema.org\",\"@graph\":[{\"@type\":\"WebPage\",\"@id\":\"https:\\\/\\\/hotelcabernet.hu\\\/de\\\/danke\\\/\",\"url\":\"https:\\\/\\\/hotelcabernet.hu\\\/de\\\/danke\\\/\",\"name\":\"Danke - Hotel Cabernet\",\"isPartOf\":{\"@id\":\"https:\\\/\\\/hotelcabernet.hu\\\/#website\"},\"datePublished\":\"2016-08-29T12:24:26+00:00\",\"breadcrumb\":{\"@id\":\"https:\\\/\\\/hotelcabernet.hu\\\/de\\\/danke\\\/#breadcrumb\"},\"inLanguage\":\"de\",\"potentialAction\":[{\"@type\":\"ReadAction\",\"target\":[\"https:\\\/\\\/hotelcabernet.hu\\\/de\\\/danke\\\/\"]}]},{\"@type\":\"BreadcrumbList\",\"@id\":\"https:\\\/\\\/hotelcabernet.hu\\\/de\\\/danke\\\/#breadcrumb\",\"itemListElement\":[{\"@type\":\"ListItem\",\"position\":1,\"name\":\"Home\",\"item\":\"https:\\\/\\\/hotelcabernet.hu\\\/de\\\/\"},{\"@type\":\"ListItem\",\"position\":2,\"name\":\"Danke\"}]},{\"@type\":\"WebSite\",\"@id\":\"https:\\\/\\\/hotelcabernet.hu\\\/#website\",\"url\":\"https:\\\/\\\/hotelcabernet.hu\\\/\",\"name\":\"Hotel Cabernet\",\"description\":\"a Mokos Pinc\u00e9szet Borhotele\",\"potentialAction\":[{\"@type\":\"SearchAction\",\"target\":{\"@type\":\"EntryPoint\",\"urlTemplate\":\"https:\\\/\\\/hotelcabernet.hu\\\/?s={search_term_string}\"},\"query-input\":{\"@type\":\"PropertyValueSpecification\",\"valueRequired\":true,\"valueName\":\"search_term_string\"}}],\"inLanguage\":\"de\"}]}<\/script>\n<!-- \/ Yoast SEO plugin. -->","yoast_head_json":{"title":"Danke - Hotel Cabernet","robots":{"index":"index","follow":"follow","max-snippet":"max-snippet:-1","max-image-preview":"max-image-preview:large","max-video-preview":"max-video-preview:-1"},"canonical":"https:\/\/hotelcabernet.hu\/de\/danke\/","og_locale":"de_DE","og_type":"article","og_title":"Danke - Hotel Cabernet","og_description":"[vc_row][vc_column][vc_column_text]Danke! Die angegebenen Angaben wurden von unserem Systemgespeichert, wor\u00fcber wie Ihnen auf Ihre e-mail Adresse\u00a0auch eine Nachricht sendeten. Unser Mitarbeiter setzt sich mit Ihnen in K\u00fcrze in Verbindung.Insofern es innerhalb [&hellip;]","og_url":"https:\/\/hotelcabernet.hu\/de\/danke\/","og_site_name":"Hotel Cabernet","article_publisher":"https:\/\/www.facebook.com\/HotelCabernet\/","twitter_card":"summary_large_image","schema":{"@context":"https:\/\/schema.org","@graph":[{"@type":"WebPage","@id":"https:\/\/hotelcabernet.hu\/de\/danke\/","url":"https:\/\/hotelcabernet.hu\/de\/danke\/","name":"Danke - Hotel Cabernet","isPartOf":{"@id":"https:\/\/hotelcabernet.hu\/#website"},"datePublished":"2016-08-29T12:24:26+00:00","breadcrumb":{"@id":"https:\/\/hotelcabernet.hu\/de\/danke\/#breadcrumb"},"inLanguage":"de","potentialAction":[{"@type":"ReadAction","target":["https:\/\/hotelcabernet.hu\/de\/danke\/"]}]},{"@type":"BreadcrumbList","@id":"https:\/\/hotelcabernet.hu\/de\/danke\/#breadcrumb","itemListElement":[{"@type":"ListItem","position":1,"name":"Home","item":"https:\/\/hotelcabernet.hu\/de\/"},{"@type":"ListItem","position":2,"name":"Danke"}]},{"@type":"WebSite","@id":"https:\/\/hotelcabernet.hu\/#website","url":"https:\/\/hotelcabernet.hu\/","name":"Hotel Cabernet","description":"a Mokos Pinc\u00e9szet Borhotele","potentialAction":[{"@type":"SearchAction","target":{"@type":"EntryPoint","urlTemplate":"https:\/\/hotelcabernet.hu\/?s={search_term_string}"},"query-input":{"@type":"PropertyValueSpecification","valueRequired":true,"valueName":"search_term_string"}}],"inLanguage":"de"}]}},"_links":{"self":[{"href":"https:\/\/hotelcabernet.hu\/de\/wp-json\/wp\/v2\/pages\/2941","targetHints":{"allow":["GET"]}}],"collection":[{"href":"https:\/\/hotelcabernet.hu\/de\/wp-json\/wp\/v2\/pages"}],"about":[{"href":"https:\/\/hotelcabernet.hu\/de\/wp-json\/wp\/v2\/types\/page"}],"author":[{"embeddable":true,"href":"https:\/\/hotelcabernet.hu\/de\/wp-json\/wp\/v2\/users\/10"}],"replies":[{"embeddable":true,"href":"https:\/\/hotelcabernet.hu\/de\/wp-json\/wp\/v2\/comments?post=2941"}],"version-history":[{"count":1,"href":"https:\/\/hotelcabernet.hu\/de\/wp-json\/wp\/v2\/pages\/2941\/revisions"}],"predecessor-version":[{"id":2942,"href":"https:\/\/hotelcabernet.hu\/de\/wp-json\/wp\/v2\/pages\/2941\/revisions\/2942"}],"wp:attachment":[{"href":"https:\/\/hotelcabernet.hu\/de\/wp-json\/wp\/v2\/media?parent=2941"}],"curies":[{"name":"wp","href":"https:\/\/api.w.org\/{rel}","templated":true}]}}