{"id":264,"date":"2016-02-09T12:19:18","date_gmt":"2016-02-09T12:19:18","guid":{"rendered":"https:\/\/hotelcabernet.hu\/?page_id=264&#038;lang=en"},"modified":"2025-07-18T07:58:08","modified_gmt":"2025-07-18T06:58:08","slug":"fooldal","status":"publish","type":"page","link":"https:\/\/hotelcabernet.hu\/en\/","title":{"rendered":"Main page"},"content":{"rendered":"<div class=\"wpb-content-wrapper\"><p>[vc_row css=&#8221;.vc_custom_1463826549283{margin-top: 0px !important;}&#8221;][vc_column][vc_column_text]<em>\u201cExtremely nice and attentive service, the restaurant is really charming and the rooms are clean and friendly. Wines of the house are really good. The hotel offers several free time programs, wine tastings, cellar visiting program. Overall good value for money.&#8221;<\/em><\/p>\n<p style=\"text-align: right;\">Simone F. (Tripadvisor)<\/p>\n<h2>about us<\/h2>\n<p>Consisting of three rows, being under monument protection, Hotel Cabernet is located at the foot of the Cellar-row of Vill\u00e1nyk\u00f6vesd with a wonderful view onto Fekete-hegy. It is an ideal starting point, not only to explore the Cellars but also the Wine Region! We await our dear Guests with 25 high-quality rooms, a cosy cellar restaurant, and a wine terrace with panoramic view. If you happen to look for both Accommodation and Experiences in Vill\u00e1ny, or, if you would like to listen to the chirping of birds in the lap of Fekete-hegy instead of noisy groups of tourists, our hotel is a perfect choice!<\/p>\n<p>The Hotel itself is a part of the cellar-row of Vill\u00e1nyk\u00f6vesd, the owners of the house used to deal with grafting and wine making. We conceived a high-quality accommodation into the once ruined and tarnished mansion which provides a precious base for getting to know the wineries with a long tradition and the beautiful historic landscape in Vill\u00e1nyk\u00f6vesd, besides the services, programmes facilitating relaxation and the gastronomy based on local traditions and wine-growing culture.<\/p>\n<p>As the hinterland of the hotel, all the treasures of the Mokos Family Premises \u2013 fisheries, fruit gardens, riding-school \u2013 make the offers even more abundant. We pay tribute to the heritage of the families that once revived the Vill\u00e1ny wine region, and we believe that traditions live on in experiences.<\/p>\n<p>Harvest experiences, pig killings, walking tours on Black Mountain (Fekete-hegy), cellar visits, visiting premises, wine dinners and wine tastings are organised. Dishes served in our wine restaurant are made unforgettable with juices of the 100 % fresh fruits, homemade jams, cheese and smoked products of our family farm and the wines and special fruit wines of Mokos Family Winery.<\/p>\n<p>We serve food specialties made from local ingredients in our rustically elegant cellar restaurant fitting into the atmosphere of the wine region, while our guests can enjoy the timeless peace and the pristine feeling of Vill\u00e1nyk\u00f6vesd, far away from the bustling of Vill\u00e1ny.[\/vc_column_text][\/vc_column][\/vc_row]<\/p>\n<\/div>","protected":false},"excerpt":{"rendered":"<p>[vc_row css=&#8221;.vc_custom_1463826549283{margin-top: 0px !important;}&#8221;][vc_column][vc_column_text]\u201cExtremely nice and attentive service, the restaurant is really charming and the rooms are clean and friendly. Wines of the house are really good. The hotel offers [&hellip;]<\/p>\n","protected":false},"author":10,"featured_media":0,"parent":0,"menu_order":0,"comment_status":"closed","ping_status":"closed","template":"","meta":{"_acf_changed":false,"footnotes":""},"class_list":["post-264","page","type-page","status-publish","hentry"],"acf":[],"yoast_head":"<!-- This site is optimized with the Yoast SEO plugin v27.4 - https:\/\/yoast.com\/product\/yoast-seo-wordpress\/ -->\n<title>Main page - Hotel Cabernet<\/title>\n<meta name=\"robots\" content=\"index, follow, max-snippet:-1, max-image-preview:large, max-video-preview:-1\" \/>\n<link rel=\"canonical\" href=\"https:\/\/hotelcabernet.hu\/en\/\" \/>\n<meta property=\"og:locale\" content=\"en_US\" \/>\n<meta property=\"og:type\" content=\"article\" \/>\n<meta property=\"og:title\" content=\"Main page - Hotel Cabernet\" \/>\n<meta property=\"og:description\" content=\"[vc_row css=&#8221;.vc_custom_1463826549283{margin-top: 0px !important;}&#8221;][vc_column][vc_column_text]\u201cExtremely nice and attentive service, the restaurant is really charming and the rooms are clean and friendly. Wines of the house are really good. The hotel offers [&hellip;]\" \/>\n<meta property=\"og:url\" content=\"https:\/\/hotelcabernet.hu\/en\/\" \/>\n<meta property=\"og:site_name\" content=\"Hotel Cabernet\" \/>\n<meta property=\"article:publisher\" content=\"https:\/\/www.facebook.com\/HotelCabernet\/\" \/>\n<meta property=\"article:modified_time\" content=\"2025-07-18T06:58:08+00:00\" \/>\n<meta name=\"twitter:card\" content=\"summary_large_image\" \/>\n<meta name=\"twitter:label1\" content=\"Est. reading time\" \/>\n\t<meta name=\"twitter:data1\" content=\"3 minutes\" \/>\n<script type=\"application\/ld+json\" class=\"yoast-schema-graph\">{\"@context\":\"https:\\\/\\\/schema.org\",\"@graph\":[{\"@type\":\"WebPage\",\"@id\":\"https:\\\/\\\/hotelcabernet.hu\\\/en\\\/\",\"url\":\"https:\\\/\\\/hotelcabernet.hu\\\/en\\\/\",\"name\":\"Main page - Hotel Cabernet\",\"isPartOf\":{\"@id\":\"https:\\\/\\\/hotelcabernet.hu\\\/#website\"},\"datePublished\":\"2016-02-09T12:19:18+00:00\",\"dateModified\":\"2025-07-18T06:58:08+00:00\",\"breadcrumb\":{\"@id\":\"https:\\\/\\\/hotelcabernet.hu\\\/en\\\/#breadcrumb\"},\"inLanguage\":\"en-US\",\"potentialAction\":[{\"@type\":\"ReadAction\",\"target\":[\"https:\\\/\\\/hotelcabernet.hu\\\/en\\\/\"]}]},{\"@type\":\"BreadcrumbList\",\"@id\":\"https:\\\/\\\/hotelcabernet.hu\\\/en\\\/#breadcrumb\",\"itemListElement\":[{\"@type\":\"ListItem\",\"position\":1,\"name\":\"Home\",\"item\":\"https:\\\/\\\/hotelcabernet.hu\\\/en\\\/\"},{\"@type\":\"ListItem\",\"position\":2,\"name\":\"Main page\"}]},{\"@type\":\"WebSite\",\"@id\":\"https:\\\/\\\/hotelcabernet.hu\\\/#website\",\"url\":\"https:\\\/\\\/hotelcabernet.hu\\\/\",\"name\":\"Hotel Cabernet\",\"description\":\"a Mokos Pinc\u00e9szet Borhotele\",\"potentialAction\":[{\"@type\":\"SearchAction\",\"target\":{\"@type\":\"EntryPoint\",\"urlTemplate\":\"https:\\\/\\\/hotelcabernet.hu\\\/?s={search_term_string}\"},\"query-input\":{\"@type\":\"PropertyValueSpecification\",\"valueRequired\":true,\"valueName\":\"search_term_string\"}}],\"inLanguage\":\"en-US\"}]}<\/script>\n<!-- \/ Yoast SEO plugin. -->","yoast_head_json":{"title":"Main page - Hotel Cabernet","robots":{"index":"index","follow":"follow","max-snippet":"max-snippet:-1","max-image-preview":"max-image-preview:large","max-video-preview":"max-video-preview:-1"},"canonical":"https:\/\/hotelcabernet.hu\/en\/","og_locale":"en_US","og_type":"article","og_title":"Main page - Hotel Cabernet","og_description":"[vc_row css=&#8221;.vc_custom_1463826549283{margin-top: 0px !important;}&#8221;][vc_column][vc_column_text]\u201cExtremely nice and attentive service, the restaurant is really charming and the rooms are clean and friendly. Wines of the house are really good. The hotel offers [&hellip;]","og_url":"https:\/\/hotelcabernet.hu\/en\/","og_site_name":"Hotel Cabernet","article_publisher":"https:\/\/www.facebook.com\/HotelCabernet\/","article_modified_time":"2025-07-18T06:58:08+00:00","twitter_card":"summary_large_image","twitter_misc":{"Est. reading time":"3 minutes"},"schema":{"@context":"https:\/\/schema.org","@graph":[{"@type":"WebPage","@id":"https:\/\/hotelcabernet.hu\/en\/","url":"https:\/\/hotelcabernet.hu\/en\/","name":"Main page - Hotel Cabernet","isPartOf":{"@id":"https:\/\/hotelcabernet.hu\/#website"},"datePublished":"2016-02-09T12:19:18+00:00","dateModified":"2025-07-18T06:58:08+00:00","breadcrumb":{"@id":"https:\/\/hotelcabernet.hu\/en\/#breadcrumb"},"inLanguage":"en-US","potentialAction":[{"@type":"ReadAction","target":["https:\/\/hotelcabernet.hu\/en\/"]}]},{"@type":"BreadcrumbList","@id":"https:\/\/hotelcabernet.hu\/en\/#breadcrumb","itemListElement":[{"@type":"ListItem","position":1,"name":"Home","item":"https:\/\/hotelcabernet.hu\/en\/"},{"@type":"ListItem","position":2,"name":"Main page"}]},{"@type":"WebSite","@id":"https:\/\/hotelcabernet.hu\/#website","url":"https:\/\/hotelcabernet.hu\/","name":"Hotel Cabernet","description":"a Mokos Pinc\u00e9szet Borhotele","potentialAction":[{"@type":"SearchAction","target":{"@type":"EntryPoint","urlTemplate":"https:\/\/hotelcabernet.hu\/?s={search_term_string}"},"query-input":{"@type":"PropertyValueSpecification","valueRequired":true,"valueName":"search_term_string"}}],"inLanguage":"en-US"}]}},"_links":{"self":[{"href":"https:\/\/hotelcabernet.hu\/en\/wp-json\/wp\/v2\/pages\/264","targetHints":{"allow":["GET"]}}],"collection":[{"href":"https:\/\/hotelcabernet.hu\/en\/wp-json\/wp\/v2\/pages"}],"about":[{"href":"https:\/\/hotelcabernet.hu\/en\/wp-json\/wp\/v2\/types\/page"}],"author":[{"embeddable":true,"href":"https:\/\/hotelcabernet.hu\/en\/wp-json\/wp\/v2\/users\/10"}],"replies":[{"embeddable":true,"href":"https:\/\/hotelcabernet.hu\/en\/wp-json\/wp\/v2\/comments?post=264"}],"version-history":[{"count":23,"href":"https:\/\/hotelcabernet.hu\/en\/wp-json\/wp\/v2\/pages\/264\/revisions"}],"predecessor-version":[{"id":25118,"href":"https:\/\/hotelcabernet.hu\/en\/wp-json\/wp\/v2\/pages\/264\/revisions\/25118"}],"wp:attachment":[{"href":"https:\/\/hotelcabernet.hu\/en\/wp-json\/wp\/v2\/media?parent=264"}],"curies":[{"name":"wp","href":"https:\/\/api.w.org\/{rel}","templated":true}]}}