{"id":2885,"date":"2016-02-16T08:51:24","date_gmt":"2016-02-16T07:51:24","guid":{"rendered":"https:\/\/hotelcabernet.hu\/en\/?page_id=2885"},"modified":"2022-02-13T01:38:00","modified_gmt":"2022-02-13T00:38:00","slug":"villany-hotel-cabernet","status":"publish","type":"page","link":"https:\/\/hotelcabernet.hu\/en\/villany-hotel-cabernet\/","title":{"rendered":"Hotel"},"content":{"rendered":"<div class=\"wpb-content-wrapper\"><p>[vc_row][vc_column][vc_column_text]Hotel Cabernet was opened in Vill\u00e1nyk\u00f6vesd in 1998, in one of the most beautiful settlements of the Vill\u00e1ny Wine Region and of the German population of Baranya county. The peaceful landscape of picturesque beauty provides an excellent opportunity to relax for those who want to escape the bustling of big cities, and in the meantime it gives a great possibility to wine lovers to relax. The settlement, which is located in the north-eastern edge of the Vill\u00e1ny Mountains, is a part of the historic wine region of Vill\u00e1ny, and thus it belongs to the villages of the Vill\u00e1ny-Sikl\u00f3s Wine Region. Hotel Cabernet is to be found in Vill\u00e1nyk\u00f6vesd, next to the world-famous cellar-row under monument protection.<\/p>\n<p>Our hotel gained its present form after the renovation of an old noble mansion, so, besides meeting all requirements of modern times, it also perfectly fits into the village landscape, preserving the elegance of the past.[\/vc_column_text][vc_column_text]<\/p>\n<h3 style=\"text-align: left;\"><a href=\"https:\/\/hotelcabernet.hu\/en\/villany-hotel-cabernet\/rooms-and-prices\/\">Comfortable rooms<\/a><\/h3>\n<p>[\/vc_column_text][vc_row_inner][vc_column_inner width=&#8221;1\/3&#8243;][vc_single_image image=&#8221;13599&#8243; img_size=&#8221;large&#8221;][\/vc_column_inner][vc_column_inner width=&#8221;2\/3&#8243;][vc_column_text]Undisturbed rest is guaranteed for our guests coming to Vill\u00e1nyk\u00f6vesd by the 18 double, 3 triple and 3 family bedrooms of Hotel Cabernet. A bathroom, television, telephone, Internet connection, and, in some cases, a balcony or an exit to the terrace belongs to each room of the hotel. Each room of the hotel can be equipped with an extra bed and is non-smoking. The spacious rooms of the hotel (halls, terrace, cellar restaurant, conference hall) provide comfortable stay to bigger groups of friends, as well.<br \/>\n<a href=\"https:\/\/hotelcabernet.hu\/en\/villany-hotel-cabernet\/rooms-and-prices\/\"><strong>More about rooms&gt;&gt;<\/strong><\/a>[\/vc_column_text][\/vc_column_inner][\/vc_row_inner][vc_empty_space height=&#8221;20&#8243;][vc_column_text]<\/p>\n<h3 style=\"text-align: left;\"><a href=\"https:\/\/hotelcabernet.hu\/en\/cabernet-wine-restaurant\/\">Cosy cellarrestaurant<\/a><\/h3>\n<p>[\/vc_column_text][vc_row_inner][vc_column_inner width=&#8221;1\/3&#8243;][vc_single_image image=&#8221;7769&#8243; img_size=&#8221;large&#8221;][\/vc_column_inner][vc_column_inner width=&#8221;2\/3&#8243;][vc_column_text]The cosy cellar restaurant within our hotel provides a perfect place for wine tastings and high-quality wine dinners, harvests, or even for romantic dinners. A wine safe and a small wine cellar also belong to the restaurant where the excellent wines of our family winery are stored, and which can be tasted by our guests visiting the hotel. This wine cellar is, by the way, the first cellar of the cellar-row of Vill\u00e1nyk\u00f6vesd.<\/p>\n<p><strong><a href=\"https:\/\/hotelcabernet.hu\/en\/cabernet-wine-restaurant\/\">More about the restaurant&gt;&gt;<\/a><\/strong>[\/vc_column_text][\/vc_column_inner][\/vc_row_inner][vc_column_text]<\/p>\n<h3 style=\"text-align: left;\"><a href=\"https:\/\/hotelcabernet.hu\/en\/mokos-wines-villany-wineregion\/\">Our winery (mokos cellar)<\/a><\/h3>\n<p>[\/vc_column_text][vc_row_inner][vc_column_inner width=&#8221;1\/3&#8243;][vc_single_image image=&#8221;5411&#8243; img_size=&#8221;large&#8221;][vc_single_image image=&#8221;5414&#8243; img_size=&#8221;large&#8221;][\/vc_column_inner][vc_column_inner width=&#8221;2\/3&#8243;][vc_column_text]If the cellars are already closed, there is no need to worry either, as you can always sip the best wines of the Vill\u00e1ny Wine Region in our restaurant or on our Tuscan-style terrace. Our guests can also taste the award-winning Vill\u00e1ny red wines of our winery, Mokos Winery.<\/p>\n<p>In addition to winery, the Mokos Family also grows fruit and livestock, so you can taste homemade jams made from 100% fruit, homemade stifolder, honey, or fresh fruit from the orchards in Palkonya during the hotel&#8217;s breakfast buffet. Our winery processes the fruit not only in the form of jam or grapewines, but we also make premium fruit wines, without the addition of water, colorants and aromas, from 100% of our own fruit. Of the hotels in Vill\u00e1ny, our unique fruit wines in the Vill\u00e1ny Wine Region can be tasted only in the Hotel Cabernet. <a href=\"https:\/\/hotelcabernet.hu\/en\/mokos-wines-villany-wineregion\/\">More about our winery &gt;&gt;<\/a>[\/vc_column_text][\/vc_column_inner][\/vc_row_inner][vc_empty_space height=&#8221;20&#8243;][vc_column_text]<\/p>\n<h3 style=\"text-align: left;\"><a href=\"https:\/\/hotelcabernet.hu\/en\/hungary-villany-wine-region-programmes\/\">programmes<\/a><\/h3>\n<p>[\/vc_column_text][vc_row_inner][vc_column_inner width=&#8221;1\/3&#8243;][vc_single_image image=&#8221;5409&#8243; img_size=&#8221;large&#8221;][\/vc_column_inner][vc_column_inner width=&#8221;2\/3&#8243;][vc_column_text]If you like spending your free time in a creative way, you will definitely find the best place at us. In the environs there are numerous sporting and free time facilities, such as fishing at the fisheries of Palkonya, boat trips, excursions on the hills of Vill\u00e1ny (Fekete-hegy tour), horse-riding, horse carriage rides, wine tasting and wine dinner at Cabernet Wine Restaurant, cellar-visiting on the cellar-row of Vill\u00e1nyk\u00f6vesd, bathing in Hark\u00e1ny, trip to Sikl\u00f3s (castle-visiting and\/or spa), boat trips on the Drava, sightseeing in P\u00e9cs. About free time facilities you can find further details at the Programmes heading.<br \/>\n<strong><a href=\"https:\/\/hotelcabernet.hu\/en\/programmes\/\">More about free time programmes<\/a>\u00a0<a href=\"https:\/\/hotelcabernet.hu\/programok\/\">&gt;&gt;<\/a><\/strong>[\/vc_column_text][\/vc_column_inner][\/vc_row_inner][\/vc_column][\/vc_row]<\/p>\n<\/div>","protected":false},"excerpt":{"rendered":"<p>[vc_row][vc_column][vc_column_text]Hotel Cabernet was opened in Vill\u00e1nyk\u00f6vesd in 1998, in one of the most beautiful settlements of the Vill\u00e1ny Wine Region and of the German population of Baranya county. The peaceful [&hellip;]<\/p>\n","protected":false},"author":10,"featured_media":0,"parent":0,"menu_order":0,"comment_status":"closed","ping_status":"closed","template":"","meta":{"_acf_changed":false,"footnotes":""},"class_list":["post-2885","page","type-page","status-publish","hentry"],"acf":[],"yoast_head":"<!-- This site is optimized with the Yoast SEO plugin v27.4 - https:\/\/yoast.com\/product\/yoast-seo-wordpress\/ -->\n<title>Vill\u00e1ny - Hotel Cabernet - Legjobb \u00e1rak Vill\u00e1nyban<\/title>\n<meta name=\"description\" content=\"A vill\u00e1nyk\u00f6vesdi Pincesor l\u00e1b\u00e1n\u00e1l. Kedvez\u0151 \u00e1rak, Csal\u00e1dias hangulat. Szezon\u00e1lis \u00e9s h\u00e9tk\u00f6znapi Akci\u00f3k! K\u00e9rje aj\u00e1nlatunkat! Vill\u00e1ny Hotel Cabernet.\" \/>\n<meta name=\"robots\" content=\"index, follow, max-snippet:-1, max-image-preview:large, max-video-preview:-1\" \/>\n<link rel=\"canonical\" href=\"https:\/\/hotelcabernet.hu\/en\/villany-hotel-cabernet\/\" \/>\n<meta property=\"og:locale\" content=\"en_US\" \/>\n<meta property=\"og:type\" content=\"article\" \/>\n<meta property=\"og:title\" content=\"Vill\u00e1ny - Hotel Cabernet - Legjobb \u00e1rak Vill\u00e1nyban\" \/>\n<meta property=\"og:description\" content=\"A vill\u00e1nyk\u00f6vesdi Pincesor l\u00e1b\u00e1n\u00e1l. Kedvez\u0151 \u00e1rak, Csal\u00e1dias hangulat. Szezon\u00e1lis \u00e9s h\u00e9tk\u00f6znapi Akci\u00f3k! K\u00e9rje aj\u00e1nlatunkat! Vill\u00e1ny Hotel Cabernet.\" \/>\n<meta property=\"og:url\" content=\"https:\/\/hotelcabernet.hu\/en\/villany-hotel-cabernet\/\" \/>\n<meta property=\"og:site_name\" content=\"Hotel Cabernet\" \/>\n<meta property=\"article:publisher\" content=\"https:\/\/www.facebook.com\/HotelCabernet\/\" \/>\n<meta property=\"article:modified_time\" content=\"2022-02-13T00:38:00+00:00\" \/>\n<meta name=\"twitter:card\" content=\"summary_large_image\" \/>\n<meta name=\"twitter:label1\" content=\"Est. reading time\" \/>\n\t<meta name=\"twitter:data1\" content=\"3 minutes\" \/>\n<script type=\"application\/ld+json\" class=\"yoast-schema-graph\">{\"@context\":\"https:\\\/\\\/schema.org\",\"@graph\":[{\"@type\":\"WebPage\",\"@id\":\"https:\\\/\\\/hotelcabernet.hu\\\/en\\\/villany-hotel-cabernet\\\/\",\"url\":\"https:\\\/\\\/hotelcabernet.hu\\\/en\\\/villany-hotel-cabernet\\\/\",\"name\":\"Vill\u00e1ny - Hotel Cabernet - Legjobb \u00e1rak Vill\u00e1nyban\",\"isPartOf\":{\"@id\":\"https:\\\/\\\/hotelcabernet.hu\\\/#website\"},\"datePublished\":\"2016-02-16T07:51:24+00:00\",\"dateModified\":\"2022-02-13T00:38:00+00:00\",\"description\":\"A vill\u00e1nyk\u00f6vesdi Pincesor l\u00e1b\u00e1n\u00e1l. Kedvez\u0151 \u00e1rak, Csal\u00e1dias hangulat. Szezon\u00e1lis \u00e9s h\u00e9tk\u00f6znapi Akci\u00f3k! K\u00e9rje aj\u00e1nlatunkat! Vill\u00e1ny Hotel Cabernet.\",\"breadcrumb\":{\"@id\":\"https:\\\/\\\/hotelcabernet.hu\\\/en\\\/villany-hotel-cabernet\\\/#breadcrumb\"},\"inLanguage\":\"en-US\",\"potentialAction\":[{\"@type\":\"ReadAction\",\"target\":[\"https:\\\/\\\/hotelcabernet.hu\\\/en\\\/villany-hotel-cabernet\\\/\"]}]},{\"@type\":\"BreadcrumbList\",\"@id\":\"https:\\\/\\\/hotelcabernet.hu\\\/en\\\/villany-hotel-cabernet\\\/#breadcrumb\",\"itemListElement\":[{\"@type\":\"ListItem\",\"position\":1,\"name\":\"Home\",\"item\":\"https:\\\/\\\/hotelcabernet.hu\\\/en\\\/\"},{\"@type\":\"ListItem\",\"position\":2,\"name\":\"Hotel\"}]},{\"@type\":\"WebSite\",\"@id\":\"https:\\\/\\\/hotelcabernet.hu\\\/#website\",\"url\":\"https:\\\/\\\/hotelcabernet.hu\\\/\",\"name\":\"Hotel Cabernet\",\"description\":\"a Mokos Pinc\u00e9szet Borhotele\",\"potentialAction\":[{\"@type\":\"SearchAction\",\"target\":{\"@type\":\"EntryPoint\",\"urlTemplate\":\"https:\\\/\\\/hotelcabernet.hu\\\/?s={search_term_string}\"},\"query-input\":{\"@type\":\"PropertyValueSpecification\",\"valueRequired\":true,\"valueName\":\"search_term_string\"}}],\"inLanguage\":\"en-US\"}]}<\/script>\n<!-- \/ Yoast SEO plugin. -->","yoast_head_json":{"title":"Vill\u00e1ny - Hotel Cabernet - Legjobb \u00e1rak Vill\u00e1nyban","description":"A vill\u00e1nyk\u00f6vesdi Pincesor l\u00e1b\u00e1n\u00e1l. Kedvez\u0151 \u00e1rak, Csal\u00e1dias hangulat. Szezon\u00e1lis \u00e9s h\u00e9tk\u00f6znapi Akci\u00f3k! K\u00e9rje aj\u00e1nlatunkat! Vill\u00e1ny Hotel Cabernet.","robots":{"index":"index","follow":"follow","max-snippet":"max-snippet:-1","max-image-preview":"max-image-preview:large","max-video-preview":"max-video-preview:-1"},"canonical":"https:\/\/hotelcabernet.hu\/en\/villany-hotel-cabernet\/","og_locale":"en_US","og_type":"article","og_title":"Vill\u00e1ny - Hotel Cabernet - Legjobb \u00e1rak Vill\u00e1nyban","og_description":"A vill\u00e1nyk\u00f6vesdi Pincesor l\u00e1b\u00e1n\u00e1l. Kedvez\u0151 \u00e1rak, Csal\u00e1dias hangulat. Szezon\u00e1lis \u00e9s h\u00e9tk\u00f6znapi Akci\u00f3k! K\u00e9rje aj\u00e1nlatunkat! Vill\u00e1ny Hotel Cabernet.","og_url":"https:\/\/hotelcabernet.hu\/en\/villany-hotel-cabernet\/","og_site_name":"Hotel Cabernet","article_publisher":"https:\/\/www.facebook.com\/HotelCabernet\/","article_modified_time":"2022-02-13T00:38:00+00:00","twitter_card":"summary_large_image","twitter_misc":{"Est. reading time":"3 minutes"},"schema":{"@context":"https:\/\/schema.org","@graph":[{"@type":"WebPage","@id":"https:\/\/hotelcabernet.hu\/en\/villany-hotel-cabernet\/","url":"https:\/\/hotelcabernet.hu\/en\/villany-hotel-cabernet\/","name":"Vill\u00e1ny - Hotel Cabernet - Legjobb \u00e1rak Vill\u00e1nyban","isPartOf":{"@id":"https:\/\/hotelcabernet.hu\/#website"},"datePublished":"2016-02-16T07:51:24+00:00","dateModified":"2022-02-13T00:38:00+00:00","description":"A vill\u00e1nyk\u00f6vesdi Pincesor l\u00e1b\u00e1n\u00e1l. Kedvez\u0151 \u00e1rak, Csal\u00e1dias hangulat. Szezon\u00e1lis \u00e9s h\u00e9tk\u00f6znapi Akci\u00f3k! K\u00e9rje aj\u00e1nlatunkat! Vill\u00e1ny Hotel Cabernet.","breadcrumb":{"@id":"https:\/\/hotelcabernet.hu\/en\/villany-hotel-cabernet\/#breadcrumb"},"inLanguage":"en-US","potentialAction":[{"@type":"ReadAction","target":["https:\/\/hotelcabernet.hu\/en\/villany-hotel-cabernet\/"]}]},{"@type":"BreadcrumbList","@id":"https:\/\/hotelcabernet.hu\/en\/villany-hotel-cabernet\/#breadcrumb","itemListElement":[{"@type":"ListItem","position":1,"name":"Home","item":"https:\/\/hotelcabernet.hu\/en\/"},{"@type":"ListItem","position":2,"name":"Hotel"}]},{"@type":"WebSite","@id":"https:\/\/hotelcabernet.hu\/#website","url":"https:\/\/hotelcabernet.hu\/","name":"Hotel Cabernet","description":"a Mokos Pinc\u00e9szet Borhotele","potentialAction":[{"@type":"SearchAction","target":{"@type":"EntryPoint","urlTemplate":"https:\/\/hotelcabernet.hu\/?s={search_term_string}"},"query-input":{"@type":"PropertyValueSpecification","valueRequired":true,"valueName":"search_term_string"}}],"inLanguage":"en-US"}]}},"_links":{"self":[{"href":"https:\/\/hotelcabernet.hu\/en\/wp-json\/wp\/v2\/pages\/2885","targetHints":{"allow":["GET"]}}],"collection":[{"href":"https:\/\/hotelcabernet.hu\/en\/wp-json\/wp\/v2\/pages"}],"about":[{"href":"https:\/\/hotelcabernet.hu\/en\/wp-json\/wp\/v2\/types\/page"}],"author":[{"embeddable":true,"href":"https:\/\/hotelcabernet.hu\/en\/wp-json\/wp\/v2\/users\/10"}],"replies":[{"embeddable":true,"href":"https:\/\/hotelcabernet.hu\/en\/wp-json\/wp\/v2\/comments?post=2885"}],"version-history":[{"count":15,"href":"https:\/\/hotelcabernet.hu\/en\/wp-json\/wp\/v2\/pages\/2885\/revisions"}],"predecessor-version":[{"id":14229,"href":"https:\/\/hotelcabernet.hu\/en\/wp-json\/wp\/v2\/pages\/2885\/revisions\/14229"}],"wp:attachment":[{"href":"https:\/\/hotelcabernet.hu\/en\/wp-json\/wp\/v2\/media?parent=2885"}],"curies":[{"name":"wp","href":"https:\/\/api.w.org\/{rel}","templated":true}]}}