{"id":2929,"date":"2016-08-28T16:38:50","date_gmt":"2016-08-28T15:38:50","guid":{"rendered":"https:\/\/hotelcabernet.hu\/en\/?page_id=2929"},"modified":"2016-10-27T22:36:48","modified_gmt":"2016-10-27T21:36:48","slug":"availability","status":"publish","type":"page","link":"https:\/\/hotelcabernet.hu\/en\/availability\/","title":{"rendered":"Availability"},"content":{"rendered":"<div class=\"wpb-content-wrapper\"><p>[vc_row][vc_column][vc_column_text]<strong>Contact:\u00a0<\/strong><br \/>\nHeadquarters: 7772, Vill\u00e1nyk\u00f6vesd, Pet\u0151fi utca 29.<br \/>\nGPS:\u00a045.8803008,18.4262791<br \/>\nTelephone number: +36-72-493-200<br \/>\nEmail address: info@hotelcabernet.hu<\/p>\n<p><strong>Company data:<\/strong><br \/>\nTax number: HU23087866<br \/>\nRegistered business number:\u00a002-09-076-752<br \/>\nIBAN: HU26 50400113-11092368-00000000<br \/>\nSWIFT: TAKBHUHB<br \/>\nBank: Moh\u00e1csi Takar\u00e9k Bank Zrt.[\/vc_column_text][\/vc_column][\/vc_row][vc_row][vc_column][vc_gmaps link=&#8221;#E-8_JTNDaWZyYW1lJTIwc3JjJTNEJTIyaHR0cHMlM0ElMkYlMkZ3d3cuZ29vZ2xlLmNvbSUyRm1hcHMlMkZlbWJlZCUzRnBiJTNEJTIxMW0xOCUyMTFtMTIlMjExbTMlMjExZDQ0NDQwLjY4OTg1NDE5MTE5NCUyMTJkMTguMzkwMjI5MDc2MTg4NDMlMjEzZDQ1Ljg4MDQ0OTcxMzU5MjE0JTIxMm0zJTIxMWYwJTIxMmYwJTIxM2YwJTIxM20yJTIxMWkxMDI0JTIxMmk3NjglMjE0ZjEzLjElMjEzbTMlMjExbTIlMjExczB4NDc1ZDMzYzY3NjA4NmI1NSUyNTNBMHg2NjA0NGNjYzlmNDQxNWMlMjEyelZtbHNiTU9oYm5scnc3WjJaWE5rTENCUVpYVEZrV1pwSUhVdUlESTVMQ0EzTnpjeSUyMTVlMCUyMTNtMiUyMTFzaHUlMjEyc2h1JTIxNHYxNDY3MzA1Nzg1ODU0JTIyJTIwd2lkdGglM0QlMjI2MDAlMjIlMjBoZWlnaHQlM0QlMjI0NTAlMjIlMjBmcmFtZWJvcmRlciUzRCUyMjAlMjIlMjBzdHlsZSUzRCUyMmJvcmRlciUzQTAlMjIlMjBhbGxvd2Z1bGxzY3JlZW4lM0UlM0MlMkZpZnJhbWUlM0U=&#8221;][\/vc_column][\/vc_row][vc_row][vc_column][vc_column_text]<\/p>\n<p>[\/vc_column_text][\/vc_column][\/vc_row]<\/p>\n<\/div>","protected":false},"excerpt":{"rendered":"<p>[vc_row][vc_column][vc_column_text]Contact:\u00a0 Headquarters: 7772, Vill\u00e1nyk\u00f6vesd, Pet\u0151fi utca 29. GPS:\u00a045.8803008,18.4262791 Telephone number: +36-72-493-200 Email address: info@hotelcabernet.hu Company data: Tax number: HU23087866 Registered business number:\u00a002-09-076-752 IBAN: HU26 50400113-11092368-00000000 SWIFT: TAKBHUHB Bank: Moh\u00e1csi Takar\u00e9k [&hellip;]<\/p>\n","protected":false},"author":2,"featured_media":0,"parent":0,"menu_order":0,"comment_status":"closed","ping_status":"closed","template":"","meta":{"_acf_changed":false,"footnotes":""},"class_list":["post-2929","page","type-page","status-publish","hentry"],"acf":[],"yoast_head":"<!-- This site is optimized with the Yoast SEO plugin v27.4 - https:\/\/yoast.com\/product\/yoast-seo-wordpress\/ -->\n<title>Availability - Hotel Cabernet<\/title>\n<meta name=\"robots\" content=\"index, follow, max-snippet:-1, max-image-preview:large, max-video-preview:-1\" \/>\n<link rel=\"canonical\" href=\"https:\/\/hotelcabernet.hu\/en\/villany-hotel-cabernet\/availability\/\" \/>\n<meta property=\"og:locale\" content=\"en_US\" \/>\n<meta property=\"og:type\" content=\"article\" \/>\n<meta property=\"og:title\" content=\"Availability - Hotel Cabernet\" \/>\n<meta property=\"og:description\" content=\"[vc_row][vc_column][vc_column_text]Contact:\u00a0 Headquarters: 7772, Vill\u00e1nyk\u00f6vesd, Pet\u0151fi utca 29. GPS:\u00a045.8803008,18.4262791 Telephone number: +36-72-493-200 Email address: info@hotelcabernet.hu Company data: Tax number: HU23087866 Registered business number:\u00a002-09-076-752 IBAN: HU26 50400113-11092368-00000000 SWIFT: TAKBHUHB Bank: Moh\u00e1csi Takar\u00e9k [&hellip;]\" \/>\n<meta property=\"og:url\" content=\"https:\/\/hotelcabernet.hu\/en\/villany-hotel-cabernet\/availability\/\" \/>\n<meta property=\"og:site_name\" content=\"Hotel Cabernet\" \/>\n<meta property=\"article:publisher\" content=\"https:\/\/www.facebook.com\/HotelCabernet\/\" \/>\n<meta property=\"article:modified_time\" content=\"2016-10-27T21:36:48+00:00\" \/>\n<meta name=\"twitter:card\" content=\"summary_large_image\" \/>\n<script type=\"application\/ld+json\" class=\"yoast-schema-graph\">{\"@context\":\"https:\\\/\\\/schema.org\",\"@graph\":[{\"@type\":\"WebPage\",\"@id\":\"https:\\\/\\\/hotelcabernet.hu\\\/en\\\/villany-hotel-cabernet\\\/availability\\\/\",\"url\":\"https:\\\/\\\/hotelcabernet.hu\\\/en\\\/villany-hotel-cabernet\\\/availability\\\/\",\"name\":\"Availability - Hotel Cabernet\",\"isPartOf\":{\"@id\":\"https:\\\/\\\/hotelcabernet.hu\\\/#website\"},\"datePublished\":\"2016-08-28T15:38:50+00:00\",\"dateModified\":\"2016-10-27T21:36:48+00:00\",\"breadcrumb\":{\"@id\":\"https:\\\/\\\/hotelcabernet.hu\\\/en\\\/villany-hotel-cabernet\\\/availability\\\/#breadcrumb\"},\"inLanguage\":\"en-US\",\"potentialAction\":[{\"@type\":\"ReadAction\",\"target\":[\"https:\\\/\\\/hotelcabernet.hu\\\/en\\\/villany-hotel-cabernet\\\/availability\\\/\"]}]},{\"@type\":\"BreadcrumbList\",\"@id\":\"https:\\\/\\\/hotelcabernet.hu\\\/en\\\/villany-hotel-cabernet\\\/availability\\\/#breadcrumb\",\"itemListElement\":[{\"@type\":\"ListItem\",\"position\":1,\"name\":\"Home\",\"item\":\"https:\\\/\\\/hotelcabernet.hu\\\/en\\\/\"},{\"@type\":\"ListItem\",\"position\":2,\"name\":\"Hotel\",\"item\":\"https:\\\/\\\/hotelcabernet.hu\\\/en\\\/villany-hotel-cabernet\\\/\"},{\"@type\":\"ListItem\",\"position\":3,\"name\":\"Availability\"}]},{\"@type\":\"WebSite\",\"@id\":\"https:\\\/\\\/hotelcabernet.hu\\\/#website\",\"url\":\"https:\\\/\\\/hotelcabernet.hu\\\/\",\"name\":\"Hotel Cabernet\",\"description\":\"a Mokos Pinc\u00e9szet Borhotele\",\"potentialAction\":[{\"@type\":\"SearchAction\",\"target\":{\"@type\":\"EntryPoint\",\"urlTemplate\":\"https:\\\/\\\/hotelcabernet.hu\\\/?s={search_term_string}\"},\"query-input\":{\"@type\":\"PropertyValueSpecification\",\"valueRequired\":true,\"valueName\":\"search_term_string\"}}],\"inLanguage\":\"en-US\"}]}<\/script>\n<!-- \/ Yoast SEO plugin. -->","yoast_head_json":{"title":"Availability - Hotel Cabernet","robots":{"index":"index","follow":"follow","max-snippet":"max-snippet:-1","max-image-preview":"max-image-preview:large","max-video-preview":"max-video-preview:-1"},"canonical":"https:\/\/hotelcabernet.hu\/en\/villany-hotel-cabernet\/availability\/","og_locale":"en_US","og_type":"article","og_title":"Availability - Hotel Cabernet","og_description":"[vc_row][vc_column][vc_column_text]Contact:\u00a0 Headquarters: 7772, Vill\u00e1nyk\u00f6vesd, Pet\u0151fi utca 29. GPS:\u00a045.8803008,18.4262791 Telephone number: +36-72-493-200 Email address: info@hotelcabernet.hu Company data: Tax number: HU23087866 Registered business number:\u00a002-09-076-752 IBAN: HU26 50400113-11092368-00000000 SWIFT: TAKBHUHB Bank: Moh\u00e1csi Takar\u00e9k [&hellip;]","og_url":"https:\/\/hotelcabernet.hu\/en\/villany-hotel-cabernet\/availability\/","og_site_name":"Hotel Cabernet","article_publisher":"https:\/\/www.facebook.com\/HotelCabernet\/","article_modified_time":"2016-10-27T21:36:48+00:00","twitter_card":"summary_large_image","schema":{"@context":"https:\/\/schema.org","@graph":[{"@type":"WebPage","@id":"https:\/\/hotelcabernet.hu\/en\/villany-hotel-cabernet\/availability\/","url":"https:\/\/hotelcabernet.hu\/en\/villany-hotel-cabernet\/availability\/","name":"Availability - Hotel Cabernet","isPartOf":{"@id":"https:\/\/hotelcabernet.hu\/#website"},"datePublished":"2016-08-28T15:38:50+00:00","dateModified":"2016-10-27T21:36:48+00:00","breadcrumb":{"@id":"https:\/\/hotelcabernet.hu\/en\/villany-hotel-cabernet\/availability\/#breadcrumb"},"inLanguage":"en-US","potentialAction":[{"@type":"ReadAction","target":["https:\/\/hotelcabernet.hu\/en\/villany-hotel-cabernet\/availability\/"]}]},{"@type":"BreadcrumbList","@id":"https:\/\/hotelcabernet.hu\/en\/villany-hotel-cabernet\/availability\/#breadcrumb","itemListElement":[{"@type":"ListItem","position":1,"name":"Home","item":"https:\/\/hotelcabernet.hu\/en\/"},{"@type":"ListItem","position":2,"name":"Hotel","item":"https:\/\/hotelcabernet.hu\/en\/villany-hotel-cabernet\/"},{"@type":"ListItem","position":3,"name":"Availability"}]},{"@type":"WebSite","@id":"https:\/\/hotelcabernet.hu\/#website","url":"https:\/\/hotelcabernet.hu\/","name":"Hotel Cabernet","description":"a Mokos Pinc\u00e9szet Borhotele","potentialAction":[{"@type":"SearchAction","target":{"@type":"EntryPoint","urlTemplate":"https:\/\/hotelcabernet.hu\/?s={search_term_string}"},"query-input":{"@type":"PropertyValueSpecification","valueRequired":true,"valueName":"search_term_string"}}],"inLanguage":"en-US"}]}},"_links":{"self":[{"href":"https:\/\/hotelcabernet.hu\/en\/wp-json\/wp\/v2\/pages\/2929","targetHints":{"allow":["GET"]}}],"collection":[{"href":"https:\/\/hotelcabernet.hu\/en\/wp-json\/wp\/v2\/pages"}],"about":[{"href":"https:\/\/hotelcabernet.hu\/en\/wp-json\/wp\/v2\/types\/page"}],"author":[{"embeddable":true,"href":"https:\/\/hotelcabernet.hu\/en\/wp-json\/wp\/v2\/users\/2"}],"replies":[{"embeddable":true,"href":"https:\/\/hotelcabernet.hu\/en\/wp-json\/wp\/v2\/comments?post=2929"}],"version-history":[{"count":4,"href":"https:\/\/hotelcabernet.hu\/en\/wp-json\/wp\/v2\/pages\/2929\/revisions"}],"predecessor-version":[{"id":4005,"href":"https:\/\/hotelcabernet.hu\/en\/wp-json\/wp\/v2\/pages\/2929\/revisions\/4005"}],"wp:attachment":[{"href":"https:\/\/hotelcabernet.hu\/en\/wp-json\/wp\/v2\/media?parent=2929"}],"curies":[{"name":"wp","href":"https:\/\/api.w.org\/{rel}","templated":true}]}}