{"id":3091,"date":"2016-09-10T06:34:31","date_gmt":"2016-09-10T05:34:31","guid":{"rendered":"https:\/\/hotelcabernet.hu\/en\/?page_id=3091"},"modified":"2022-02-09T02:26:07","modified_gmt":"2022-02-09T01:26:07","slug":"training-place-villany-wineregion","status":"publish","type":"page","link":"https:\/\/hotelcabernet.hu\/en\/training-place-villany-wineregion\/","title":{"rendered":"Training place"},"content":{"rendered":"<div class=\"wpb-content-wrapper\"><p>[vc_row][vc_column][vc_column_text]Whether it is a conference, team-building, experience training, workers\u2019 or clients\u2019 party, partner meeting, business lunch, anniversary or end-of-the-year festival, Hotel Cabernet in Vill\u00e1nyk\u00f6vesd is a perfect place for smaller companies or classes to organise company events, team-building trainings.<\/p>\n<p>Our <strong>conference hall<\/strong> is perfectly suitable for organising professional events, conferences, meetings and trainings. The room with a capacity of 60-70 people is very bright (and can be dimmed if needed), friendly, can be air-conditioned, and its equipment completely meets modern technological requirements (projector, flip chart, projection screen, notebook).<\/p>\n<p>The <strong>extra room<\/strong> belonging to the restaurant (also for 60 to 70 people) can be used even as a training room, or as the place of a company party with music in the evening.<\/p>\n\t\t<div style=\"clear:both\"><\/div>\n\t\t<div class=\"psgal_wrap\">\n\t\t\t<div id=\"psgal_3091_1\" data-psgal_id=\"3091_1\" data-psgal_container_id=\"container_3091_1\" data-psgal_thumbnail_width=\"380\" data-psgal_use_masonary=\"0\" class=\"psgal-inline psgal gallery-columns-3 gallery-size-thumbnail use_masonry_ show_captions_1\" itemscope itemtype=\"http:\/\/schema.org\/ImageGallery\">\n\t\t\t\t\t\t\t\t\t\t<figure class=\"msnry_items\" itemscope itemtype=\"http:\/\/schema.org\/ImageObject\" style=\"width:380px;\">\n\t\t\t\t\t\t\t<a href=\"https:\/\/hotelcabernet.hu\/wp-content\/uploads\/2016\/06\/csapatepito_trening_villany.jpg\" itemprop=\"contentUrl\" data-size=\"1800x1202\" data-caption=\"\" style=\"height:246.82894736842px;\">\n\t\t\t\t\t\t\t\t<img decoding=\"async\" class=\"msnry_thumb\" src=\"https:\/\/hotelcabernet.hu\/wp-content\/uploads\/2016\/06\/csapatepito_trening_villany.jpg\" itemprop=\"thumbnail\" alt=\"Egy csapat fiatal kez\u00fcket \u00f6sszerakva mosolyognak a naps\u00fct\u00e9sben borospoh\u00e1rral a kez\u00fckben a Fekete-hegyen, l\u00e1buk el\u0151tt sz\u0151l\u0151k v\u00f6d\u00f6rben\" \/>\n\t\t\t\t\t\t\t<\/a>\n\t\t\t\t\t\t\t\t\t\t\t\t\t\t<figcaption class=\"photoswipe-gallery-caption\" style=\" \"><\/figcaption>\n\n\t\t\t\t\t\t<\/figure>\n\t\t\t\t\t\t\t\t\t\t<figure class=\"msnry_items\" itemscope itemtype=\"http:\/\/schema.org\/ImageObject\" style=\"width:380px;\">\n\t\t\t\t\t\t\t<a href=\"https:\/\/hotelcabernet.hu\/wp-content\/uploads\/2022\/01\/konferenciaterem_villany_kovesd_hotel_cabernet-1800x1200.jpg\" itemprop=\"contentUrl\" data-size=\"1800x1200\" data-caption=\"\" style=\"height:246.82894736842px;\">\n\t\t\t\t\t\t\t\t<img decoding=\"async\" class=\"msnry_thumb\" src=\"https:\/\/hotelcabernet.hu\/wp-content\/uploads\/2022\/01\/konferenciaterem_villany_kovesd_hotel_cabernet-760x507.jpg\" itemprop=\"thumbnail\" alt=\"Konferenciaterem a vill\u00e1nyk\u00f6vesdi Hotel Cabernet-ben\" \/>\n\t\t\t\t\t\t\t<\/a>\n\t\t\t\t\t\t\t\t\t\t\t\t\t\t<figcaption class=\"photoswipe-gallery-caption\" style=\" \"><\/figcaption>\n\n\t\t\t\t\t\t<\/figure>\n\t\t\t\t\t\t\t\t\t\t<figure class=\"msnry_items\" itemscope itemtype=\"http:\/\/schema.org\/ImageObject\" style=\"width:380px;\">\n\t\t\t\t\t\t\t<a href=\"https:\/\/hotelcabernet.hu\/wp-content\/uploads\/2016\/05\/pince\u00e9tterem_vill\u00e1ny_h\u00e9tv\u00e9ge_sz\u00e1ll\u00e1s-1800x1190.jpg\" itemprop=\"contentUrl\" data-size=\"1800x1190\" data-caption=\"\" style=\"height:244.39473684211px;\">\n\t\t\t\t\t\t\t\t<img decoding=\"async\" class=\"msnry_thumb\" src=\"https:\/\/hotelcabernet.hu\/wp-content\/uploads\/2016\/05\/pince\u00e9tterem_vill\u00e1ny_h\u00e9tv\u00e9ge_sz\u00e1ll\u00e1s-760x502.jpg\" itemprop=\"thumbnail\" alt=\"Pince\u00e9tterem a Hotel Cabernet-ban Vill\u00e1nyk\u00f6vesden\" \/>\n\t\t\t\t\t\t\t<\/a>\n\t\t\t\t\t\t\t\t\t\t\t\t\t\t<figcaption class=\"photoswipe-gallery-caption\" style=\" \"><\/figcaption>\n\n\t\t\t\t\t\t<\/figure>\n\t\t\t\t\t\t\t\t\t\t<figure class=\"msnry_items\" itemscope itemtype=\"http:\/\/schema.org\/ImageObject\" style=\"width:380px;\">\n\t\t\t\t\t\t\t<a href=\"https:\/\/hotelcabernet.hu\/wp-content\/uploads\/2022\/01\/1.-Hotel_Villany-1800x1198.jpg\" itemprop=\"contentUrl\" data-size=\"1800x1198\" data-caption=\"\" style=\"height:246.34210526316px;\">\n\t\t\t\t\t\t\t\t<img decoding=\"async\" class=\"msnry_thumb\" src=\"https:\/\/hotelcabernet.hu\/wp-content\/uploads\/2022\/01\/1.-Hotel_Villany-760x506.jpg\" itemprop=\"thumbnail\" alt=\"A Hotel Cabernet \u00e9p\u00fclete \u00e9s bej\u00e1rata ny\u00e1ron\" \/>\n\t\t\t\t\t\t\t<\/a>\n\t\t\t\t\t\t\t\t\t\t\t\t\t\t<figcaption class=\"photoswipe-gallery-caption\" style=\" \"><\/figcaption>\n\n\t\t\t\t\t\t<\/figure>\n\t\t\t\t\t\t\t\t\t\t<figure class=\"msnry_items\" itemscope itemtype=\"http:\/\/schema.org\/ImageObject\" style=\"width:380px;\">\n\t\t\t\t\t\t\t<a href=\"https:\/\/hotelcabernet.hu\/wp-content\/uploads\/2022\/01\/2.-Szallas_hotel_villanykovesd_recepcio-1800x1200.jpg\" itemprop=\"contentUrl\" data-size=\"1800x1200\" data-caption=\"\" style=\"height:246.82894736842px;\">\n\t\t\t\t\t\t\t\t<img decoding=\"async\" class=\"msnry_thumb\" src=\"https:\/\/hotelcabernet.hu\/wp-content\/uploads\/2022\/01\/2.-Szallas_hotel_villanykovesd_recepcio-760x507.jpg\" itemprop=\"thumbnail\" alt=\"A vill\u00e1nyk\u00f6vesdi Hotel Cabernet recepci\u00f3ja\" \/>\n\t\t\t\t\t\t\t<\/a>\n\t\t\t\t\t\t\t\t\t\t\t\t\t\t<figcaption class=\"photoswipe-gallery-caption\" style=\" \"><\/figcaption>\n\n\t\t\t\t\t\t<\/figure>\n\t\t\t\t\t\t\t\t\t\t<figure class=\"msnry_items\" itemscope itemtype=\"http:\/\/schema.org\/ImageObject\" style=\"width:380px;\">\n\t\t\t\t\t\t\t<a href=\"https:\/\/hotelcabernet.hu\/wp-content\/uploads\/2022\/01\/4.-Legjobb-reggeli-Villanyban-1800x1200.jpg\" itemprop=\"contentUrl\" data-size=\"1800x1200\" data-caption=\"\" style=\"height:246.82894736842px;\">\n\t\t\t\t\t\t\t\t<img decoding=\"async\" class=\"msnry_thumb\" src=\"https:\/\/hotelcabernet.hu\/wp-content\/uploads\/2022\/01\/4.-Legjobb-reggeli-Villanyban-760x507.jpg\" itemprop=\"thumbnail\" alt=\"Sv\u00e9dasztalos reggeli a vill\u00e1nyk\u00f6vesdi Hotel Cabernet \u00e9tterm\u00e9ben\" \/>\n\t\t\t\t\t\t\t<\/a>\n\t\t\t\t\t\t\t\t\t\t\t\t\t\t<figcaption class=\"photoswipe-gallery-caption\" style=\" \"><\/figcaption>\n\n\t\t\t\t\t\t<\/figure>\n\t\t\t\t\t\t\t\t\t\t<figure class=\"msnry_items\" itemscope itemtype=\"http:\/\/schema.org\/ImageObject\" style=\"width:380px;\">\n\t\t\t\t\t\t\t<a href=\"https:\/\/hotelcabernet.hu\/wp-content\/uploads\/2022\/01\/5.-Bortrezor_Villany.jpg\" itemprop=\"contentUrl\" data-size=\"1780x1335\" data-caption=\"\" style=\"height:277.5px;\">\n\t\t\t\t\t\t\t\t<img decoding=\"async\" class=\"msnry_thumb\" src=\"https:\/\/hotelcabernet.hu\/wp-content\/uploads\/2022\/01\/5.-Bortrezor_Villany-760x570.jpg\" itemprop=\"thumbnail\" alt=\"A vill\u00e1nyk\u00f6vesdi Hotel Cabernet pinc\u00e9j\u00e9ben egy megvil\u00e1g\u00edtott hord\u00f3, amin dekor\u00e1ci\u00f3 van\" \/>\n\t\t\t\t\t\t\t<\/a>\n\t\t\t\t\t\t\t\t\t\t\t\t\t\t<figcaption class=\"photoswipe-gallery-caption\" style=\" \"><\/figcaption>\n\n\t\t\t\t\t\t<\/figure>\n\t\t\t\t\t\t\t\t\t\t<figure class=\"msnry_items\" itemscope itemtype=\"http:\/\/schema.org\/ImageObject\" style=\"width:380px;\">\n\t\t\t\t\t\t\t<a href=\"https:\/\/hotelcabernet.hu\/wp-content\/uploads\/2022\/01\/14.-Mokos-borkostolo-Villanykovesd-1800x1200.jpg\" itemprop=\"contentUrl\" data-size=\"1800x1200\" data-caption=\"\" style=\"height:246.82894736842px;\">\n\t\t\t\t\t\t\t\t<img decoding=\"async\" class=\"msnry_thumb\" src=\"https:\/\/hotelcabernet.hu\/wp-content\/uploads\/2022\/01\/14.-Mokos-borkostolo-Villanykovesd-760x507.jpg\" itemprop=\"thumbnail\" alt=\"K\u00e9t p\u00e1r bork\u00f3stol\u00f3n vesz r\u00e9szt egy pinc\u00e9ben\" \/>\n\t\t\t\t\t\t\t<\/a>\n\t\t\t\t\t\t\t\t\t\t\t\t\t\t<figcaption class=\"photoswipe-gallery-caption\" style=\" \"><\/figcaption>\n\n\t\t\t\t\t\t<\/figure>\n\t\t\t\t\t\t\t\t\t\t<figure class=\"msnry_items\" itemscope itemtype=\"http:\/\/schema.org\/ImageObject\" style=\"width:380px;\">\n\t\t\t\t\t\t\t<a href=\"https:\/\/hotelcabernet.hu\/wp-content\/uploads\/2022\/01\/13.-Fine_dining_Villany_Hotel_Cabernet-1800x1200.jpg\" itemprop=\"contentUrl\" data-size=\"1800x1200\" data-caption=\"\" style=\"height:246.82894736842px;\">\n\t\t\t\t\t\t\t\t<img decoding=\"async\" class=\"msnry_thumb\" src=\"https:\/\/hotelcabernet.hu\/wp-content\/uploads\/2022\/01\/13.-Fine_dining_Villany_Hotel_Cabernet-760x507.jpg\" itemprop=\"thumbnail\" alt=\"Felt\u00e1lalt fine dinening \u00e9tel a Hotel Cabernet pince\u00e9tterm\u00e9ben Vill\u00e1nyk\u00f6vesden\" \/>\n\t\t\t\t\t\t\t<\/a>\n\t\t\t\t\t\t\t\t\t\t\t\t\t\t<figcaption class=\"photoswipe-gallery-caption\" style=\" \"><\/figcaption>\n\n\t\t\t\t\t\t<\/figure>\n\t\t\t\t\t\t\t\t\t\t<figure class=\"msnry_items\" itemscope itemtype=\"http:\/\/schema.org\/ImageObject\" style=\"width:380px;\">\n\t\t\t\t\t\t\t<a href=\"https:\/\/hotelcabernet.hu\/wp-content\/uploads\/2022\/01\/12.-Vacsora-Villanyban-1800x1200.jpg\" itemprop=\"contentUrl\" data-size=\"1800x1200\" data-caption=\"\" style=\"height:246.82894736842px;\">\n\t\t\t\t\t\t\t\t<img decoding=\"async\" class=\"msnry_thumb\" src=\"https:\/\/hotelcabernet.hu\/wp-content\/uploads\/2022\/01\/12.-Vacsora-Villanyban-760x507.jpg\" itemprop=\"thumbnail\" alt=\"Kisebb t\u00e1rsas\u00e1g v\u00f6r\u00f6sborral koccint a vil\u00e1\u00e1nyk\u00f6vesdi Hotel Cabernet pince\u00e9tterm\u00e9ben az asztaln\u00e1l \u00fclve\" \/>\n\t\t\t\t\t\t\t<\/a>\n\t\t\t\t\t\t\t\t\t\t\t\t\t\t<figcaption class=\"photoswipe-gallery-caption\" style=\" \"><\/figcaption>\n\n\t\t\t\t\t\t<\/figure>\n\t\t\t\t\t\t\t\t\t\t<figure class=\"msnry_items\" itemscope itemtype=\"http:\/\/schema.org\/ImageObject\" style=\"width:380px;\">\n\t\t\t\t\t\t\t<a href=\"https:\/\/hotelcabernet.hu\/wp-content\/uploads\/2022\/01\/7.-Legjobb-szallas-Villanyban.jpg\" itemprop=\"contentUrl\" data-size=\"1780x1335\" data-caption=\"\" style=\"height:277.5px;\">\n\t\t\t\t\t\t\t\t<img decoding=\"async\" class=\"msnry_thumb\" src=\"https:\/\/hotelcabernet.hu\/wp-content\/uploads\/2022\/01\/7.-Legjobb-szallas-Villanyban-760x570.jpg\" itemprop=\"thumbnail\" alt=\"A Hotel Cabernet standard k\u00e9t\u00e1gyas szob\u00e1ja, a k\u00e9pen egy dupla \u00e1gy, t\u00e9v\u00e9, \u00edr\u00f3asztal, fotel\" \/>\n\t\t\t\t\t\t\t<\/a>\n\t\t\t\t\t\t\t\t\t\t\t\t\t\t<figcaption class=\"photoswipe-gallery-caption\" style=\" \"><\/figcaption>\n\n\t\t\t\t\t\t<\/figure>\n\t\t\t\t\t\t\t\t\t\t<figure class=\"msnry_items\" itemscope itemtype=\"http:\/\/schema.org\/ImageObject\" style=\"width:380px;\">\n\t\t\t\t\t\t\t<a href=\"https:\/\/hotelcabernet.hu\/wp-content\/uploads\/2022\/01\/6.-Burgerbar_Villany_Villanykovesd-e1708697117211.jpg\" itemprop=\"contentUrl\" data-size=\"1780x1189\" data-caption=\"\" style=\"height:247.31578947368px;\">\n\t\t\t\t\t\t\t\t<img decoding=\"async\" class=\"msnry_thumb\" src=\"https:\/\/hotelcabernet.hu\/wp-content\/uploads\/2022\/01\/6.-Burgerbar_Villany_Villanykovesd-e1708697117211-760x508.jpg\" itemprop=\"thumbnail\" alt=\"A vill\u00e1nyk\u00f6vesdi Hotel Cabernet S\u00e1rga H\u00e1z Borgerez\u0151je\" \/>\n\t\t\t\t\t\t\t<\/a>\n\t\t\t\t\t\t\t\t\t\t\t\t\t\t<figcaption class=\"photoswipe-gallery-caption\" style=\" \"><\/figcaption>\n\n\t\t\t\t\t\t<\/figure>\n\t\t\t\t\t\t\t\t\t\t<figure class=\"msnry_items\" itemscope itemtype=\"http:\/\/schema.org\/ImageObject\" style=\"width:380px;\">\n\t\t\t\t\t\t\t<a href=\"https:\/\/hotelcabernet.hu\/wp-content\/uploads\/2022\/01\/9.-Terasz_Hotel_Cabernet_Villany_kovesd-1800x1200.jpg\" itemprop=\"contentUrl\" data-size=\"1800x1200\" data-caption=\"\" style=\"height:246.82894736842px;\">\n\t\t\t\t\t\t\t\t<img decoding=\"async\" class=\"msnry_thumb\" src=\"https:\/\/hotelcabernet.hu\/wp-content\/uploads\/2022\/01\/9.-Terasz_Hotel_Cabernet_Villany_kovesd-760x507.jpg\" itemprop=\"thumbnail\" alt=\"K\u00e9t p\u00e1r a ny\u00e1ri naps\u00fct\u00e9sben \u00fcl a teraszon, bort \u00e9s limon\u00e1d\u00e9t iszogat\" \/>\n\t\t\t\t\t\t\t<\/a>\n\t\t\t\t\t\t\t\t\t\t\t\t\t\t<figcaption class=\"photoswipe-gallery-caption\" style=\" \"><\/figcaption>\n\n\t\t\t\t\t\t<\/figure>\n\t\t\t\t\t\t\t\t\t\t<figure class=\"msnry_items\" itemscope itemtype=\"http:\/\/schema.org\/ImageObject\" style=\"width:380px;\">\n\t\t\t\t\t\t\t<a href=\"https:\/\/hotelcabernet.hu\/wp-content\/uploads\/2022\/01\/11.-Legszebb_Pincesor_Villanyi_Borvidek-1800x1202.jpg\" itemprop=\"contentUrl\" data-size=\"1800x1202\" data-caption=\"\" style=\"height:246.82894736842px;\">\n\t\t\t\t\t\t\t\t<img decoding=\"async\" class=\"msnry_thumb\" src=\"https:\/\/hotelcabernet.hu\/wp-content\/uploads\/2022\/01\/11.-Legszebb_Pincesor_Villanyi_Borvidek-760x507.jpg\" itemprop=\"thumbnail\" alt=\"A vill\u00e1nyk\u00f6vesdi pincesor egy naps\u00fct\u00e9ses napon musk\u00e1tlikkal bor\u00edtva\" \/>\n\t\t\t\t\t\t\t<\/a>\n\t\t\t\t\t\t\t\t\t\t\t\t\t\t<figcaption class=\"photoswipe-gallery-caption\" style=\" \"><\/figcaption>\n\n\t\t\t\t\t\t<\/figure>\n\t\t\t\t\t\t\t\t\t\t<figure class=\"msnry_items\" itemscope itemtype=\"http:\/\/schema.org\/ImageObject\" style=\"width:380px;\">\n\t\t\t\t\t\t\t<a href=\"https:\/\/hotelcabernet.hu\/wp-content\/uploads\/2022\/01\/25.-Pincesor-Villanykovesd-1800x1202.jpg\" itemprop=\"contentUrl\" data-size=\"1800x1202\" data-caption=\"\" style=\"height:246.82894736842px;\">\n\t\t\t\t\t\t\t\t<img decoding=\"async\" class=\"msnry_thumb\" src=\"https:\/\/hotelcabernet.hu\/wp-content\/uploads\/2022\/01\/25.-Pincesor-Villanykovesd-760x507.jpg\" itemprop=\"thumbnail\" alt=\"Kisebb t\u00e1rsas\u00e1g a vill\u00e1nyk\u00f6vesdi pincesoron besz\u00e9lget \u00e9s borozgat az asztaln\u00e1l \u00fclve\" \/>\n\t\t\t\t\t\t\t<\/a>\n\t\t\t\t\t\t\t\t\t\t\t\t\t\t<figcaption class=\"photoswipe-gallery-caption\" style=\" \"><\/figcaption>\n\n\t\t\t\t\t\t<\/figure>\n\t\t\t\t\t\t\t<\/div>\n\t\t<\/div>\n\t\t<div style='clear:both'><\/div>\n\n<p>Our guests participating in a company event can eat at our cosy <a href=\"https:\/\/hotelcabernet.hu\/en\/wine-restaurant-villany-wine-region-hungary\/\"><strong>Cellar Restaurant<\/strong><\/a>, with a capacity of 80-100 people. The Cellar Restaurant awaits participants with Hungarian dishes evoking local flavours, and with a wine safe belonging to the restaurant. Within the framework of a wine tasting dinner our guests have the opportunity to get to know the red wines of Vill\u00e1ny produced in the vineyards and the winery of the Mokos family, the managers of the hotel from Vill\u00e1nyk\u00f6vesd.<\/p>\n<p>Comfortable accommodation of guests is provided by the 25 nicely arranged <strong><a href=\"https:\/\/hotelcabernet.hu\/en\/hotel-cabernet\/rooms-villany-wineregion\/\">rooms<\/a><\/strong> of Hotel Cabernet. Each room is equipped with a separate bathroom (with a shower or a bathtub), wifi connwction and air conditioning.<\/p>\n<p>In the very vicinity of the hotel there is a good opportunity to organise outdoor programmes and to relax, as well.<\/p>\n<p><a href=\"https:\/\/hotelcabernet.hu\/en\/program\/wine-tasting-mokos-winery\/\">Wine tasting <\/a>of the wines of the Mokos family winery, <a href=\"https:\/\/hotelcabernet.hu\/en\/program\/wine-dinner-at-mokos-winery\/\">wine dinners<\/a>, <a href=\"https:\/\/hotelcabernet.hu\/en\/program\/horse-carriage-ride-villany-hungary\/\">horse carriage rides<\/a> (with palinka tasting), visiting other famous wineries nearby (<a href=\"https:\/\/hotelcabernet.hu\/en\/program\/cellar-visiting-tour-in-villanykoevesd\/\">cellar-visiting tour in Vill\u00e1nyk\u00f6vesd<\/a>), <a href=\"https:\/\/hotelcabernet.hu\/en\/villany-wine-region-programmes\/nature\/\">excursions<\/a>, other programmes in the forest, <a href=\"https:\/\/hotelcabernet.hu\/en\/program\/boat-trip-on-the-drava\/\">boat trip on the River Drave<\/a>, or <a href=\"https:\/\/hotelcabernet.hu\/en\/villany-wine-region-programmes\/sightseeing\/\">visiting the monuments<\/a> a couple of kilometres away (Sculpture Park of Vill\u00e1ny, Sikl\u00f3s Castle, Hark\u00e1ny, the fisheries of Palkonya) can also contribute to the success of the event.[\/vc_column_text][\/vc_column][\/vc_row]<\/p>\n<\/div>","protected":false},"excerpt":{"rendered":"<p>[vc_row][vc_column][vc_column_text]Whether it is a conference, team-building, experience training, workers\u2019 or clients\u2019 party, partner meeting, business lunch, anniversary or end-of-the-year festival, Hotel Cabernet in Vill\u00e1nyk\u00f6vesd is a perfect place for smaller [&hellip;]<\/p>\n","protected":false},"author":2,"featured_media":0,"parent":0,"menu_order":0,"comment_status":"closed","ping_status":"closed","template":"page-templates\/page-trening-helyszin.php","meta":{"_acf_changed":false,"footnotes":""},"class_list":["post-3091","page","type-page","status-publish","hentry"],"acf":[],"yoast_head":"<!-- This site is optimized with the Yoast SEO plugin v27.4 - https:\/\/yoast.com\/product\/yoast-seo-wordpress\/ -->\n<title>Training place - Hotel Cabernet<\/title>\n<meta name=\"robots\" content=\"index, follow, max-snippet:-1, max-image-preview:large, max-video-preview:-1\" \/>\n<link rel=\"canonical\" href=\"https:\/\/hotelcabernet.hu\/en\/villany-hotel-cabernet\/training-place-villany-wineregion\/\" \/>\n<meta property=\"og:locale\" content=\"en_US\" \/>\n<meta property=\"og:type\" content=\"article\" \/>\n<meta property=\"og:title\" content=\"Training place - Hotel Cabernet\" \/>\n<meta property=\"og:description\" content=\"[vc_row][vc_column][vc_column_text]Whether it is a conference, team-building, experience training, workers\u2019 or clients\u2019 party, partner meeting, business lunch, anniversary or end-of-the-year festival, Hotel Cabernet in Vill\u00e1nyk\u00f6vesd is a perfect place for smaller [&hellip;]\" \/>\n<meta property=\"og:url\" content=\"https:\/\/hotelcabernet.hu\/en\/villany-hotel-cabernet\/training-place-villany-wineregion\/\" \/>\n<meta property=\"og:site_name\" content=\"Hotel Cabernet\" \/>\n<meta property=\"article:publisher\" content=\"https:\/\/www.facebook.com\/HotelCabernet\/\" \/>\n<meta property=\"article:modified_time\" content=\"2022-02-09T01:26:07+00:00\" \/>\n<meta name=\"twitter:card\" content=\"summary_large_image\" \/>\n<meta name=\"twitter:label1\" content=\"Est. reading time\" \/>\n\t<meta name=\"twitter:data1\" content=\"2 minutes\" \/>\n<script type=\"application\/ld+json\" class=\"yoast-schema-graph\">{\"@context\":\"https:\\\/\\\/schema.org\",\"@graph\":[{\"@type\":\"WebPage\",\"@id\":\"https:\\\/\\\/hotelcabernet.hu\\\/en\\\/villany-hotel-cabernet\\\/training-place-villany-wineregion\\\/\",\"url\":\"https:\\\/\\\/hotelcabernet.hu\\\/en\\\/villany-hotel-cabernet\\\/training-place-villany-wineregion\\\/\",\"name\":\"Training place - Hotel Cabernet\",\"isPartOf\":{\"@id\":\"https:\\\/\\\/hotelcabernet.hu\\\/#website\"},\"datePublished\":\"2016-09-10T05:34:31+00:00\",\"dateModified\":\"2022-02-09T01:26:07+00:00\",\"breadcrumb\":{\"@id\":\"https:\\\/\\\/hotelcabernet.hu\\\/en\\\/villany-hotel-cabernet\\\/training-place-villany-wineregion\\\/#breadcrumb\"},\"inLanguage\":\"en-US\",\"potentialAction\":[{\"@type\":\"ReadAction\",\"target\":[\"https:\\\/\\\/hotelcabernet.hu\\\/en\\\/villany-hotel-cabernet\\\/training-place-villany-wineregion\\\/\"]}]},{\"@type\":\"BreadcrumbList\",\"@id\":\"https:\\\/\\\/hotelcabernet.hu\\\/en\\\/villany-hotel-cabernet\\\/training-place-villany-wineregion\\\/#breadcrumb\",\"itemListElement\":[{\"@type\":\"ListItem\",\"position\":1,\"name\":\"Home\",\"item\":\"https:\\\/\\\/hotelcabernet.hu\\\/en\\\/\"},{\"@type\":\"ListItem\",\"position\":2,\"name\":\"Hotel\",\"item\":\"https:\\\/\\\/hotelcabernet.hu\\\/en\\\/villany-hotel-cabernet\\\/\"},{\"@type\":\"ListItem\",\"position\":3,\"name\":\"Training place\"}]},{\"@type\":\"WebSite\",\"@id\":\"https:\\\/\\\/hotelcabernet.hu\\\/#website\",\"url\":\"https:\\\/\\\/hotelcabernet.hu\\\/\",\"name\":\"Hotel Cabernet\",\"description\":\"a Mokos Pinc\u00e9szet Borhotele\",\"potentialAction\":[{\"@type\":\"SearchAction\",\"target\":{\"@type\":\"EntryPoint\",\"urlTemplate\":\"https:\\\/\\\/hotelcabernet.hu\\\/?s={search_term_string}\"},\"query-input\":{\"@type\":\"PropertyValueSpecification\",\"valueRequired\":true,\"valueName\":\"search_term_string\"}}],\"inLanguage\":\"en-US\"}]}<\/script>\n<!-- \/ Yoast SEO plugin. -->","yoast_head_json":{"title":"Training place - Hotel Cabernet","robots":{"index":"index","follow":"follow","max-snippet":"max-snippet:-1","max-image-preview":"max-image-preview:large","max-video-preview":"max-video-preview:-1"},"canonical":"https:\/\/hotelcabernet.hu\/en\/villany-hotel-cabernet\/training-place-villany-wineregion\/","og_locale":"en_US","og_type":"article","og_title":"Training place - Hotel Cabernet","og_description":"[vc_row][vc_column][vc_column_text]Whether it is a conference, team-building, experience training, workers\u2019 or clients\u2019 party, partner meeting, business lunch, anniversary or end-of-the-year festival, Hotel Cabernet in Vill\u00e1nyk\u00f6vesd is a perfect place for smaller [&hellip;]","og_url":"https:\/\/hotelcabernet.hu\/en\/villany-hotel-cabernet\/training-place-villany-wineregion\/","og_site_name":"Hotel Cabernet","article_publisher":"https:\/\/www.facebook.com\/HotelCabernet\/","article_modified_time":"2022-02-09T01:26:07+00:00","twitter_card":"summary_large_image","twitter_misc":{"Est. reading time":"2 minutes"},"schema":{"@context":"https:\/\/schema.org","@graph":[{"@type":"WebPage","@id":"https:\/\/hotelcabernet.hu\/en\/villany-hotel-cabernet\/training-place-villany-wineregion\/","url":"https:\/\/hotelcabernet.hu\/en\/villany-hotel-cabernet\/training-place-villany-wineregion\/","name":"Training place - Hotel Cabernet","isPartOf":{"@id":"https:\/\/hotelcabernet.hu\/#website"},"datePublished":"2016-09-10T05:34:31+00:00","dateModified":"2022-02-09T01:26:07+00:00","breadcrumb":{"@id":"https:\/\/hotelcabernet.hu\/en\/villany-hotel-cabernet\/training-place-villany-wineregion\/#breadcrumb"},"inLanguage":"en-US","potentialAction":[{"@type":"ReadAction","target":["https:\/\/hotelcabernet.hu\/en\/villany-hotel-cabernet\/training-place-villany-wineregion\/"]}]},{"@type":"BreadcrumbList","@id":"https:\/\/hotelcabernet.hu\/en\/villany-hotel-cabernet\/training-place-villany-wineregion\/#breadcrumb","itemListElement":[{"@type":"ListItem","position":1,"name":"Home","item":"https:\/\/hotelcabernet.hu\/en\/"},{"@type":"ListItem","position":2,"name":"Hotel","item":"https:\/\/hotelcabernet.hu\/en\/villany-hotel-cabernet\/"},{"@type":"ListItem","position":3,"name":"Training place"}]},{"@type":"WebSite","@id":"https:\/\/hotelcabernet.hu\/#website","url":"https:\/\/hotelcabernet.hu\/","name":"Hotel Cabernet","description":"a Mokos Pinc\u00e9szet Borhotele","potentialAction":[{"@type":"SearchAction","target":{"@type":"EntryPoint","urlTemplate":"https:\/\/hotelcabernet.hu\/?s={search_term_string}"},"query-input":{"@type":"PropertyValueSpecification","valueRequired":true,"valueName":"search_term_string"}}],"inLanguage":"en-US"}]}},"_links":{"self":[{"href":"https:\/\/hotelcabernet.hu\/en\/wp-json\/wp\/v2\/pages\/3091","targetHints":{"allow":["GET"]}}],"collection":[{"href":"https:\/\/hotelcabernet.hu\/en\/wp-json\/wp\/v2\/pages"}],"about":[{"href":"https:\/\/hotelcabernet.hu\/en\/wp-json\/wp\/v2\/types\/page"}],"author":[{"embeddable":true,"href":"https:\/\/hotelcabernet.hu\/en\/wp-json\/wp\/v2\/users\/2"}],"replies":[{"embeddable":true,"href":"https:\/\/hotelcabernet.hu\/en\/wp-json\/wp\/v2\/comments?post=3091"}],"version-history":[{"count":7,"href":"https:\/\/hotelcabernet.hu\/en\/wp-json\/wp\/v2\/pages\/3091\/revisions"}],"predecessor-version":[{"id":3094,"href":"https:\/\/hotelcabernet.hu\/en\/wp-json\/wp\/v2\/pages\/3091\/revisions\/3094"}],"wp:attachment":[{"href":"https:\/\/hotelcabernet.hu\/en\/wp-json\/wp\/v2\/media?parent=3091"}],"curies":[{"name":"wp","href":"https:\/\/api.w.org\/{rel}","templated":true}]}}