{"id":3709,"date":"2016-10-16T21:45:35","date_gmt":"2016-10-16T20:45:35","guid":{"rendered":"https:\/\/hotelcabernet.hu\/en\/?page_id=3709"},"modified":"2016-10-27T22:12:17","modified_gmt":"2016-10-27T21:12:17","slug":"villanykovesd","status":"publish","type":"page","link":"https:\/\/hotelcabernet.hu\/en\/villanykovesd\/","title":{"rendered":"Vill\u00e1nyk\u00f6vesd"},"content":{"rendered":"<div class=\"wpb-content-wrapper\"><p>[vc_row][vc_column][vc_column_text]Vill\u00e1nyk\u00f6vesd is situated in the south of Baranya county, at the foot of the Vill\u00e1ny Mountains emerging out of the plain of the Drave banks, 13 kms from Sikl\u00f3s, and 30 kms from P\u00e9cs. The settlement is a real jewel of the Vill\u00e1ny-Sikl\u00f3s wine route.<\/p>\n<h3><strong>monuments of vill\u00e1nyk\u00f6vesd<\/strong><\/h3>\n<h4><\/h4>\n<p>[\/vc_column_text][\/vc_column][\/vc_row][vc_row][vc_column width=&#8221;2\/3&#8243;][vc_column_text]<\/p>\n<h4><strong>3-level cellar row<\/strong><\/h4>\n<p>The fact that the traveller is in a wine region with a long tradition is revealed by the <a href=\"https:\/\/hotelcabernet.hu\/en\/program\/cellar-row-of-villanykoevesd\/\">Monument Cellar-row<\/a> consisting of 57 closely attached cellars located on two or three street levels on the hillside. The ensemble under monument protection is an architectural curiosity and a special photographic theme. From here a 2-hectare park can be seen below where a playground for the joy of children is located. For the <a href=\"https:\/\/hotelcabernet.hu\/en\/program\/cellar-row-of-villanykoevesd\/\">opening hours of the cellars<\/a> of Vill\u00e1nyk\u00f6vesd click here.t!<\/p>\n<p style=\"text-align: justify;\">The Roman Catholic church was built in late barroque style in 1780, with a tribute to Virgin Mary.<\/p>\n<h4><\/h4>\n<p>[\/vc_column_text][\/vc_column][vc_column width=&#8221;1\/3&#8243;][vc_single_image image=&#8221;612&#8243;][\/vc_column][\/vc_row][vc_row][vc_column width=&#8221;1\/3&#8243;][vc_single_image image=&#8221;1233&#8243;][\/vc_column][vc_column width=&#8221;2\/3&#8243;][vc_column_text]<\/p>\n<h4><strong>wine cathedral and wine song festival<\/strong><\/h4>\n<p>Another excellent sight of the region is the <a href=\"https:\/\/hotelcabernet.hu\/en\/program\/batthyany-cellar-winecathedral-of-villanykoevesd\/\">Batthy\u00e1ny cellar<\/a>, or \u2033wine cathedral\u2033, named after the former laird, which is today in the possession of the cooperative farms of Vill\u00e1ny. The fascinating sight of the barroque cellar culture does evoke a real cathedral. Its wooden barrels can contain 4000 hectolitres of wine. In the second half of September the opening ceremony of the International Wine Song Festival of P\u00e9cs, which is becoming more and more popular worldwide, has been celebrated for years. For its <a href=\"https:\/\/hotelcabernet.hu\/en\/program\/batthyany-cellar-winecathedral-of-villanykoevesd\/\">visiting options<\/a> click here.<\/p>\n<p>&nbsp;<\/p>\n<h4><\/h4>\n<p>[\/vc_column_text][\/vc_column][\/vc_row][vc_row][vc_column width=&#8221;2\/3&#8243;][vc_column_text]<\/p>\n<h4><strong>History of vill\u00e1nyk\u00f6vesd<\/strong><\/h4>\n<p>In written sources from 1290 it is named as Kuestd, then, after 2 centuries, in a document dating from 1436 it has the name Kwesd.<br \/>\nIn the \u00c1rp\u00e1d-era the village was inhabited by Hungarians, its main holders were the Sikl\u00f3ssy family. In the Turkish times Serbs settled down in the more and more depopulated village, their lords were the Zr\u00ednyis.<\/p>\n<p>In the 1750s numerous German families moved into the village. The Germans brought a high-quality wine-growing culture into the region. The village became one of the most significant wine-growing areas of the lordship of B\u00f3ly.<\/p>\n<p>The settlements and deportations following World War II concerned the village, as well, Hungarians arrived from the environs of Debrecen and Felvid\u00e9k. In spite of this, the population that remained here has preserved the way of life and culture of the Swabians to this day.[\/vc_column_text][\/vc_column][vc_column width=&#8221;1\/3&#8243;][vc_single_image image=&#8221;1237&#8243;][vc_single_image image=&#8221;1769&#8243;][\/vc_column][\/vc_row]<\/p>\n<\/div>","protected":false},"excerpt":{"rendered":"<p>[vc_row][vc_column][vc_column_text]Vill\u00e1nyk\u00f6vesd is situated in the south of Baranya county, at the foot of the Vill\u00e1ny Mountains emerging out of the plain of the Drave banks, 13 kms from Sikl\u00f3s, and [&hellip;]<\/p>\n","protected":false},"author":2,"featured_media":0,"parent":0,"menu_order":0,"comment_status":"closed","ping_status":"closed","template":"","meta":{"_acf_changed":false,"footnotes":""},"class_list":["post-3709","page","type-page","status-publish","hentry"],"acf":[],"yoast_head":"<!-- This site is optimized with the Yoast SEO plugin v27.4 - https:\/\/yoast.com\/product\/yoast-seo-wordpress\/ -->\n<title>Vill\u00e1nyk\u00f6vesd - Hotel Cabernet<\/title>\n<meta name=\"robots\" content=\"index, follow, max-snippet:-1, max-image-preview:large, max-video-preview:-1\" \/>\n<link rel=\"canonical\" href=\"https:\/\/hotelcabernet.hu\/en\/villany-hotel-cabernet\/villanykovesd\/\" \/>\n<meta property=\"og:locale\" content=\"en_US\" \/>\n<meta property=\"og:type\" content=\"article\" \/>\n<meta property=\"og:title\" content=\"Vill\u00e1nyk\u00f6vesd - Hotel Cabernet\" \/>\n<meta property=\"og:description\" content=\"[vc_row][vc_column][vc_column_text]Vill\u00e1nyk\u00f6vesd is situated in the south of Baranya county, at the foot of the Vill\u00e1ny Mountains emerging out of the plain of the Drave banks, 13 kms from Sikl\u00f3s, and [&hellip;]\" \/>\n<meta property=\"og:url\" content=\"https:\/\/hotelcabernet.hu\/en\/villany-hotel-cabernet\/villanykovesd\/\" \/>\n<meta property=\"og:site_name\" content=\"Hotel Cabernet\" \/>\n<meta property=\"article:publisher\" content=\"https:\/\/www.facebook.com\/HotelCabernet\/\" \/>\n<meta property=\"article:modified_time\" content=\"2016-10-27T21:12:17+00:00\" \/>\n<meta name=\"twitter:card\" content=\"summary_large_image\" \/>\n<script type=\"application\/ld+json\" class=\"yoast-schema-graph\">{\"@context\":\"https:\\\/\\\/schema.org\",\"@graph\":[{\"@type\":\"WebPage\",\"@id\":\"https:\\\/\\\/hotelcabernet.hu\\\/en\\\/villany-hotel-cabernet\\\/villanykovesd\\\/\",\"url\":\"https:\\\/\\\/hotelcabernet.hu\\\/en\\\/villany-hotel-cabernet\\\/villanykovesd\\\/\",\"name\":\"Vill\u00e1nyk\u00f6vesd - Hotel Cabernet\",\"isPartOf\":{\"@id\":\"https:\\\/\\\/hotelcabernet.hu\\\/#website\"},\"datePublished\":\"2016-10-16T20:45:35+00:00\",\"dateModified\":\"2016-10-27T21:12:17+00:00\",\"breadcrumb\":{\"@id\":\"https:\\\/\\\/hotelcabernet.hu\\\/en\\\/villany-hotel-cabernet\\\/villanykovesd\\\/#breadcrumb\"},\"inLanguage\":\"en-US\",\"potentialAction\":[{\"@type\":\"ReadAction\",\"target\":[\"https:\\\/\\\/hotelcabernet.hu\\\/en\\\/villany-hotel-cabernet\\\/villanykovesd\\\/\"]}]},{\"@type\":\"BreadcrumbList\",\"@id\":\"https:\\\/\\\/hotelcabernet.hu\\\/en\\\/villany-hotel-cabernet\\\/villanykovesd\\\/#breadcrumb\",\"itemListElement\":[{\"@type\":\"ListItem\",\"position\":1,\"name\":\"Home\",\"item\":\"https:\\\/\\\/hotelcabernet.hu\\\/en\\\/\"},{\"@type\":\"ListItem\",\"position\":2,\"name\":\"Hotel\",\"item\":\"https:\\\/\\\/hotelcabernet.hu\\\/en\\\/villany-hotel-cabernet\\\/\"},{\"@type\":\"ListItem\",\"position\":3,\"name\":\"Vill\u00e1nyk\u00f6vesd\"}]},{\"@type\":\"WebSite\",\"@id\":\"https:\\\/\\\/hotelcabernet.hu\\\/#website\",\"url\":\"https:\\\/\\\/hotelcabernet.hu\\\/\",\"name\":\"Hotel Cabernet\",\"description\":\"a Mokos Pinc\u00e9szet Borhotele\",\"potentialAction\":[{\"@type\":\"SearchAction\",\"target\":{\"@type\":\"EntryPoint\",\"urlTemplate\":\"https:\\\/\\\/hotelcabernet.hu\\\/?s={search_term_string}\"},\"query-input\":{\"@type\":\"PropertyValueSpecification\",\"valueRequired\":true,\"valueName\":\"search_term_string\"}}],\"inLanguage\":\"en-US\"}]}<\/script>\n<!-- \/ Yoast SEO plugin. -->","yoast_head_json":{"title":"Vill\u00e1nyk\u00f6vesd - Hotel Cabernet","robots":{"index":"index","follow":"follow","max-snippet":"max-snippet:-1","max-image-preview":"max-image-preview:large","max-video-preview":"max-video-preview:-1"},"canonical":"https:\/\/hotelcabernet.hu\/en\/villany-hotel-cabernet\/villanykovesd\/","og_locale":"en_US","og_type":"article","og_title":"Vill\u00e1nyk\u00f6vesd - Hotel Cabernet","og_description":"[vc_row][vc_column][vc_column_text]Vill\u00e1nyk\u00f6vesd is situated in the south of Baranya county, at the foot of the Vill\u00e1ny Mountains emerging out of the plain of the Drave banks, 13 kms from Sikl\u00f3s, and [&hellip;]","og_url":"https:\/\/hotelcabernet.hu\/en\/villany-hotel-cabernet\/villanykovesd\/","og_site_name":"Hotel Cabernet","article_publisher":"https:\/\/www.facebook.com\/HotelCabernet\/","article_modified_time":"2016-10-27T21:12:17+00:00","twitter_card":"summary_large_image","schema":{"@context":"https:\/\/schema.org","@graph":[{"@type":"WebPage","@id":"https:\/\/hotelcabernet.hu\/en\/villany-hotel-cabernet\/villanykovesd\/","url":"https:\/\/hotelcabernet.hu\/en\/villany-hotel-cabernet\/villanykovesd\/","name":"Vill\u00e1nyk\u00f6vesd - Hotel Cabernet","isPartOf":{"@id":"https:\/\/hotelcabernet.hu\/#website"},"datePublished":"2016-10-16T20:45:35+00:00","dateModified":"2016-10-27T21:12:17+00:00","breadcrumb":{"@id":"https:\/\/hotelcabernet.hu\/en\/villany-hotel-cabernet\/villanykovesd\/#breadcrumb"},"inLanguage":"en-US","potentialAction":[{"@type":"ReadAction","target":["https:\/\/hotelcabernet.hu\/en\/villany-hotel-cabernet\/villanykovesd\/"]}]},{"@type":"BreadcrumbList","@id":"https:\/\/hotelcabernet.hu\/en\/villany-hotel-cabernet\/villanykovesd\/#breadcrumb","itemListElement":[{"@type":"ListItem","position":1,"name":"Home","item":"https:\/\/hotelcabernet.hu\/en\/"},{"@type":"ListItem","position":2,"name":"Hotel","item":"https:\/\/hotelcabernet.hu\/en\/villany-hotel-cabernet\/"},{"@type":"ListItem","position":3,"name":"Vill\u00e1nyk\u00f6vesd"}]},{"@type":"WebSite","@id":"https:\/\/hotelcabernet.hu\/#website","url":"https:\/\/hotelcabernet.hu\/","name":"Hotel Cabernet","description":"a Mokos Pinc\u00e9szet Borhotele","potentialAction":[{"@type":"SearchAction","target":{"@type":"EntryPoint","urlTemplate":"https:\/\/hotelcabernet.hu\/?s={search_term_string}"},"query-input":{"@type":"PropertyValueSpecification","valueRequired":true,"valueName":"search_term_string"}}],"inLanguage":"en-US"}]}},"_links":{"self":[{"href":"https:\/\/hotelcabernet.hu\/en\/wp-json\/wp\/v2\/pages\/3709","targetHints":{"allow":["GET"]}}],"collection":[{"href":"https:\/\/hotelcabernet.hu\/en\/wp-json\/wp\/v2\/pages"}],"about":[{"href":"https:\/\/hotelcabernet.hu\/en\/wp-json\/wp\/v2\/types\/page"}],"author":[{"embeddable":true,"href":"https:\/\/hotelcabernet.hu\/en\/wp-json\/wp\/v2\/users\/2"}],"replies":[{"embeddable":true,"href":"https:\/\/hotelcabernet.hu\/en\/wp-json\/wp\/v2\/comments?post=3709"}],"version-history":[{"count":5,"href":"https:\/\/hotelcabernet.hu\/en\/wp-json\/wp\/v2\/pages\/3709\/revisions"}],"predecessor-version":[{"id":3716,"href":"https:\/\/hotelcabernet.hu\/en\/wp-json\/wp\/v2\/pages\/3709\/revisions\/3716"}],"wp:attachment":[{"href":"https:\/\/hotelcabernet.hu\/en\/wp-json\/wp\/v2\/media?parent=3709"}],"curies":[{"name":"wp","href":"https:\/\/api.w.org\/{rel}","templated":true}]}}